{"id":9367,"date":"2025-10-07T13:39:15","date_gmt":"2025-10-07T11:39:15","guid":{"rendered":"https:\/\/bpont.hu\/shop\/index.php\/product\/mikro-dom-kamera-belteri-2mp-hdr-137\/"},"modified":"2026-03-11T16:40:47","modified_gmt":"2026-03-11T14:40:47","slug":"mikro-dom-kamera-belteri-2mp-hdr-137","status":"publish","type":"product","link":"https:\/\/bpont.hu\/shop\/index.php\/product\/mikro-dom-kamera-belteri-2mp-hdr-137\/","title":{"rendered":"NUV-3702-F02<br>Mikr\u00f3 d\u00f3m-kamera belt\u00e9ri 2MP HDR 137\u00b0"},"content":{"rendered":"<p>NUV-3702-F02<\/p>\n<p>&#8211; Kompakt kialak\u00edt\u00e1s diszkr\u00e9t belt\u00e9ri haszn\u00e1latra, gyors \u00e9s egyszer\u0171 telep\u00edt\u00e9ssel \u00e9s be\u00e1ll\u00edt\u00e1ssal<br \/>\n&#8211; Ak\u00e1r 5 MP felbont\u00e1s<br \/>\n&#8211; Az IVA Pro Buildings megb\u00edzhat\u00f3, m\u00e9lytanul\u00e1son alapul\u00f3 szem\u00e9lyek \u00e9s j\u00e1rm\u0171vek \u00e9szlel\u00e9s\u00e9t teszi lehet\u0151v\u00e9<br \/>\n&#8211; Nagy dinamikatartom\u00e1ny\u00fa (HDR) technol\u00f3gia a jelenet vil\u00e1gos \u00e9s s\u00f6t\u00e9t ter\u00fcletein egyar\u00e1nt minden r\u00e9szlet megtekint\u00e9s\u00e9hez<br \/>\n&#8211; Be\u00e9p\u00edtett Secure Element Trusted Platform <\/p>\n<p>A TMP modullal a legmagasabb szint\u0171 biztons\u00e1g biztos\u00edt\u00e1sa \u00e9rdek\u00e9ben az eszk\u00f6z\u00f6kh\u00f6z val\u00f3 hozz\u00e1f\u00e9r\u00e9s \u00e9s az adat\u00e1tvitel sor\u00e1n A FLEXIDOME micro 3100i belt\u00e9ri kamer\u00e1k diszkr\u00e9t \u00e9s kompakt kialak\u00edt\u00e1s\u00faak, kiv\u00e1l\u00f3 min\u0151s\u00e9g\u0171 k\u00e9palkot\u00e1st k\u00edn\u00e1lva a 24\/7-es megfigyel\u00e9shez. Tartalmazz\u00e1k az IVA Pro Buildings m\u00e9lytanul\u00e1son alapul\u00f3 videoanalitik\u00e1t az \u00e9p\u00fcleteken bel\u00fcli \u00e9s azok k\u00f6r\u00fcli megb\u00edzhat\u00f3 \u00e9szlel\u00e9shez, valamint a be\u00e9p\u00edtett Secure Elementet a legmagasabb szint\u0171 adatbiztons\u00e1g \u00e9rdek\u00e9ben. Az eszk\u00f6z\u00f6k 2 \u00e9s 5 MP felbont\u00e1sban kaphat\u00f3k, h\u00e1rom objekt\u00edvopci\u00f3val, a teleobjekt\u00edvt\u0151l a nagy l\u00e1t\u00f3sz\u00f6g\u0171ig. Az egyedi sarok- \u00e9s plenumbesorol\u00e1s\u00fa mennyezeti tart\u00f3k lehet\u0151v\u00e9 teszik a diszkr\u00e9t felszerel\u00e9st. Ezenk\u00edv\u00fcl a kamer\u00e1k kompatibilisek a Bosch modul\u00e1ris tart\u00f3ival.<\/p>\n","protected":false},"excerpt":{"rendered":"<p>Rendel\u00e9si k\u00f3d: F.01U.408.377<\/p>\n","protected":false},"featured_media":9366,"template":"","meta":[],"product_brand":[],"product_cat":[345],"product_tag":[25],"class_list":{"0":"post-9367","1":"product","2":"type-product","3":"status-publish","4":"has-post-thumbnail","6":"product_cat-dom-kamerak","7":"product_tag-bosch","9":"first","10":"instock","11":"taxable","12":"shipping-taxable","13":"purchasable","14":"product-type-simple"},"jetpack_sharing_enabled":true,"_links":{"self":[{"href":"https:\/\/bpont.hu\/shop\/index.php\/wp-json\/wp\/v2\/product\/9367","targetHints":{"allow":["GET"]}}],"collection":[{"href":"https:\/\/bpont.hu\/shop\/index.php\/wp-json\/wp\/v2\/product"}],"about":[{"href":"https:\/\/bpont.hu\/shop\/index.php\/wp-json\/wp\/v2\/types\/product"}],"version-history":[{"count":1,"href":"https:\/\/bpont.hu\/shop\/index.php\/wp-json\/wp\/v2\/product\/9367\/revisions"}],"predecessor-version":[{"id":9420,"href":"https:\/\/bpont.hu\/shop\/index.php\/wp-json\/wp\/v2\/product\/9367\/revisions\/9420"}],"wp:featuredmedia":[{"embeddable":true,"href":"https:\/\/bpont.hu\/shop\/index.php\/wp-json\/wp\/v2\/media\/9366"}],"wp:attachment":[{"href":"https:\/\/bpont.hu\/shop\/index.php\/wp-json\/wp\/v2\/media?parent=9367"}],"wp:term":[{"taxonomy":"product_brand","embeddable":true,"href":"https:\/\/bpont.hu\/shop\/index.php\/wp-json\/wp\/v2\/product_brand?post=9367"},{"taxonomy":"product_cat","embeddable":true,"href":"https:\/\/bpont.hu\/shop\/index.php\/wp-json\/wp\/v2\/product_cat?post=9367"},{"taxonomy":"product_tag","embeddable":true,"href":"https:\/\/bpont.hu\/shop\/index.php\/wp-json\/wp\/v2\/product_tag?post=9367"}],"curies":[{"name":"wp","href":"https:\/\/api.w.org\/{rel}","templated":true}]}}