{"id":928,"date":"2025-06-27T11:11:53","date_gmt":"2025-06-27T10:11:53","guid":{"rendered":"https:\/\/bpont.shop.hu\/?post_type=product&#038;p=928"},"modified":"2026-05-05T14:45:58","modified_gmt":"2026-05-05T12:45:58","slug":"isn-cmet-200ar-femhazas-felulet-szerelt-nyitaserzekelo","status":"publish","type":"product","link":"https:\/\/bpont.hu\/shop\/index.php\/product\/isn-cmet-200ar-femhazas-felulet-szerelt-nyitaserzekelo\/","title":{"rendered":"ISN-CMET-200AR<br>F\u00e9mh\u00e1zas fel\u00fclet szerelt nyit\u00e1s\u00e9rz\u00e9kel\u0151"},"content":{"rendered":"<p>ISN-CMET-200AR<\/p>\n","protected":false},"excerpt":{"rendered":"<p>Rendel\u00e9si k\u00f3d: F.01U.004.900<\/p>\n","protected":false},"featured_media":929,"template":"","meta":[],"product_brand":[],"product_cat":[335],"product_tag":[25],"class_list":{"0":"post-928","1":"product","2":"type-product","3":"status-publish","4":"has-post-thumbnail","6":"product_cat-nyitaserzekelok","7":"product_tag-bosch","9":"first","10":"instock","11":"taxable","12":"shipping-taxable","13":"purchasable","14":"product-type-simple"},"jetpack_sharing_enabled":true,"_links":{"self":[{"href":"https:\/\/bpont.hu\/shop\/index.php\/wp-json\/wp\/v2\/product\/928","targetHints":{"allow":["GET"]}}],"collection":[{"href":"https:\/\/bpont.hu\/shop\/index.php\/wp-json\/wp\/v2\/product"}],"about":[{"href":"https:\/\/bpont.hu\/shop\/index.php\/wp-json\/wp\/v2\/types\/product"}],"version-history":[{"count":5,"href":"https:\/\/bpont.hu\/shop\/index.php\/wp-json\/wp\/v2\/product\/928\/revisions"}],"predecessor-version":[{"id":7521,"href":"https:\/\/bpont.hu\/shop\/index.php\/wp-json\/wp\/v2\/product\/928\/revisions\/7521"}],"wp:featuredmedia":[{"embeddable":true,"href":"https:\/\/bpont.hu\/shop\/index.php\/wp-json\/wp\/v2\/media\/929"}],"wp:attachment":[{"href":"https:\/\/bpont.hu\/shop\/index.php\/wp-json\/wp\/v2\/media?parent=928"}],"wp:term":[{"taxonomy":"product_brand","embeddable":true,"href":"https:\/\/bpont.hu\/shop\/index.php\/wp-json\/wp\/v2\/product_brand?post=928"},{"taxonomy":"product_cat","embeddable":true,"href":"https:\/\/bpont.hu\/shop\/index.php\/wp-json\/wp\/v2\/product_cat?post=928"},{"taxonomy":"product_tag","embeddable":true,"href":"https:\/\/bpont.hu\/shop\/index.php\/wp-json\/wp\/v2\/product_tag?post=928"}],"curies":[{"name":"wp","href":"https:\/\/api.w.org\/{rel}","templated":true}]}}