{"id":9276,"date":"2025-09-25T08:01:17","date_gmt":"2025-09-25T07:01:17","guid":{"rendered":"https:\/\/bpont.hu\/shop\/index.php\/product\/dante-atjaro\/"},"modified":"2026-03-11T16:40:47","modified_gmt":"2026-03-11T14:40:47","slug":"dante-atjaro","status":"publish","type":"product","link":"https:\/\/bpont.hu\/shop\/index.php\/product\/dante-atjaro\/","title":{"rendered":"OMN-DANTEGTW<br>Dante \u00e1tj\u00e1r\u00f3"},"content":{"rendered":"<p>OMN-DANTEGTW<\/p>\n<p>&#8211; T\u00f6bb OMNEO eszk\u00f6zt egyes\u00edt egyetlen Dante\u2122 interf\u00e9szbe<br \/>\n&#8211; Kombin\u00e1lja az AES70 \u00e9s a standard Dante\u2122 \u00fatv\u00e1laszt\u00e1st<br \/>\n&#8211; T\u00e1mogatja az AES67 szabv\u00e1nyt<br \/>\n&#8211; Kombin\u00e1lja az RSTP redundanci\u00e1t a hib\u00e1tlan redundanci\u00e1val<br \/>\n&#8211; Konszolid\u00e1lja a h\u00e1l\u00f3zatok k\u00f6z\u00f6tti multicast forgalmat<\/p>\n<p>Az OMNEO professzion\u00e1lis szint\u0171 m\u00e9dia h\u00e1l\u00f3zati megold\u00e1st k\u00edn\u00e1l, amely a Dante\u2122-t haszn\u00e1lja az egyik lehets\u00e9ges m\u00e9dia\u00e1tviteli protokollk\u00e9nt, mik\u00f6zben tov\u00e1bbi funkci\u00f3kat, p\u00e9ld\u00e1ul titkos\u00edt\u00e1st is biztos\u00edt. Az OMN-DANTEGTW megk\u00f6nny\u00edti a rendszertervez\u0151k sz\u00e1m\u00e1ra, hogy kihaszn\u00e1lj\u00e1k ezeket az egyedi OMNEO funkci\u00f3kat, \u00e9s kezelj\u00e9k h\u00e1l\u00f3zati konfigur\u00e1ci\u00f3ikat tov\u00e1bbi multicast kezel\u00e9ssel \u00e9s RSTP h\u00e1l\u00f3zati topol\u00f3gi\u00e1kkal az OMNEO \u00e9s a standard Dante\u2122 h\u00e1l\u00f3zatok kombin\u00e1l\u00e1sakor.<\/p>\n","protected":false},"excerpt":{"rendered":"<p>Rendel\u00e9si k\u00f3d: F.01U.360.285<\/p>\n","protected":false},"featured_media":9275,"template":"","meta":[],"product_brand":[],"product_cat":[410],"product_tag":[25],"class_list":{"0":"post-9276","1":"product","2":"type-product","3":"status-publish","4":"has-post-thumbnail","6":"product_cat-praesensa","7":"product_tag-bosch","9":"first","10":"instock","11":"taxable","12":"shipping-taxable","13":"purchasable","14":"product-type-simple"},"jetpack_sharing_enabled":true,"_links":{"self":[{"href":"https:\/\/bpont.hu\/shop\/index.php\/wp-json\/wp\/v2\/product\/9276","targetHints":{"allow":["GET"]}}],"collection":[{"href":"https:\/\/bpont.hu\/shop\/index.php\/wp-json\/wp\/v2\/product"}],"about":[{"href":"https:\/\/bpont.hu\/shop\/index.php\/wp-json\/wp\/v2\/types\/product"}],"version-history":[{"count":1,"href":"https:\/\/bpont.hu\/shop\/index.php\/wp-json\/wp\/v2\/product\/9276\/revisions"}],"predecessor-version":[{"id":9350,"href":"https:\/\/bpont.hu\/shop\/index.php\/wp-json\/wp\/v2\/product\/9276\/revisions\/9350"}],"wp:featuredmedia":[{"embeddable":true,"href":"https:\/\/bpont.hu\/shop\/index.php\/wp-json\/wp\/v2\/media\/9275"}],"wp:attachment":[{"href":"https:\/\/bpont.hu\/shop\/index.php\/wp-json\/wp\/v2\/media?parent=9276"}],"wp:term":[{"taxonomy":"product_brand","embeddable":true,"href":"https:\/\/bpont.hu\/shop\/index.php\/wp-json\/wp\/v2\/product_brand?post=9276"},{"taxonomy":"product_cat","embeddable":true,"href":"https:\/\/bpont.hu\/shop\/index.php\/wp-json\/wp\/v2\/product_cat?post=9276"},{"taxonomy":"product_tag","embeddable":true,"href":"https:\/\/bpont.hu\/shop\/index.php\/wp-json\/wp\/v2\/product_tag?post=9276"}],"curies":[{"name":"wp","href":"https:\/\/api.w.org\/{rel}","templated":true}]}}