{"id":9272,"date":"2025-09-25T08:01:16","date_gmt":"2025-09-25T07:01:16","guid":{"rendered":"https:\/\/bpont.hu\/shop\/index.php\/product\/modularis-programozhato-iranyitott-aktiv-hangszoro-bovito-ip54\/"},"modified":"2026-05-05T14:46:38","modified_gmt":"2026-05-05T12:46:38","slug":"modularis-programozhato-iranyitott-aktiv-hangszoro-bovito-ip54","status":"publish","type":"product","link":"https:\/\/bpont.hu\/shop\/index.php\/product\/modularis-programozhato-iranyitott-aktiv-hangszoro-bovito-ip54\/","title":{"rendered":"LA3-VARI-E<br>Modul\u00e1ris programozhat\u00f3 ir\u00e1ny\u00edtott akt\u00edv hangsz\u00f3r\u00f3 b\u0151v\u00edt\u0151 IP54"},"content":{"rendered":"<p>LA3-VARI-E<\/p>\n<p>Akt\u00edv, v\u00e1ltoztathat\u00f3 ir\u00e1ny\u00fa b\u0151v\u00edt\u0151, alapegys\u00e9ggel egy\u00fctt haszn\u00e1lva a lefedett t\u00e1vols\u00e1g n\u00f6vel\u00e9se \u00e9rdek\u00e9ben. Legfeljebb k\u00e9t b\u0151v\u00edt\u0151egys\u00e9g haszn\u00e1lhat\u00f3 alapegys\u00e9ggel.<\/p>\n","protected":false},"excerpt":{"rendered":"<p>Rendel\u00e9si k\u00f3d: F.01U.354.644<\/p>\n","protected":false},"featured_media":9269,"template":"","meta":[],"product_brand":[],"product_cat":[352],"product_tag":[25],"class_list":{"0":"post-9272","1":"product","2":"type-product","3":"status-publish","4":"has-post-thumbnail","6":"product_cat-oszlop-hangszorok","7":"product_tag-bosch","9":"first","10":"instock","11":"taxable","12":"shipping-taxable","13":"purchasable","14":"product-type-simple"},"jetpack_sharing_enabled":true,"_links":{"self":[{"href":"https:\/\/bpont.hu\/shop\/index.php\/wp-json\/wp\/v2\/product\/9272","targetHints":{"allow":["GET"]}}],"collection":[{"href":"https:\/\/bpont.hu\/shop\/index.php\/wp-json\/wp\/v2\/product"}],"about":[{"href":"https:\/\/bpont.hu\/shop\/index.php\/wp-json\/wp\/v2\/types\/product"}],"version-history":[{"count":1,"href":"https:\/\/bpont.hu\/shop\/index.php\/wp-json\/wp\/v2\/product\/9272\/revisions"}],"predecessor-version":[{"id":9348,"href":"https:\/\/bpont.hu\/shop\/index.php\/wp-json\/wp\/v2\/product\/9272\/revisions\/9348"}],"wp:featuredmedia":[{"embeddable":true,"href":"https:\/\/bpont.hu\/shop\/index.php\/wp-json\/wp\/v2\/media\/9269"}],"wp:attachment":[{"href":"https:\/\/bpont.hu\/shop\/index.php\/wp-json\/wp\/v2\/media?parent=9272"}],"wp:term":[{"taxonomy":"product_brand","embeddable":true,"href":"https:\/\/bpont.hu\/shop\/index.php\/wp-json\/wp\/v2\/product_brand?post=9272"},{"taxonomy":"product_cat","embeddable":true,"href":"https:\/\/bpont.hu\/shop\/index.php\/wp-json\/wp\/v2\/product_cat?post=9272"},{"taxonomy":"product_tag","embeddable":true,"href":"https:\/\/bpont.hu\/shop\/index.php\/wp-json\/wp\/v2\/product_tag?post=9272"}],"curies":[{"name":"wp","href":"https:\/\/api.w.org\/{rel}","templated":true}]}}