{"id":9268,"date":"2025-09-25T08:01:15","date_gmt":"2025-09-25T07:01:15","guid":{"rendered":"https:\/\/bpont.hu\/shop\/index.php\/product\/dobozos-hangszoro-6w-fem-negyzet-alaku-6db-csomag\/"},"modified":"2026-05-05T14:46:38","modified_gmt":"2026-05-05T12:46:38","slug":"dobozos-hangszoro-6w-fem-negyzet-alaku-6db-csomag","status":"publish","type":"product","link":"https:\/\/bpont.hu\/shop\/index.php\/product\/dobozos-hangszoro-6w-fem-negyzet-alaku-6db-csomag\/","title":{"rendered":"LB8-UM06E<br>Dobozos hangsz\u00f3r\u00f3 6W f\u00e9m, n\u00e9gyzet alak\u00fa 6db\/csomag"},"content":{"rendered":"<p>LB8-UM06E<\/p>\n<p>&#8211; Besz\u00e9d- \u00e9s zenelej\u00e1tsz\u00e1sra alkalmas<br \/>\n&#8211; Robusztus f\u00e9mh\u00e1z<br \/>\n&#8211; EN 54\u201124 tan\u00fas\u00edtv\u00e1nnyal rendelkezik<br \/>\n&#8211; BS 5839\u20118 kompatibilis<\/p>\n<p>Az LB8-UM06E egy \u00e1ltal\u00e1nos c\u00e9l\u00fa, k\u00f6lts\u00e9ghat\u00e9kony 6 W-os dobozos hangsz\u00f3r\u00f3 besz\u00e9d- \u00e9s h\u00e1tt\u00e9rzene lej\u00e1tsz\u00e1s\u00e1ra.<br \/>\n100 V-os csatlakoz\u00e1sra alkalmas, t\u00e1pcsatlakoz\u00f3val, hogy a hanger\u0151szint az adott ter\u00fclet ig\u00e9nyeihez igaz\u00edthat\u00f3 legyen.<br \/>\nA robusztus, m\u00e9gis eszt\u00e9tikusan kialak\u00edtott f\u00e9mh\u00e1z v\u00e9delmet ny\u00fajt olyan ter\u00fcleteken, ahol a vandalizmus potenci\u00e1lis vesz\u00e9lyt jelent.<\/p>\n","protected":false},"excerpt":{"rendered":"<p>Rendel\u00e9si k\u00f3d: F.01U.377.176<\/p>\n","protected":false},"featured_media":9267,"template":"","meta":[],"product_brand":[],"product_cat":[353],"product_tag":[25],"class_list":{"0":"post-9268","1":"product","2":"type-product","3":"status-publish","4":"has-post-thumbnail","6":"product_cat-dobozos-hangszoro","7":"product_tag-bosch","9":"first","10":"instock","11":"taxable","12":"shipping-taxable","13":"purchasable","14":"product-type-simple"},"jetpack_sharing_enabled":true,"_links":{"self":[{"href":"https:\/\/bpont.hu\/shop\/index.php\/wp-json\/wp\/v2\/product\/9268","targetHints":{"allow":["GET"]}}],"collection":[{"href":"https:\/\/bpont.hu\/shop\/index.php\/wp-json\/wp\/v2\/product"}],"about":[{"href":"https:\/\/bpont.hu\/shop\/index.php\/wp-json\/wp\/v2\/types\/product"}],"version-history":[{"count":1,"href":"https:\/\/bpont.hu\/shop\/index.php\/wp-json\/wp\/v2\/product\/9268\/revisions"}],"predecessor-version":[{"id":9345,"href":"https:\/\/bpont.hu\/shop\/index.php\/wp-json\/wp\/v2\/product\/9268\/revisions\/9345"}],"wp:featuredmedia":[{"embeddable":true,"href":"https:\/\/bpont.hu\/shop\/index.php\/wp-json\/wp\/v2\/media\/9267"}],"wp:attachment":[{"href":"https:\/\/bpont.hu\/shop\/index.php\/wp-json\/wp\/v2\/media?parent=9268"}],"wp:term":[{"taxonomy":"product_brand","embeddable":true,"href":"https:\/\/bpont.hu\/shop\/index.php\/wp-json\/wp\/v2\/product_brand?post=9268"},{"taxonomy":"product_cat","embeddable":true,"href":"https:\/\/bpont.hu\/shop\/index.php\/wp-json\/wp\/v2\/product_cat?post=9268"},{"taxonomy":"product_tag","embeddable":true,"href":"https:\/\/bpont.hu\/shop\/index.php\/wp-json\/wp\/v2\/product_tag?post=9268"}],"curies":[{"name":"wp","href":"https:\/\/api.w.org\/{rel}","templated":true}]}}