{"id":9266,"date":"2025-09-25T08:01:14","date_gmt":"2025-09-25T07:01:14","guid":{"rendered":"https:\/\/bpont.hu\/shop\/index.php\/product\/abs-dobozos-hangszoro-6-w-hengero-szabalyzoval-es-relevel\/"},"modified":"2026-05-05T14:46:38","modified_gmt":"2026-05-05T12:46:38","slug":"abs-dobozos-hangszoro-6-w-hengero-szabalyzoval-es-relevel","status":"publish","type":"product","link":"https:\/\/bpont.hu\/shop\/index.php\/product\/abs-dobozos-hangszoro-6-w-hengero-szabalyzoval-es-relevel\/","title":{"rendered":"LB7-UC06VR<br>ABS Dobozos hangsz\u00f3r\u00f3 6 W Henger\u0151-szab\u00e1lyz\u00f3val \u00e9s rel\u00e9vel"},"content":{"rendered":"<p>LB7-UC06VR<\/p>\n<p>&#8211; Besz\u00e9d- \u00e9s zenelej\u00e1tsz\u00e1sra alkalmas<br \/>\n&#8211; Kompakt m\u00e9ret<br \/>\n&#8211; Integr\u00e1lt hanger\u0151szab\u00e1lyz\u00f3 \u00e9s hanger\u0151-fel\u00fcl\u00edr\u00f3 rel\u00e9<br \/>\n&#8211; Kil\u00f6khet\u0151 ny\u00edl\u00e1sok k\u00e1belbevezet\u0151kh\u00f6z<\/p>\n<p>Ez a 6 W-os ABS szekr\u00e9nyhangsz\u00f3r\u00f3 alkalmas besz\u00e9d- \u00e9s zenelej\u00e1tsz\u00e1sra, \u00e9s hangjelz\u0151 rendszerekben is haszn\u00e1lhat\u00f3.<br \/>\nAz ABS t\u00e9glalap alak\u00fa szekr\u00e9ny ABS-b\u0151l k\u00e9sz\u00fclt, f\u00e9mr\u00e1ccsal ell\u00e1tott el\u0151lappal, hanger\u0151szab\u00e1lyz\u00f3val a k\u00edv\u00e1nt hanger\u0151 helyi be\u00e1ll\u00edt\u00e1s\u00e1hoz, valamint be\u00e9p\u00edtett hanger\u0151-fel\u00fcl\u00edr\u00f3 rel\u00e9vel. A be\u00e9p\u00edtett fel\u00fcl\u00edr\u00f3 rel\u00e9 lehet\u0151v\u00e9 teszi a seg\u00e9lyh\u00edv\u00e1sok el\u0151re be\u00e1ll\u00edtott szinten t\u00f6rt\u00e9n\u0151 sug\u00e1rz\u00e1s\u00e1t, a helyi hanger\u0151be\u00e1ll\u00edt\u00e1st\u00f3l f\u00fcggetlen\u00fcl.<\/p>\n","protected":false},"excerpt":{"rendered":"<p>Rendel\u00e9si k\u00f3d: F.01U.329.935<\/p>\n","protected":false},"featured_media":9264,"template":"","meta":[],"product_brand":[],"product_cat":[353],"product_tag":[25],"class_list":{"0":"post-9266","1":"product","2":"type-product","3":"status-publish","4":"has-post-thumbnail","6":"product_cat-dobozos-hangszoro","7":"product_tag-bosch","9":"first","10":"instock","11":"taxable","12":"shipping-taxable","13":"purchasable","14":"product-type-simple"},"jetpack_sharing_enabled":true,"_links":{"self":[{"href":"https:\/\/bpont.hu\/shop\/index.php\/wp-json\/wp\/v2\/product\/9266","targetHints":{"allow":["GET"]}}],"collection":[{"href":"https:\/\/bpont.hu\/shop\/index.php\/wp-json\/wp\/v2\/product"}],"about":[{"href":"https:\/\/bpont.hu\/shop\/index.php\/wp-json\/wp\/v2\/types\/product"}],"version-history":[{"count":2,"href":"https:\/\/bpont.hu\/shop\/index.php\/wp-json\/wp\/v2\/product\/9266\/revisions"}],"predecessor-version":[{"id":10119,"href":"https:\/\/bpont.hu\/shop\/index.php\/wp-json\/wp\/v2\/product\/9266\/revisions\/10119"}],"wp:featuredmedia":[{"embeddable":true,"href":"https:\/\/bpont.hu\/shop\/index.php\/wp-json\/wp\/v2\/media\/9264"}],"wp:attachment":[{"href":"https:\/\/bpont.hu\/shop\/index.php\/wp-json\/wp\/v2\/media?parent=9266"}],"wp:term":[{"taxonomy":"product_brand","embeddable":true,"href":"https:\/\/bpont.hu\/shop\/index.php\/wp-json\/wp\/v2\/product_brand?post=9266"},{"taxonomy":"product_cat","embeddable":true,"href":"https:\/\/bpont.hu\/shop\/index.php\/wp-json\/wp\/v2\/product_cat?post=9266"},{"taxonomy":"product_tag","embeddable":true,"href":"https:\/\/bpont.hu\/shop\/index.php\/wp-json\/wp\/v2\/product_tag?post=9266"}],"curies":[{"name":"wp","href":"https:\/\/api.w.org\/{rel}","templated":true}]}}