{"id":9255,"date":"2025-09-25T08:01:09","date_gmt":"2025-09-25T07:01:09","guid":{"rendered":"https:\/\/bpont.hu\/shop\/index.php\/product\/sip-erosito-modul-15w\/"},"modified":"2026-05-05T14:46:38","modified_gmt":"2026-05-05T12:46:38","slug":"sip-erosito-modul-15w","status":"publish","type":"product","link":"https:\/\/bpont.hu\/shop\/index.php\/product\/sip-erosito-modul-15w\/","title":{"rendered":"AMN-P15-SIP<br>SIP Er\u0151s\u00edt\u0151 modul 15W"},"content":{"rendered":"<p>AMN-P15-SIP<\/p>\n<p>-u 1-ir\u00e1ny\u00fa audiokommunik\u00e1ci\u00f3 SIP rendszerekkel \u00e9s\/vagy ONVIF alap\u00fa VMS-sel<br \/>\n&#8211; Alacsony impedanci\u00e1j\u00fa hangsz\u00f3r\u00f3csatlakoz\u00e1s \u00e9s er\u0151s\u00edt\u0151 vonali kimenet<br \/>\n&#8211; D oszt\u00e1ly\u00fa er\u0151s\u00edt\u0151 \u00e9s digit\u00e1lis jelfeldolgoz\u00e1s (DSP)<br \/>\n&#8211; T\u00e1voli konfigur\u00e1l\u00e1s webes grafikus felhaszn\u00e1l\u00f3i fel\u00fcleten kereszt\u00fcl<\/p>\n<p>Az AMP-P15-SIP egy IP-er\u0151s\u00edt\u0151 modul, amely passz\u00edv hangsz\u00f3r\u00f3k k\u00f6zvetlen vagy k\u00fcls\u0151 er\u0151s\u00edt\u0151n kereszt\u00fcli meghajt\u00e1s\u00e1ra szolg\u00e1l. Az IP-er\u0151s\u00edt\u0151 modul egy kompakt egys\u00e9g, \u00e9s a kieg\u00e9sz\u00edt\u0151 adapter (tartoz\u00e9k) seg\u00edts\u00e9g\u00e9vel fel\u00fcletre vagy DIN-s\u00ednre szerelhet\u0151.<\/p>\n","protected":false},"excerpt":{"rendered":"<p>Rendel\u00e9si k\u00f3d: F.01U.389.866<\/p>\n","protected":false},"featured_media":9254,"template":"","meta":[],"product_brand":[],"product_cat":[356],"product_tag":[25],"class_list":{"0":"post-9255","1":"product","2":"type-product","3":"status-publish","4":"has-post-thumbnail","6":"product_cat-tolcser-hangszorok","7":"product_tag-bosch","9":"first","10":"instock","11":"taxable","12":"shipping-taxable","13":"purchasable","14":"product-type-simple"},"jetpack_sharing_enabled":true,"_links":{"self":[{"href":"https:\/\/bpont.hu\/shop\/index.php\/wp-json\/wp\/v2\/product\/9255","targetHints":{"allow":["GET"]}}],"collection":[{"href":"https:\/\/bpont.hu\/shop\/index.php\/wp-json\/wp\/v2\/product"}],"about":[{"href":"https:\/\/bpont.hu\/shop\/index.php\/wp-json\/wp\/v2\/types\/product"}],"version-history":[{"count":2,"href":"https:\/\/bpont.hu\/shop\/index.php\/wp-json\/wp\/v2\/product\/9255\/revisions"}],"predecessor-version":[{"id":10126,"href":"https:\/\/bpont.hu\/shop\/index.php\/wp-json\/wp\/v2\/product\/9255\/revisions\/10126"}],"wp:featuredmedia":[{"embeddable":true,"href":"https:\/\/bpont.hu\/shop\/index.php\/wp-json\/wp\/v2\/media\/9254"}],"wp:attachment":[{"href":"https:\/\/bpont.hu\/shop\/index.php\/wp-json\/wp\/v2\/media?parent=9255"}],"wp:term":[{"taxonomy":"product_brand","embeddable":true,"href":"https:\/\/bpont.hu\/shop\/index.php\/wp-json\/wp\/v2\/product_brand?post=9255"},{"taxonomy":"product_cat","embeddable":true,"href":"https:\/\/bpont.hu\/shop\/index.php\/wp-json\/wp\/v2\/product_cat?post=9255"},{"taxonomy":"product_tag","embeddable":true,"href":"https:\/\/bpont.hu\/shop\/index.php\/wp-json\/wp\/v2\/product_tag?post=9255"}],"curies":[{"name":"wp","href":"https:\/\/api.w.org\/{rel}","templated":true}]}}