{"id":9253,"date":"2025-09-25T08:01:07","date_gmt":"2025-09-25T07:01:07","guid":{"rendered":"https:\/\/bpont.hu\/shop\/index.php\/product\/licenc-praesensa-alrendszerhez\/"},"modified":"2026-03-11T16:40:46","modified_gmt":"2026-03-11T14:40:46","slug":"licenc-praesensa-alrendszerhez","status":"publish","type":"product","link":"https:\/\/bpont.hu\/shop\/index.php\/product\/licenc-praesensa-alrendszerhez\/","title":{"rendered":"PRA-LSPRA <br>Licenc PRAESENSA alrendszerhez"},"content":{"rendered":"<p>PRA-LSPRA<\/p>\n<p>&#8211; Egyetlen rendszervez\u00e9rl\u0151 korl\u00e1tainak lek\u00fczd\u00e9se<br \/>\n&#8211; A rendszer terjedelm\u00e9nek b\u0151v\u00edt\u00e9se ak\u00e1r 20 alrendszerrel<br \/>\n&#8211; Egy alrendszer licence a f\u0151 vez\u00e9rl\u0151vel val\u00f3 h\u00e1l\u00f3zat\u00e9p\u00edt\u00e9shez<br \/>\n&#8211; Rendszerszint\u0171 v\u00e9szh\u00edv\u00e1sok lehet\u0151s\u00e9ge a k\u00f6zponti EN 54-16 tan\u00fas\u00edtv\u00e1nnyal rendelkez\u0151 bemond\u00f3\u00e1llom\u00e1sokr\u00f3l az \u00f6sszes alrendszerre<br \/>\n&#8211; Hiba- \u00e9s \u00e1llapot\u00fczenetek h\u00e1l\u00f3zatszint\u0171 terjeszt\u00e9se<\/p>\n<p>A PRA-LSPRA szoftverlicenc egy PRAESENSA t\u00f6bbrendszeres architekt\u00far\u00e1t hoz l\u00e9tre, amely nagyobb sk\u00e1l\u00e1zhat\u00f3s\u00e1got biztos\u00edt egyetlen rendszerhez k\u00e9pest. A f\u0151 \u00e9s alrendszervez\u00e9rl\u0151kkel rendelkez\u0151 rendszer jav\u00edtja az \u00e1ltal\u00e1nos teljes\u00edtm\u00e9nyt az eszk\u00f6z\u00f6k \u00e9s z\u00f3n\u00e1k sz\u00e1m\u00e1nak n\u00f6vel\u00e9s\u00e9vel. A f\u0151 rendszervez\u00e9rl\u0151 egy szabv\u00e1nyos PRAESENSA rendszervez\u00e9rl\u0151, alrendszerenk\u00e9nt akt\u00edv PRA-LSPRA licenccel. Ugyanennyi licenc sz\u00fcks\u00e9ges egy opcion\u00e1lis redund\u00e1ns f\u0151 vez\u00e9rl\u0151h\u00f6z. Az alrendszervez\u00e9rl\u0151k nem ig\u00e9nyelnek licencet.<\/p>\n","protected":false},"excerpt":{"rendered":"<p>Rendel\u00e9si k\u00f3d: F.01U.402.624<\/p>\n","protected":false},"featured_media":9198,"template":"","meta":[],"product_brand":[],"product_cat":[410],"product_tag":[25],"class_list":{"0":"post-9253","1":"product","2":"type-product","3":"status-publish","4":"has-post-thumbnail","6":"product_cat-praesensa","7":"product_tag-bosch","9":"first","10":"instock","11":"taxable","12":"shipping-taxable","13":"purchasable","14":"product-type-simple"},"jetpack_sharing_enabled":true,"_links":{"self":[{"href":"https:\/\/bpont.hu\/shop\/index.php\/wp-json\/wp\/v2\/product\/9253","targetHints":{"allow":["GET"]}}],"collection":[{"href":"https:\/\/bpont.hu\/shop\/index.php\/wp-json\/wp\/v2\/product"}],"about":[{"href":"https:\/\/bpont.hu\/shop\/index.php\/wp-json\/wp\/v2\/types\/product"}],"version-history":[{"count":2,"href":"https:\/\/bpont.hu\/shop\/index.php\/wp-json\/wp\/v2\/product\/9253\/revisions"}],"predecessor-version":[{"id":9351,"href":"https:\/\/bpont.hu\/shop\/index.php\/wp-json\/wp\/v2\/product\/9253\/revisions\/9351"}],"wp:featuredmedia":[{"embeddable":true,"href":"https:\/\/bpont.hu\/shop\/index.php\/wp-json\/wp\/v2\/media\/9198"}],"wp:attachment":[{"href":"https:\/\/bpont.hu\/shop\/index.php\/wp-json\/wp\/v2\/media?parent=9253"}],"wp:term":[{"taxonomy":"product_brand","embeddable":true,"href":"https:\/\/bpont.hu\/shop\/index.php\/wp-json\/wp\/v2\/product_brand?post=9253"},{"taxonomy":"product_cat","embeddable":true,"href":"https:\/\/bpont.hu\/shop\/index.php\/wp-json\/wp\/v2\/product_cat?post=9253"},{"taxonomy":"product_tag","embeddable":true,"href":"https:\/\/bpont.hu\/shop\/index.php\/wp-json\/wp\/v2\/product_tag?post=9253"}],"curies":[{"name":"wp","href":"https:\/\/api.w.org\/{rel}","templated":true}]}}