{"id":9251,"date":"2025-09-25T08:01:06","date_gmt":"2025-09-25T07:01:06","guid":{"rendered":"https:\/\/bpont.hu\/shop\/index.php\/product\/licenc-hivasrogziteshez-es-tovabbitashoz\/"},"modified":"2026-03-11T16:40:46","modified_gmt":"2026-03-11T14:40:46","slug":"licenc-hivasrogziteshez-es-tovabbitashoz","status":"publish","type":"product","link":"https:\/\/bpont.hu\/shop\/index.php\/product\/licenc-hivasrogziteshez-es-tovabbitashoz\/","title":{"rendered":"PRA-LSCRF<br>Licenc h\u00edv\u00e1sr\u00f6gz\u00edt\u00e9shez \u00e9s -tov\u00e1bb\u00edt\u00e1shoz"},"content":{"rendered":"<p>PRA-LSCRF<\/p>\n<p>&#8211; Licenc h\u00edv\u00e1sok r\u00f6gz\u00edt\u00e9s\u00e9re, automatikus lej\u00e1tsz\u00e1shoz a kor\u00e1bban foglalt z\u00f3n\u00e1kban<br \/>\n&#8211; Id\u0151eltol\u00e1sos funkci\u00f3 az akusztikus gerjed\u00e9s elnyom\u00e1s\u00e1ra k\u00e9sleltetett k\u00f6zvet\u00edt\u00e9s\u0171 h\u00edv\u00e1s r\u00f6gz\u00edt\u00e9s\u00e9vel<br \/>\n&#8211; Ak\u00e1r nyolc h\u00edv\u00e1s egyidej\u0171 r\u00f6gz\u00edt\u00e9se \u00e9s tov\u00e1bb\u00edt\u00e1sa<br \/>\n&#8211; Ak\u00e1r 30 percnyi h\u00edv\u00e1s t\u00e1rol\u00e1sa<\/p>\n<p>Rendszervez\u00e9rl\u0151nk\u00e9nt egy PRA-LSCRF szoftverlicenc telep\u00edthet\u0151 a h\u00edv\u00e1sok PRAESENSA rendszeren bel\u00fcli egym\u00e1sra helyez\u00e9s\u00e9hez \u00e9s id\u0151eltol\u00e1sos r\u00f6gz\u00edt\u00e9s\u00e9hez. A h\u00edv\u00e1segym\u00e1sra r\u00f6gz\u00edt\u00e9sre ker\u00fcl az id\u0151ben eltolt h\u00edv\u00e1sok, a halmozott h\u00edv\u00e1sok \u00e9s az id\u0151ben eltolt halmozott h\u00edv\u00e1sok \u00e9l\u0151 besz\u00e9de. A r\u00f6gz\u00edtett \u00e9l\u0151 besz\u00e9d ezut\u00e1n visszaj\u00e1tszhat\u00f3. A h\u00edv\u00e1s lej\u00e1tsz\u00e1sa az \u00fczenet r\u00f6gz\u00edt\u00e9se k\u00f6zben is elkezd\u0151dhet. Ak\u00e1r 30 percnyi \u00e9l\u0151 besz\u00e9det is t\u00e1rolhat.<\/p>\n","protected":false},"excerpt":{"rendered":"<p>Rendel\u00e9si k\u00f3d: F.01U.425.784<\/p>\n","protected":false},"featured_media":9198,"template":"","meta":[],"product_brand":[],"product_cat":[410],"product_tag":[25],"class_list":{"0":"post-9251","1":"product","2":"type-product","3":"status-publish","4":"has-post-thumbnail","6":"product_cat-praesensa","7":"product_tag-bosch","9":"first","10":"instock","11":"taxable","12":"shipping-taxable","13":"purchasable","14":"product-type-simple"},"jetpack_sharing_enabled":true,"_links":{"self":[{"href":"https:\/\/bpont.hu\/shop\/index.php\/wp-json\/wp\/v2\/product\/9251","targetHints":{"allow":["GET"]}}],"collection":[{"href":"https:\/\/bpont.hu\/shop\/index.php\/wp-json\/wp\/v2\/product"}],"about":[{"href":"https:\/\/bpont.hu\/shop\/index.php\/wp-json\/wp\/v2\/types\/product"}],"version-history":[{"count":1,"href":"https:\/\/bpont.hu\/shop\/index.php\/wp-json\/wp\/v2\/product\/9251\/revisions"}],"predecessor-version":[{"id":9336,"href":"https:\/\/bpont.hu\/shop\/index.php\/wp-json\/wp\/v2\/product\/9251\/revisions\/9336"}],"wp:featuredmedia":[{"embeddable":true,"href":"https:\/\/bpont.hu\/shop\/index.php\/wp-json\/wp\/v2\/media\/9198"}],"wp:attachment":[{"href":"https:\/\/bpont.hu\/shop\/index.php\/wp-json\/wp\/v2\/media?parent=9251"}],"wp:term":[{"taxonomy":"product_brand","embeddable":true,"href":"https:\/\/bpont.hu\/shop\/index.php\/wp-json\/wp\/v2\/product_brand?post=9251"},{"taxonomy":"product_cat","embeddable":true,"href":"https:\/\/bpont.hu\/shop\/index.php\/wp-json\/wp\/v2\/product_cat?post=9251"},{"taxonomy":"product_tag","embeddable":true,"href":"https:\/\/bpont.hu\/shop\/index.php\/wp-json\/wp\/v2\/product_tag?post=9251"}],"curies":[{"name":"wp","href":"https:\/\/api.w.org\/{rel}","templated":true}]}}