{"id":9249,"date":"2025-09-25T08:01:06","date_gmt":"2025-09-25T07:01:06","guid":{"rendered":"https:\/\/bpont.hu\/shop\/index.php\/product\/advance-public-address-server\/"},"modified":"2026-03-11T16:40:46","modified_gmt":"2026-03-11T14:40:46","slug":"advance-public-address-server","status":"publish","type":"product","link":"https:\/\/bpont.hu\/shop\/index.php\/product\/advance-public-address-server\/","title":{"rendered":"PRA-APAS<br>Advance public address server"},"content":{"rendered":"<p>PRA-APAS<br \/>\n&#8211; Szerver a fejlett hangos\u00edt\u00e1si szoftverlicenchez<br \/>\n&#8211; Interf\u00e9sz harmadik f\u00e9lt\u0151l sz\u00e1rmaz\u00f3 sz\u00e1m\u00edt\u00f3g\u00e9pek \u00e9s t\u00e1blag\u00e9pek sz\u00e1m\u00e1ra a PRAESENSA IP-h\u00e1l\u00f3zat\u00e1hoz<br \/>\n&#8211; IP-h\u00e1l\u00f3zaton kereszt\u00fcl, megl\u00e9v\u0151 helyi h\u00e1l\u00f3zatokon<br \/>\n&#8211; Biztons\u00e1gos internetkapcsolat az \u00e9p\u00fclet helyi h\u00e1l\u00f3zat\u00e1hoz (LAN), internetes r\u00e1di\u00f3, online zenei streaming \u00e9s sz\u00f6vegfelolvas\u00f3 szolg\u00e1ltat\u00e1s u Bels\u0151 mem\u00f3ria az \u00fczleti \u00fczenetk\u00f6nyvt\u00e1r \u00e9s a zenei lej\u00e1tsz\u00e1si list\u00e1k sz\u00e1m\u00e1ra A PRA-<\/p>\n<p>APAS egy el\u0151re telep\u00edtett szoftverrel rendelkez\u0151 ipari PC, amely a PRAESENSA szerverek\u00e9nt m\u0171k\u00f6dik. Kompromisszumok n\u00e9lk\u00fcl biztos\u00edt fejlett \u00fczleti hangos\u00edt\u00e1si funkci\u00f3kat, ez\u00e9rt nem t\u00e1mogatja a v\u00e9szhelyzeti funkci\u00f3kat.<\/p>\n","protected":false},"excerpt":{"rendered":"<p>Rendel\u00e9si k\u00f3d: F.01U.354.303<\/p>\n","protected":false},"featured_media":9248,"template":"","meta":[],"product_brand":[],"product_cat":[410],"product_tag":[25],"class_list":{"0":"post-9249","1":"product","2":"type-product","3":"status-publish","4":"has-post-thumbnail","6":"product_cat-praesensa","7":"product_tag-bosch","9":"first","10":"instock","11":"taxable","12":"shipping-taxable","13":"purchasable","14":"product-type-simple"},"jetpack_sharing_enabled":true,"_links":{"self":[{"href":"https:\/\/bpont.hu\/shop\/index.php\/wp-json\/wp\/v2\/product\/9249","targetHints":{"allow":["GET"]}}],"collection":[{"href":"https:\/\/bpont.hu\/shop\/index.php\/wp-json\/wp\/v2\/product"}],"about":[{"href":"https:\/\/bpont.hu\/shop\/index.php\/wp-json\/wp\/v2\/types\/product"}],"version-history":[{"count":1,"href":"https:\/\/bpont.hu\/shop\/index.php\/wp-json\/wp\/v2\/product\/9249\/revisions"}],"predecessor-version":[{"id":9335,"href":"https:\/\/bpont.hu\/shop\/index.php\/wp-json\/wp\/v2\/product\/9249\/revisions\/9335"}],"wp:featuredmedia":[{"embeddable":true,"href":"https:\/\/bpont.hu\/shop\/index.php\/wp-json\/wp\/v2\/media\/9248"}],"wp:attachment":[{"href":"https:\/\/bpont.hu\/shop\/index.php\/wp-json\/wp\/v2\/media?parent=9249"}],"wp:term":[{"taxonomy":"product_brand","embeddable":true,"href":"https:\/\/bpont.hu\/shop\/index.php\/wp-json\/wp\/v2\/product_brand?post=9249"},{"taxonomy":"product_cat","embeddable":true,"href":"https:\/\/bpont.hu\/shop\/index.php\/wp-json\/wp\/v2\/product_cat?post=9249"},{"taxonomy":"product_tag","embeddable":true,"href":"https:\/\/bpont.hu\/shop\/index.php\/wp-json\/wp\/v2\/product_tag?post=9249"}],"curies":[{"name":"wp","href":"https:\/\/api.w.org\/{rel}","templated":true}]}}