{"id":9247,"date":"2025-09-25T08:01:05","date_gmt":"2025-09-25T07:01:05","guid":{"rendered":"https:\/\/bpont.hu\/shop\/index.php\/product\/advance-public-address-server-licenc\/"},"modified":"2026-03-11T16:40:46","modified_gmt":"2026-03-11T14:40:46","slug":"advance-public-address-server-licenc","status":"publish","type":"product","link":"https:\/\/bpont.hu\/shop\/index.php\/product\/advance-public-address-server-licenc\/","title":{"rendered":"PRA-APAL<br>Advance public address server licenc"},"content":{"rendered":"<p>PRA-APAL<\/p>\n<p>&#8211; Fejlett funkci\u00f3k kiv\u00e1l\u00f3 min\u0151s\u00e9g\u0171 bejelent\u00e9sekhez, \u00fczenetekhez, sz\u00f6vegfelolvas\u00f3hoz, internetes r\u00e1di\u00f3hoz, zenekezel\u00e9shez \u00e9s \u00fctemezett esem\u00e9nyekhez<br \/>\n&#8211; Szem\u00e9lyes eszk\u00f6z\u00f6k, p\u00e9ld\u00e1ul harmadik f\u00e9lt\u0151l sz\u00e1rmaz\u00f3 sz\u00e1m\u00edt\u00f3g\u00e9pek \u00e9s vezet\u00e9k n\u00e9lk\u00fcli t\u00e1blag\u00e9pek t\u00e1mogat\u00e1sa<br \/>\n&#8211; Felhaszn\u00e1l\u00f3i csoportprofilok konfigur\u00e1l\u00e1s\u00e1nak lehet\u0151s\u00e9ge k\u00fcl\u00f6nb\u00f6z\u0151 hozz\u00e1f\u00e9r\u00e9si szintekhez<br \/>\n&#8211; Minden csatlakoztatott felhaszn\u00e1l\u00f3i eszk\u00f6zh\u00f6z egy szoftverlicenc sz\u00fcks\u00e9ges<\/p>\n<p>A PRA-APAL egy licenck\u00f3d egy kezel\u0151i eszk\u00f6zh\u00f6z, amellyel hozz\u00e1f\u00e9rhet a PRAESENSA fejlett PRA-APAS nyilv\u00e1nos c\u00edmszerver\u00e9hez. Fejlett \u00fczleti vonatkoz\u00e1s\u00fa nyilv\u00e1nos c\u00edmz\u00e9si funkci\u00f3kkal b\u0151v\u00edti a rendszervez\u00e9rl\u0151 \u00e1ltal biztos\u00edtott funkci\u00f3k\u00e9szletet. A helyi IP-h\u00e1l\u00f3zathoz csatlakoztatott PC vagy vezet\u00e9k n\u00e9lk\u00fcli t\u00e1blag\u00e9p intuit\u00edv grafikus felhaszn\u00e1l\u00f3i fel\u00fclettel rendelkez\u0151 kezel\u0151i eszk\u00f6zk\u00e9nt funkcion\u00e1l, eg\u00e9rrel vagy \u00e9rint\u0151k\u00e9perny\u0151vel vez\u00e9relhet\u0151. A kezel\u0151i eszk\u00f6zh\u00f6z USB-n vagy Bluetooth-on kereszt\u00fcl csatlakoztatott fejhallgat\u00f3 haszn\u00e1lhat\u00f3 hangbemond\u00e1sokhoz \u00e9s hangmonitoroz\u00e1shoz. A PRA-APAS integr\u00e1lt webszervere platformf\u00fcggetlenn\u00e9 teszi a kezel\u0151i eszk\u00f6zt. Minden kezel\u0151i eszk\u00f6z saj\u00e1t webb\u00f6ng\u00e9sz\u0151t haszn\u00e1l kezel\u0151i fel\u00fcletk\u00e9nt.<\/p>\n","protected":false},"excerpt":{"rendered":"<p>Rendel\u00e9si k\u00f3d: F.01U.359.544<\/p>\n","protected":false},"featured_media":9198,"template":"","meta":[],"product_brand":[],"product_cat":[410],"product_tag":[25],"class_list":{"0":"post-9247","1":"product","2":"type-product","3":"status-publish","4":"has-post-thumbnail","6":"product_cat-praesensa","7":"product_tag-bosch","9":"first","10":"instock","11":"taxable","12":"shipping-taxable","13":"purchasable","14":"product-type-simple"},"jetpack_sharing_enabled":true,"_links":{"self":[{"href":"https:\/\/bpont.hu\/shop\/index.php\/wp-json\/wp\/v2\/product\/9247","targetHints":{"allow":["GET"]}}],"collection":[{"href":"https:\/\/bpont.hu\/shop\/index.php\/wp-json\/wp\/v2\/product"}],"about":[{"href":"https:\/\/bpont.hu\/shop\/index.php\/wp-json\/wp\/v2\/types\/product"}],"version-history":[{"count":1,"href":"https:\/\/bpont.hu\/shop\/index.php\/wp-json\/wp\/v2\/product\/9247\/revisions"}],"predecessor-version":[{"id":9334,"href":"https:\/\/bpont.hu\/shop\/index.php\/wp-json\/wp\/v2\/product\/9247\/revisions\/9334"}],"wp:featuredmedia":[{"embeddable":true,"href":"https:\/\/bpont.hu\/shop\/index.php\/wp-json\/wp\/v2\/media\/9198"}],"wp:attachment":[{"href":"https:\/\/bpont.hu\/shop\/index.php\/wp-json\/wp\/v2\/media?parent=9247"}],"wp:term":[{"taxonomy":"product_brand","embeddable":true,"href":"https:\/\/bpont.hu\/shop\/index.php\/wp-json\/wp\/v2\/product_brand?post=9247"},{"taxonomy":"product_cat","embeddable":true,"href":"https:\/\/bpont.hu\/shop\/index.php\/wp-json\/wp\/v2\/product_cat?post=9247"},{"taxonomy":"product_tag","embeddable":true,"href":"https:\/\/bpont.hu\/shop\/index.php\/wp-json\/wp\/v2\/product_tag?post=9247"}],"curies":[{"name":"wp","href":"https:\/\/api.w.org\/{rel}","templated":true}]}}