{"id":9246,"date":"2025-09-25T08:01:05","date_gmt":"2025-09-25T07:01:05","guid":{"rendered":"https:\/\/bpont.hu\/shop\/index.php\/product\/tapegyseg-modul-48v\/"},"modified":"2026-03-11T16:40:46","modified_gmt":"2026-03-11T14:40:46","slug":"tapegyseg-modul-48v","status":"publish","type":"product","link":"https:\/\/bpont.hu\/shop\/index.php\/product\/tapegyseg-modul-48v\/","title":{"rendered":"PRA-PSM48<br>T\u00e1pegys\u00e9g modul 48V"},"content":{"rendered":"<p>PRA-PSM48<\/p>\n<p>&#8211; Univerz\u00e1lis h\u00e1l\u00f3zati bemeneti fesz\u00fclts\u00e9g<br \/>\n&#8211; Teljes\u00edtm\u00e9nyt\u00e9nyez\u0151-korrekci\u00f3<br \/>\n&#8211; Automatikus helyre\u00e1ll\u00edt\u00e1ssal ell\u00e1tott v\u00e9delem<br \/>\n&#8211; J\u00f3v\u00e1hagyva a PRAESENSA 600 W-os er\u0151s\u00edt\u0151 t\u00e1pell\u00e1t\u00e1s\u00e1hoz<br \/>\n&#8211; Kompakt \u00e9s DIN-s\u00ednre szerelhet\u0151<\/p>\n<p>A PRA-PSM48 t\u00e1pegys\u00e9gmodul egy kompakt, DIN-s\u00ednre szerelhet\u0151 t\u00e1pegys\u00e9g, amely folyamatosan 48 V fesz\u00fclts\u00e9get biztos\u00edt ak\u00e1r 5 A \u00e1ramer\u0151ss\u00e9ggel. Ez a t\u00e1pegys\u00e9g egy OEM t\u00e1pegys\u00e9g, amelyet a Bosch sz\u00e1m\u00e1ra a Delta Power Supply gy\u00e1rtott, k\u00f6lts\u00e9ghat\u00e9kony alternat\u00edv\u00e1jak\u00e9nt a PRAESENSA PRA-MPS3 t\u00f6bbfunkci\u00f3s t\u00e1pegys\u00e9gnek egy PRAESENSA teljes\u00edtm\u00e9nyer\u0151s\u00edt\u0151 t\u00e1pell\u00e1t\u00e1s\u00e1hoz, amennyiben a t\u00f6bbfunkci\u00f3s t\u00e1pegys\u00e9g tov\u00e1bbi funkci\u00f3ira \u00e9s jellemz\u0151ire nincs sz\u00fcks\u00e9g. Nem rendelkezik EN 54\u20114 \u00e9s hasonl\u00f3 szabv\u00e1nyok szerinti tan\u00fas\u00edtv\u00e1nnyal.<\/p>\n","protected":false},"excerpt":{"rendered":"<p>Rendel\u00e9si k\u00f3d: F.01U.358.130<\/p>\n","protected":false},"featured_media":9245,"template":"","meta":[],"product_brand":[],"product_cat":[410],"product_tag":[25],"class_list":{"0":"post-9246","1":"product","2":"type-product","3":"status-publish","4":"has-post-thumbnail","6":"product_cat-praesensa","7":"product_tag-bosch","9":"first","10":"instock","11":"taxable","12":"shipping-taxable","13":"purchasable","14":"product-type-simple"},"jetpack_sharing_enabled":true,"_links":{"self":[{"href":"https:\/\/bpont.hu\/shop\/index.php\/wp-json\/wp\/v2\/product\/9246","targetHints":{"allow":["GET"]}}],"collection":[{"href":"https:\/\/bpont.hu\/shop\/index.php\/wp-json\/wp\/v2\/product"}],"about":[{"href":"https:\/\/bpont.hu\/shop\/index.php\/wp-json\/wp\/v2\/types\/product"}],"version-history":[{"count":1,"href":"https:\/\/bpont.hu\/shop\/index.php\/wp-json\/wp\/v2\/product\/9246\/revisions"}],"predecessor-version":[{"id":9333,"href":"https:\/\/bpont.hu\/shop\/index.php\/wp-json\/wp\/v2\/product\/9246\/revisions\/9333"}],"wp:featuredmedia":[{"embeddable":true,"href":"https:\/\/bpont.hu\/shop\/index.php\/wp-json\/wp\/v2\/media\/9245"}],"wp:attachment":[{"href":"https:\/\/bpont.hu\/shop\/index.php\/wp-json\/wp\/v2\/media?parent=9246"}],"wp:term":[{"taxonomy":"product_brand","embeddable":true,"href":"https:\/\/bpont.hu\/shop\/index.php\/wp-json\/wp\/v2\/product_brand?post=9246"},{"taxonomy":"product_cat","embeddable":true,"href":"https:\/\/bpont.hu\/shop\/index.php\/wp-json\/wp\/v2\/product_cat?post=9246"},{"taxonomy":"product_tag","embeddable":true,"href":"https:\/\/bpont.hu\/shop\/index.php\/wp-json\/wp\/v2\/product_tag?post=9246"}],"curies":[{"name":"wp","href":"https:\/\/api.w.org\/{rel}","templated":true}]}}