{"id":9242,"date":"2025-09-25T08:01:04","date_gmt":"2025-09-25T07:01:04","guid":{"rendered":"https:\/\/bpont.hu\/shop\/index.php\/product\/tobbfunkcios-tapegyseg-nagy\/"},"modified":"2026-03-11T16:40:46","modified_gmt":"2026-03-11T14:40:46","slug":"tobbfunkcios-tapegyseg-nagy","status":"publish","type":"product","link":"https:\/\/bpont.hu\/shop\/index.php\/product\/tobbfunkcios-tapegyseg-nagy\/","title":{"rendered":"PRA-MPS3<br>T\u00f6bbfunkci\u00f3s t\u00e1pegys\u00e9g, nagy"},"content":{"rendered":"<p>PRA-MPS3<br \/>\n&#8211; Teljesen fel\u00fcgyelt egyen\u00e1ram\u00fa t\u00e1pegys\u00e9g integr\u00e1lt hibat\u0171r\u0151 redundanci\u00e1val<br \/>\n&#8211; Egyed\u00fcl\u00e1ll\u00f3, egyetlen 12 V-os akkumul\u00e1toros biztons\u00e1gi ment\u00e9si megold\u00e1s<br \/>\n&#8211; Integr\u00e1lt 6 portos Ethernet kapcsol\u00f3 RJ45 \u00e9s SFP csatlakoz\u00f3kon<br \/>\n&#8211; \u00c1ltal\u00e1nos c\u00e9l\u00fa vez\u00e9rl\u0151 bemenetek \u00e9s kimenetek<br \/>\n&#8211; Tartal\u00e9k ment\u0151\u00f6v csatlakoztatott er\u0151s\u00edt\u0151kh\u00f6z<\/p>\n<p>Ez a kompakt eszk\u00f6z t\u00f6bb t\u00e1mogat\u00f3 funkci\u00f3t \u00f6tv\u00f6z m\u00e1s PRAESENSA rendszereszk\u00f6z\u00f6k t\u00e1pell\u00e1t\u00e1s\u00e1hoz \u00e9s kiszolg\u00e1l\u00e1s\u00e1hoz.<br \/>\nHaszn\u00e1lhat\u00f3 k\u00f6zpontos\u00edtott rendszerben, de lehet\u0151v\u00e9 teszi a decentraliz\u00e1lt rendszertopol\u00f3gi\u00e1k haszn\u00e1lat\u00e1t is, t\u00f6bb kisebb \u00e1llv\u00e1nnyal vagy szekr\u00e9nnyel, amelyek a helysz\u00ednen helyezkednek el, jelent\u0151sen cs\u00f6kkentve a hangsz\u00f3r\u00f3k\u00e1belez\u00e9si k\u00f6lts\u00e9geket. A h\u00e1l\u00f3zatr\u00f3l biztos\u00edtja a csatlakoztatott er\u0151s\u00edt\u0151k \u00e9s perif\u00e9ri\u00e1k egyen\u00e1ram\u00fa t\u00e1pell\u00e1t\u00e1s\u00e1t, szabv\u00e1nyos t\u00f6lt\u0151vel egyetlen 12 V-os tartal\u00e9k akkumul\u00e1torhoz, \u00edgy megtakar\u00edtva a telep\u00edt\u00e9si \u00e9s akkumul\u00e1tor-karbantart\u00e1si k\u00f6lts\u00e9geket. Az integr\u00e1lt 6 portos Ethernet kapcsol\u00f3 \u00fcvegsz\u00e1las t\u00e1mogat\u00e1ssal megk\u00f6nny\u00edti a decentraliz\u00e1lt eszk\u00f6zcsoportok egyszer\u0171 \u00f6sszekapcsol\u00e1s\u00e1t.<\/p>\n","protected":false},"excerpt":{"rendered":"<p>Rendel\u00e9si k\u00f3d: F.01U.325.046<\/p>\n","protected":false},"featured_media":9241,"template":"","meta":[],"product_brand":[],"product_cat":[410],"product_tag":[25],"class_list":{"0":"post-9242","1":"product","2":"type-product","3":"status-publish","4":"has-post-thumbnail","6":"product_cat-praesensa","7":"product_tag-bosch","9":"first","10":"instock","11":"taxable","12":"shipping-taxable","13":"purchasable","14":"product-type-simple"},"jetpack_sharing_enabled":true,"_links":{"self":[{"href":"https:\/\/bpont.hu\/shop\/index.php\/wp-json\/wp\/v2\/product\/9242","targetHints":{"allow":["GET"]}}],"collection":[{"href":"https:\/\/bpont.hu\/shop\/index.php\/wp-json\/wp\/v2\/product"}],"about":[{"href":"https:\/\/bpont.hu\/shop\/index.php\/wp-json\/wp\/v2\/types\/product"}],"version-history":[{"count":1,"href":"https:\/\/bpont.hu\/shop\/index.php\/wp-json\/wp\/v2\/product\/9242\/revisions"}],"predecessor-version":[{"id":9331,"href":"https:\/\/bpont.hu\/shop\/index.php\/wp-json\/wp\/v2\/product\/9242\/revisions\/9331"}],"wp:featuredmedia":[{"embeddable":true,"href":"https:\/\/bpont.hu\/shop\/index.php\/wp-json\/wp\/v2\/media\/9241"}],"wp:attachment":[{"href":"https:\/\/bpont.hu\/shop\/index.php\/wp-json\/wp\/v2\/media?parent=9242"}],"wp:term":[{"taxonomy":"product_brand","embeddable":true,"href":"https:\/\/bpont.hu\/shop\/index.php\/wp-json\/wp\/v2\/product_brand?post=9242"},{"taxonomy":"product_cat","embeddable":true,"href":"https:\/\/bpont.hu\/shop\/index.php\/wp-json\/wp\/v2\/product_cat?post=9242"},{"taxonomy":"product_tag","embeddable":true,"href":"https:\/\/bpont.hu\/shop\/index.php\/wp-json\/wp\/v2\/product_tag?post=9242"}],"curies":[{"name":"wp","href":"https:\/\/api.w.org\/{rel}","templated":true}]}}