{"id":9238,"date":"2025-09-25T08:01:03","date_gmt":"2025-09-25T07:01:03","guid":{"rendered":"https:\/\/bpont.hu\/shop\/index.php\/product\/asztali-lcd-hivoallomas\/"},"modified":"2026-03-11T16:40:45","modified_gmt":"2026-03-11T14:40:45","slug":"asztali-lcd-hivoallomas","status":"publish","type":"product","link":"https:\/\/bpont.hu\/shop\/index.php\/product\/asztali-lcd-hivoallomas\/","title":{"rendered":"PRA-CSLD<br>Asztali LCD h\u00edv\u00f3\u00e1llom\u00e1s"},"content":{"rendered":"<p>PRA-CSLD<br \/>\n&#8211; Asztali h\u00e1z hatty\u00fanyak mikrofonnal<br \/>\n&#8211; 4,3&#8243;-os, sz\u00ednes kapacit\u00edv \u00e9rint\u0151k\u00e9perny\u0151<br \/>\n&#8211; Grafikus felhaszn\u00e1l\u00f3i fel\u00fclet az optim\u00e1lis felhaszn\u00e1l\u00f3i \u00fatmutat\u00e1shoz \u00e9s visszajelz\u00e9shez<br \/>\n&#8211; \u00c1llapot- \u00e9s hibajelz\u0151k hangriaszt\u00e1si c\u00e9lokra<br \/>\n&#8211; Kett\u0151s OMNEO IP-h\u00e1l\u00f3zati kapcsolat \u00e9s redund\u00e1ns Power over Ethernet<\/p>\n<p>A PRAESENSA hangos\u00edt\u00e1si \u00e9s hangriaszt\u00e1si rendszerekben haszn\u00e1lhat\u00f3 bemond\u00f3\u00e1llom\u00e1s k\u00f6nnyen telep\u00edthet\u0151 \u00e9s intuit\u00edv m\u00f3don kezelhet\u0151 az \u00e9rint\u0151k\u00e9perny\u0151s LCD-nek k\u00f6sz\u00f6nhet\u0151en, amely egy\u00e9rtelm\u0171 felhaszn\u00e1l\u00f3i visszajelz\u00e9st ad a h\u00edv\u00e1s be\u00e1ll\u00edt\u00e1s\u00e1r\u00f3l \u00e9s annak folyamat\u00e1nak fel\u00fcgyelet\u00e9r\u0151l, vagy a h\u00e1tt\u00e9rzene vez\u00e9rl\u00e9s\u00e9r\u0151l.<\/p>\n","protected":false},"excerpt":{"rendered":"<p>Rendel\u00e9si k\u00f3d: F.01U.325.048<\/p>\n","protected":false},"featured_media":9237,"template":"","meta":[],"product_brand":[],"product_cat":[410],"product_tag":[25],"class_list":{"0":"post-9238","1":"product","2":"type-product","3":"status-publish","4":"has-post-thumbnail","6":"product_cat-praesensa","7":"product_tag-bosch","9":"first","10":"instock","11":"taxable","12":"shipping-taxable","13":"purchasable","14":"product-type-simple"},"jetpack_sharing_enabled":true,"_links":{"self":[{"href":"https:\/\/bpont.hu\/shop\/index.php\/wp-json\/wp\/v2\/product\/9238","targetHints":{"allow":["GET"]}}],"collection":[{"href":"https:\/\/bpont.hu\/shop\/index.php\/wp-json\/wp\/v2\/product"}],"about":[{"href":"https:\/\/bpont.hu\/shop\/index.php\/wp-json\/wp\/v2\/types\/product"}],"version-history":[{"count":1,"href":"https:\/\/bpont.hu\/shop\/index.php\/wp-json\/wp\/v2\/product\/9238\/revisions"}],"predecessor-version":[{"id":9329,"href":"https:\/\/bpont.hu\/shop\/index.php\/wp-json\/wp\/v2\/product\/9238\/revisions\/9329"}],"wp:featuredmedia":[{"embeddable":true,"href":"https:\/\/bpont.hu\/shop\/index.php\/wp-json\/wp\/v2\/media\/9237"}],"wp:attachment":[{"href":"https:\/\/bpont.hu\/shop\/index.php\/wp-json\/wp\/v2\/media?parent=9238"}],"wp:term":[{"taxonomy":"product_brand","embeddable":true,"href":"https:\/\/bpont.hu\/shop\/index.php\/wp-json\/wp\/v2\/product_brand?post=9238"},{"taxonomy":"product_cat","embeddable":true,"href":"https:\/\/bpont.hu\/shop\/index.php\/wp-json\/wp\/v2\/product_cat?post=9238"},{"taxonomy":"product_tag","embeddable":true,"href":"https:\/\/bpont.hu\/shop\/index.php\/wp-json\/wp\/v2\/product_tag?post=9238"}],"curies":[{"name":"wp","href":"https:\/\/api.w.org\/{rel}","templated":true}]}}