{"id":9236,"date":"2025-09-25T08:01:02","date_gmt":"2025-09-25T07:01:02","guid":{"rendered":"https:\/\/bpont.hu\/shop\/index.php\/product\/hivoallomas-bovitokeszlet\/"},"modified":"2026-03-11T16:40:45","modified_gmt":"2026-03-11T14:40:45","slug":"hivoallomas-bovitokeszlet","status":"publish","type":"product","link":"https:\/\/bpont.hu\/shop\/index.php\/product\/hivoallomas-bovitokeszlet\/","title":{"rendered":"PRA-CSEK<br>H\u00edv\u00f3\u00e1llom\u00e1s b\u0151v\u00edt\u0151k\u00e9szlet"},"content":{"rendered":"<p>PRA-CSEK<\/p>\n<p>&#8211; Nyitott keretes b\u0151v\u00edt\u0151 billenty\u0171zet PRA-CSBK-hoz<br \/>\n&#8211; Lehet\u0151v\u00e9 teszi kompakt, teljesen egyedi bemond\u00f3pultok vagy h\u00edv\u00f3panelek haszn\u00e1lat\u00e1t<br \/>\n&#8211; Legfeljebb 24 k\u00fcls\u0151 v\u00e1laszt\u00f3kapcsol\u00f3hoz csatlakoztathat\u00f3 a hozz\u00e1juk tartoz\u00f3 \u00e1llapotjelz\u0151kkel<br \/>\n&#8211; RJ12 csatlakoz\u00e1s a PRA-CSBK-hoz t\u00e1pell\u00e1t\u00e1s \u00e9s CAN-busz adatokhoz, valamint hurkolt csatlakoz\u00e1s egy m\u00e1sodik PRA-CSEK-hez<br \/>\n&#8211; Egym\u00e1sra vagy egym\u00e1s mell\u00e9 szerel\u00e9shez PRA-CSBK-val<\/p>\n<p>A bemond\u00f3pult-b\u0151v\u00edt\u0151k\u00e9szlet egy nyitott keretes bemond\u00f3pult-b\u0151v\u00edt\u0151, amellyel dedik\u00e1lt, teljesen egyedi kezel\u0151paneleket hozhat l\u00e9tre a PRAESENSA hangos\u00edt\u00f3 rendszerekhez. A b\u0151v\u00edt\u0151k\u00e9szlet az alap PRA-CSBK bemond\u00f3pult-k\u00e9szlethez csatlakozik, \u00e9s ugyanazokat a funkci\u00f3kat k\u00edn\u00e1lja, mint k\u00e9t PRA-CSE eszk\u00f6z, az integr\u00e1lt kapcsol\u00f3k \u00e9s jelz\u0151f\u00e9nyek n\u00e9lk\u00fcl.<\/p>\n","protected":false},"excerpt":{"rendered":"<p>Rendel\u00e9si k\u00f3d: F.01U.420.426<\/p>\n","protected":false},"featured_media":9235,"template":"","meta":[],"product_brand":[],"product_cat":[410],"product_tag":[25],"class_list":{"0":"post-9236","1":"product","2":"type-product","3":"status-publish","4":"has-post-thumbnail","6":"product_cat-praesensa","7":"product_tag-bosch","9":"first","10":"instock","11":"taxable","12":"shipping-taxable","13":"purchasable","14":"product-type-simple"},"jetpack_sharing_enabled":true,"_links":{"self":[{"href":"https:\/\/bpont.hu\/shop\/index.php\/wp-json\/wp\/v2\/product\/9236","targetHints":{"allow":["GET"]}}],"collection":[{"href":"https:\/\/bpont.hu\/shop\/index.php\/wp-json\/wp\/v2\/product"}],"about":[{"href":"https:\/\/bpont.hu\/shop\/index.php\/wp-json\/wp\/v2\/types\/product"}],"version-history":[{"count":1,"href":"https:\/\/bpont.hu\/shop\/index.php\/wp-json\/wp\/v2\/product\/9236\/revisions"}],"predecessor-version":[{"id":9328,"href":"https:\/\/bpont.hu\/shop\/index.php\/wp-json\/wp\/v2\/product\/9236\/revisions\/9328"}],"wp:featuredmedia":[{"embeddable":true,"href":"https:\/\/bpont.hu\/shop\/index.php\/wp-json\/wp\/v2\/media\/9235"}],"wp:attachment":[{"href":"https:\/\/bpont.hu\/shop\/index.php\/wp-json\/wp\/v2\/media?parent=9236"}],"wp:term":[{"taxonomy":"product_brand","embeddable":true,"href":"https:\/\/bpont.hu\/shop\/index.php\/wp-json\/wp\/v2\/product_brand?post=9236"},{"taxonomy":"product_cat","embeddable":true,"href":"https:\/\/bpont.hu\/shop\/index.php\/wp-json\/wp\/v2\/product_cat?post=9236"},{"taxonomy":"product_tag","embeddable":true,"href":"https:\/\/bpont.hu\/shop\/index.php\/wp-json\/wp\/v2\/product_tag?post=9236"}],"curies":[{"name":"wp","href":"https:\/\/api.w.org\/{rel}","templated":true}]}}