{"id":9234,"date":"2025-09-25T08:01:01","date_gmt":"2025-09-25T07:01:01","guid":{"rendered":"https:\/\/bpont.hu\/shop\/index.php\/product\/hivoallomas-bovites\/"},"modified":"2026-03-11T16:40:45","modified_gmt":"2026-03-11T14:40:45","slug":"hivoallomas-bovites","status":"publish","type":"product","link":"https:\/\/bpont.hu\/shop\/index.php\/product\/hivoallomas-bovites\/","title":{"rendered":"PRA-CSE<br>H\u00edv\u00f3\u00e1llom\u00e1s b\u0151v\u00edt\u00e9s"},"content":{"rendered":"<p>PRA-CSE<\/p>\n<p>&#8211; B\u0151v\u00edt\u0151billenty\u0171zet asztali PRA-CSLD \u00e9s falra szerelhet\u0151 PRA-CSLW bemond\u00f3\u00e1llom\u00e1shoz<br \/>\n&#8211; Tizenk\u00e9t gomb tapinthat\u00f3 visszajelz\u00e9ssel \u00e9s konfigur\u00e1lhat\u00f3 funkci\u00f3kkal<br \/>\n&#8211; Vil\u00e1g\u00edt\u00f3 gy\u0171r\u0171 minden gomb k\u00f6r\u00fcl a kiv\u00e1laszt\u00e1s meger\u0151s\u00edt\u00e9s\u00e9hez<br \/>\n&#8211; T\u00f6bbsz\u00edn\u0171 z\u00f3na\u00e1llapot-jelz\u0151k a z\u00f3nav\u00e1laszt\u00e1shoz konfigur\u00e1lt gombokhoz<br \/>\n&#8211; Ergonomikus gombelrendez\u00e9s levehet\u0151 el\u0151lappal a gombc\u00edmk\u00e9k el\u00e9r\u00e9s\u00e9hez<\/p>\n<p>Ez a b\u0151v\u00edt\u0151billenty\u0171zet PRAESENSA bemond\u00f3\u00e1llom\u00e1sokkal egy\u00fctt haszn\u00e1lhat\u00f3 \u00fczleti \u00e9s riaszt\u00e1si h\u00edv\u00e1sok kiv\u00e1laszt\u00e1s\u00e1hoz. Egy eszk\u00f6z tizenk\u00e9t konfigur\u00e1lhat\u00f3, vil\u00e1g\u00edt\u00f3 gy\u0171r\u0171s gombot ad hozz\u00e1. Minden gombhoz k\u00e9t tov\u00e1bbi jelz\u0151f\u00e9ny tartozik a felhaszn\u00e1l\u00f3i visszajelz\u00e9shez, amelyek az adott gomb konfigur\u00e1lt funkci\u00f3j\u00e1hoz kapcsol\u00f3dnak. Ak\u00e1r n\u00e9gy PRA-CSE is csatlakoztathat\u00f3 egy bemond\u00f3\u00e1llom\u00e1shoz. A z\u00f3nav\u00e1laszt\u00e1shoz haszn\u00e1lt b\u0151v\u00edt\u0151billenty\u0171zetek haszn\u00e1lata lehet\u0151v\u00e9 teszi, hogy minden z\u00f3na egyszerre el\u00e9rhet\u0151 \u00e9s l\u00e1that\u00f3 legyen. Teljes \u00e1llapot\u00e1ttekint\u00e9st jelen\u00edt meg a kiv\u00e1lasztott \u00e9s foglalt z\u00f3n\u00e1kr\u00f3l, vagy a hib\u00e1s z\u00f3n\u00e1kr\u00f3l. A b\u0151v\u00edt\u0151billenty\u0171zet f\u00e9m csatlakoz\u00f3lemezzel \u00e9s patchk\u00e1bellel \u00e9rkezik, amely lehet\u0151v\u00e9 teszi a bemond\u00f3\u00e1llom\u00e1shoz vagy m\u00e1s b\u0151v\u00edt\u0151billenty\u0171zethez val\u00f3 csatlakoztat\u00e1st. Az el\u0151lap k\u00f6nnyen elt\u00e1vol\u00edthat\u00f3, \u00edgy gombonk\u00e9nt legfeljebb h\u00e1rom sornyi sz\u00f6veget tartalmaz\u00f3 c\u00edmk\u00e9ket \u00e9s egy fejl\u00e9c r\u00e9szt lehet beilleszteni a tetej\u00e9re.<\/p>\n","protected":false},"excerpt":{"rendered":"<p>Rendel\u00e9si k\u00f3d: F.01U.325.357<\/p>\n","protected":false},"featured_media":9233,"template":"","meta":[],"product_brand":[],"product_cat":[410],"product_tag":[25],"class_list":{"0":"post-9234","1":"product","2":"type-product","3":"status-publish","4":"has-post-thumbnail","6":"product_cat-praesensa","7":"product_tag-bosch","9":"first","10":"instock","11":"taxable","12":"shipping-taxable","13":"purchasable","14":"product-type-simple"},"jetpack_sharing_enabled":true,"_links":{"self":[{"href":"https:\/\/bpont.hu\/shop\/index.php\/wp-json\/wp\/v2\/product\/9234","targetHints":{"allow":["GET"]}}],"collection":[{"href":"https:\/\/bpont.hu\/shop\/index.php\/wp-json\/wp\/v2\/product"}],"about":[{"href":"https:\/\/bpont.hu\/shop\/index.php\/wp-json\/wp\/v2\/types\/product"}],"version-history":[{"count":1,"href":"https:\/\/bpont.hu\/shop\/index.php\/wp-json\/wp\/v2\/product\/9234\/revisions"}],"predecessor-version":[{"id":9327,"href":"https:\/\/bpont.hu\/shop\/index.php\/wp-json\/wp\/v2\/product\/9234\/revisions\/9327"}],"wp:featuredmedia":[{"embeddable":true,"href":"https:\/\/bpont.hu\/shop\/index.php\/wp-json\/wp\/v2\/media\/9233"}],"wp:attachment":[{"href":"https:\/\/bpont.hu\/shop\/index.php\/wp-json\/wp\/v2\/media?parent=9234"}],"wp:term":[{"taxonomy":"product_brand","embeddable":true,"href":"https:\/\/bpont.hu\/shop\/index.php\/wp-json\/wp\/v2\/product_brand?post=9234"},{"taxonomy":"product_cat","embeddable":true,"href":"https:\/\/bpont.hu\/shop\/index.php\/wp-json\/wp\/v2\/product_cat?post=9234"},{"taxonomy":"product_tag","embeddable":true,"href":"https:\/\/bpont.hu\/shop\/index.php\/wp-json\/wp\/v2\/product_tag?post=9234"}],"curies":[{"name":"wp","href":"https:\/\/api.w.org\/{rel}","templated":true}]}}