{"id":9232,"date":"2025-09-25T08:01:01","date_gmt":"2025-09-25T07:01:01","guid":{"rendered":"https:\/\/bpont.hu\/shop\/index.php\/product\/hivoallomas-keszlet-alap\/"},"modified":"2026-03-11T16:40:45","modified_gmt":"2026-03-11T14:40:45","slug":"hivoallomas-keszlet-alap","status":"publish","type":"product","link":"https:\/\/bpont.hu\/shop\/index.php\/product\/hivoallomas-keszlet-alap\/","title":{"rendered":"PRA-CSBK<br>H\u00edv\u00f3\u00e1llom\u00e1s k\u00e9szlet, alap"},"content":{"rendered":"<p>PRA-CSBK<br \/>\n&#8211; Alapvet\u0151 nyitott keret\u0171 bemond\u00f3\u00e1llom\u00e1s egyedi h\u00edv\u00f3panel-megold\u00e1sokhoz LCD n\u00e9lk\u00fcl<br \/>\n&#8211; Fel\u00fcgyelt \u00f6k\u00f6lmikrofon tekercselt k\u00e1bellel \u00e9s hangsz\u00f3r\u00f3val<br \/>\n&#8211; CAN-interf\u00e9sz b\u0151v\u00edtm\u00e9nyekhez vagy b\u0151v\u00edt\u0151k\u00e9szletekhez v\u00e1laszt\u00f3kapcsol\u00f3khoz \u00e9s \u00e1llapotjelz\u0151kh\u00f6z<br \/>\n&#8211; Csatlakoz\u00e1sok a t\u00e1pell\u00e1t\u00e1st biztos\u00edt\u00f3 LED-hez \u00e9s az \u00e1llapotjelz\u0151 LED-ekhez<br \/>\n&#8211; Kett\u0151s OMNEO IP-h\u00e1l\u00f3zati kapcsolat \u00e9s redund\u00e1ns Power over Ethernet<\/p>\n<p>Az alap bemond\u00f3\u00e1llom\u00e1s-k\u00e9szlet egy nyitott keret\u0171 bemond\u00f3\u00e1llom\u00e1s, amelyhez dedik\u00e1lt, teljesen egyedi kezel\u0151panelek hozhat\u00f3k l\u00e9tre PRAESENSA hangos\u00edt\u00e1si \u00e9s hangjelz\u0151 rendszerekhez. Ugyanazokkal a funkci\u00f3kkal rendelkezik, mint a PRA-CSLW, de LCD felhaszn\u00e1l\u00f3i fel\u00fclet n\u00e9lk\u00fcl, hogy megk\u00f6nny\u00edtse a kezel\u0151i asztalokba vagy a falra szerelt t\u0171zjelz\u0151 k\u00f6zpontokba val\u00f3 felszerel\u00e9st. Levehet\u0151, fel\u00fcgyelt, mindenir\u00e1ny\u00fa \u00f6k\u00f6lmikrofonnal rendelkezik a k\u00f6zeli besz\u00e9lget\u00e9sekhez, a nyom\u00f3gombbal \u00e9s egy k\u00fcl\u00f6n\u00e1ll\u00f3 kis monitorhangsz\u00f3r\u00f3val.<\/p>\n","protected":false},"excerpt":{"rendered":"<p>Rendel\u00e9si k\u00f3d: F.01U.389.020<\/p>\n","protected":false},"featured_media":9231,"template":"","meta":[],"product_brand":[],"product_cat":[410],"product_tag":[25],"class_list":{"0":"post-9232","1":"product","2":"type-product","3":"status-publish","4":"has-post-thumbnail","6":"product_cat-praesensa","7":"product_tag-bosch","9":"first","10":"instock","11":"taxable","12":"shipping-taxable","13":"purchasable","14":"product-type-simple"},"jetpack_sharing_enabled":true,"_links":{"self":[{"href":"https:\/\/bpont.hu\/shop\/index.php\/wp-json\/wp\/v2\/product\/9232","targetHints":{"allow":["GET"]}}],"collection":[{"href":"https:\/\/bpont.hu\/shop\/index.php\/wp-json\/wp\/v2\/product"}],"about":[{"href":"https:\/\/bpont.hu\/shop\/index.php\/wp-json\/wp\/v2\/types\/product"}],"version-history":[{"count":1,"href":"https:\/\/bpont.hu\/shop\/index.php\/wp-json\/wp\/v2\/product\/9232\/revisions"}],"predecessor-version":[{"id":9326,"href":"https:\/\/bpont.hu\/shop\/index.php\/wp-json\/wp\/v2\/product\/9232\/revisions\/9326"}],"wp:featuredmedia":[{"embeddable":true,"href":"https:\/\/bpont.hu\/shop\/index.php\/wp-json\/wp\/v2\/media\/9231"}],"wp:attachment":[{"href":"https:\/\/bpont.hu\/shop\/index.php\/wp-json\/wp\/v2\/media?parent=9232"}],"wp:term":[{"taxonomy":"product_brand","embeddable":true,"href":"https:\/\/bpont.hu\/shop\/index.php\/wp-json\/wp\/v2\/product_brand?post=9232"},{"taxonomy":"product_cat","embeddable":true,"href":"https:\/\/bpont.hu\/shop\/index.php\/wp-json\/wp\/v2\/product_cat?post=9232"},{"taxonomy":"product_tag","embeddable":true,"href":"https:\/\/bpont.hu\/shop\/index.php\/wp-json\/wp\/v2\/product_tag?post=9232"}],"curies":[{"name":"wp","href":"https:\/\/api.w.org\/{rel}","templated":true}]}}