{"id":9228,"date":"2025-09-25T08:00:59","date_gmt":"2025-09-25T07:00:59","guid":{"rendered":"https:\/\/bpont.hu\/shop\/index.php\/product\/erosito-600w-4-csatornas\/"},"modified":"2026-03-11T16:40:45","modified_gmt":"2026-03-11T14:40:45","slug":"erosito-600w-4-csatornas","status":"publish","type":"product","link":"https:\/\/bpont.hu\/shop\/index.php\/product\/erosito-600w-4-csatornas\/","title":{"rendered":"PRA-AD604<br>Er\u0151s\u00edt\u0151, 600W 4-csatorn\u00e1s"},"content":{"rendered":"<p>PRA-AD604<br \/>\n&#8211; Rugalmas teljes\u00edtm\u00e9nyeloszt\u00e1s az \u00f6sszes csatorn\u00e1n<br \/>\n&#8211; Alacsony energiafogyaszt\u00e1s \u00e9s h\u0151vesztes\u00e9g<br \/>\n&#8211; Teljes k\u00f6r\u0171 fel\u00fcgyelet integr\u00e1lt hibat\u0171r\u0151 redundanci\u00e1val<br \/>\n&#8211; Digit\u00e1lis jelfeldolgoz\u00e1s csatorn\u00e1nk\u00e9nt<br \/>\n&#8211; IP-h\u00e1l\u00f3zaton kereszt\u00fcl OMNEO-n kereszt\u00fcl hang- \u00e9s vez\u00e9rl\u00e9si funkci\u00f3khoz<\/p>\n<p>Ez egy rugalmas \u00e9s kompakt, t\u00f6bbcsatorn\u00e1s teljes\u00edtm\u00e9nyer\u0151s\u00edt\u0151 100 V-os vagy 70 V-os hangsz\u00f3r\u00f3rendszerekhez hangos\u00edt\u00e1si \u00e9s hangjelz\u00e9si alkalmaz\u00e1sokban. K\u00f6zpontos\u00edtott rendszertopol\u00f3gi\u00e1kba illeszkedik, de az OMNEO IP-h\u00e1l\u00f3zati csatlakoz\u00e1snak \u00e9s a t\u00f6bbfunkci\u00f3s t\u00e1pegys\u00e9gb\u0151l sz\u00e1rmaz\u00f3 egyen\u00e1ram\u00fa t\u00e1pnak k\u00f6sz\u00f6nhet\u0151en a decentraliz\u00e1lt rendszertopol\u00f3gi\u00e1kat is t\u00e1mogatja. Az egyes er\u0151s\u00edt\u0151csatorn\u00e1k kimeneti teljes\u00edtm\u00e9nye a csatlakoztatott hangsz\u00f3r\u00f3terhel\u00e9shez igazodik, amelyet csak a teljes er\u0151s\u00edt\u0151 teljes teljes\u00edtm\u00e9nykerete korl\u00e1toz. Ez a rugalmass\u00e1g, valamint egy tartal\u00e9k er\u0151s\u00edt\u0151csatorna integr\u00e1l\u00e1sa lehet\u0151v\u00e9 teszi a rendelkez\u00e9sre \u00e1ll\u00f3 teljes\u00edtm\u00e9ny hat\u00e9kony kihaszn\u00e1l\u00e1s\u00e1t, \u00e9s kevesebb er\u0151s\u00edt\u0151 haszn\u00e1lat\u00e1t ugyanazon hangsz\u00f3r\u00f3terhel\u00e9s mellett, mint a hagyom\u00e1nyos er\u0151s\u00edt\u0151k haszn\u00e1lata eset\u00e9n. A digit\u00e1lis hangfeldolgoz\u00e1s \u00e9s -vez\u00e9rl\u00e9s, amely az egyes z\u00f3n\u00e1k akusztik\u00e1j\u00e1hoz \u00e9s k\u00f6vetelm\u00e9nyeihez igazodik, jobb hangmin\u0151s\u00e9get \u00e9s besz\u00e9d\u00e9rthet\u0151s\u00e9get biztos\u00edt.<\/p>\n","protected":false},"excerpt":{"rendered":"<p>Rendel\u00e9si k\u00f3d: F.01U.325.043<\/p>\n","protected":false},"featured_media":9227,"template":"","meta":[],"product_brand":[],"product_cat":[410],"product_tag":[25],"class_list":{"0":"post-9228","1":"product","2":"type-product","3":"status-publish","4":"has-post-thumbnail","6":"product_cat-praesensa","7":"product_tag-bosch","9":"first","10":"instock","11":"taxable","12":"shipping-taxable","13":"purchasable","14":"product-type-simple"},"jetpack_sharing_enabled":true,"_links":{"self":[{"href":"https:\/\/bpont.hu\/shop\/index.php\/wp-json\/wp\/v2\/product\/9228","targetHints":{"allow":["GET"]}}],"collection":[{"href":"https:\/\/bpont.hu\/shop\/index.php\/wp-json\/wp\/v2\/product"}],"about":[{"href":"https:\/\/bpont.hu\/shop\/index.php\/wp-json\/wp\/v2\/types\/product"}],"version-history":[{"count":1,"href":"https:\/\/bpont.hu\/shop\/index.php\/wp-json\/wp\/v2\/product\/9228\/revisions"}],"predecessor-version":[{"id":9324,"href":"https:\/\/bpont.hu\/shop\/index.php\/wp-json\/wp\/v2\/product\/9228\/revisions\/9324"}],"wp:featuredmedia":[{"embeddable":true,"href":"https:\/\/bpont.hu\/shop\/index.php\/wp-json\/wp\/v2\/media\/9227"}],"wp:attachment":[{"href":"https:\/\/bpont.hu\/shop\/index.php\/wp-json\/wp\/v2\/media?parent=9228"}],"wp:term":[{"taxonomy":"product_brand","embeddable":true,"href":"https:\/\/bpont.hu\/shop\/index.php\/wp-json\/wp\/v2\/product_brand?post=9228"},{"taxonomy":"product_cat","embeddable":true,"href":"https:\/\/bpont.hu\/shop\/index.php\/wp-json\/wp\/v2\/product_cat?post=9228"},{"taxonomy":"product_tag","embeddable":true,"href":"https:\/\/bpont.hu\/shop\/index.php\/wp-json\/wp\/v2\/product_tag?post=9228"}],"curies":[{"name":"wp","href":"https:\/\/api.w.org\/{rel}","templated":true}]}}