{"id":9220,"date":"2025-09-25T08:00:58","date_gmt":"2025-09-25T07:00:58","guid":{"rendered":"https:\/\/bpont.hu\/shop\/index.php\/product\/optikai-ado-vevo-single-mode\/"},"modified":"2026-03-11T16:40:45","modified_gmt":"2026-03-11T14:40:45","slug":"optikai-ado-vevo-single-mode","status":"publish","type":"product","link":"https:\/\/bpont.hu\/shop\/index.php\/product\/optikai-ado-vevo-single-mode\/","title":{"rendered":"PRA-SFPLX<br>Optikai ad\u00f3-vev\u0151, single mode"},"content":{"rendered":"<p>PRA-SFPLX<\/p>\n<p>A PRA-SFPLX egy kompakt optikai ad\u00f3-vev\u0151 egym\u00f3dus\u00fa sz\u00e1lakhoz, ak\u00e1r 10 km-es t\u00e1vols\u00e1gig. Ez az optikai ad\u00f3-vev\u0151 egy OEM ad\u00f3-vev\u0151, amelyet az Advantech gy\u00e1rtott a Bosch sz\u00e1m\u00e1ra. A PRAESENSA t\u00f6bbfunkci\u00f3s t\u00e1pegys\u00e9g \u00e9s Ethernet switch SFP aljzat\u00e1ba csatlakozik. Megfelel a Fast Ethernet \u00e9s az IEEE 802.3z Gigabit Ethernet szabv\u00e1nyoknak a maxim\u00e1lis teljes\u00edtm\u00e9ny, megb\u00edzhat\u00f3s\u00e1g \u00e9s rugalmass\u00e1g \u00e9rdek\u00e9ben. A PRA-SFPLX EN 54\u201116 tan\u00fas\u00edtv\u00e1nnyal rendelkezik a PRAESENSA rendszerekkel kombin\u00e1lva.<\/p>\n","protected":false},"excerpt":{"rendered":"<p>Rendel\u00e9si k\u00f3d: F.01U.352.103<\/p>\n","protected":false},"featured_media":9219,"template":"","meta":[],"product_brand":[],"product_cat":[410],"product_tag":[25],"class_list":{"0":"post-9220","1":"product","2":"type-product","3":"status-publish","4":"has-post-thumbnail","6":"product_cat-praesensa","7":"product_tag-bosch","9":"first","10":"instock","11":"taxable","12":"shipping-taxable","13":"purchasable","14":"product-type-simple"},"jetpack_sharing_enabled":true,"_links":{"self":[{"href":"https:\/\/bpont.hu\/shop\/index.php\/wp-json\/wp\/v2\/product\/9220","targetHints":{"allow":["GET"]}}],"collection":[{"href":"https:\/\/bpont.hu\/shop\/index.php\/wp-json\/wp\/v2\/product"}],"about":[{"href":"https:\/\/bpont.hu\/shop\/index.php\/wp-json\/wp\/v2\/types\/product"}],"version-history":[{"count":1,"href":"https:\/\/bpont.hu\/shop\/index.php\/wp-json\/wp\/v2\/product\/9220\/revisions"}],"predecessor-version":[{"id":9320,"href":"https:\/\/bpont.hu\/shop\/index.php\/wp-json\/wp\/v2\/product\/9220\/revisions\/9320"}],"wp:featuredmedia":[{"embeddable":true,"href":"https:\/\/bpont.hu\/shop\/index.php\/wp-json\/wp\/v2\/media\/9219"}],"wp:attachment":[{"href":"https:\/\/bpont.hu\/shop\/index.php\/wp-json\/wp\/v2\/media?parent=9220"}],"wp:term":[{"taxonomy":"product_brand","embeddable":true,"href":"https:\/\/bpont.hu\/shop\/index.php\/wp-json\/wp\/v2\/product_brand?post=9220"},{"taxonomy":"product_cat","embeddable":true,"href":"https:\/\/bpont.hu\/shop\/index.php\/wp-json\/wp\/v2\/product_cat?post=9220"},{"taxonomy":"product_tag","embeddable":true,"href":"https:\/\/bpont.hu\/shop\/index.php\/wp-json\/wp\/v2\/product_tag?post=9220"}],"curies":[{"name":"wp","href":"https:\/\/api.w.org\/{rel}","templated":true}]}}