{"id":9218,"date":"2025-09-25T08:00:57","date_gmt":"2025-09-25T07:00:57","guid":{"rendered":"https:\/\/bpont.hu\/shop\/index.php\/product\/vonal-levalaszto-meghajto\/"},"modified":"2026-03-11T16:40:45","modified_gmt":"2026-03-11T14:40:45","slug":"vonal-levalaszto-meghajto","status":"publish","type":"product","link":"https:\/\/bpont.hu\/shop\/index.php\/product\/vonal-levalaszto-meghajto\/","title":{"rendered":"PRA-LID<br>Vonal lev\u00e1laszt\u00f3 meghajt\u00f3"},"content":{"rendered":"<p>PRA-LID<\/p>\n<p>A PRA-LID a PRAESENSA hangos\u00edt\u00e1si v\u00e9szjelz\u0151 megold\u00e1s hangsz\u00f3r\u00f3vonal-lev\u00e1laszt\u00f3 rendszer\u00e9nek k\u00e9t f\u0151 alkot\u00f3elem\u00e9nek egyike.<\/p>\n","protected":false},"excerpt":{"rendered":"<p>Rendel\u00e9si k\u00f3d: F.01U.393.728<\/p>\n","protected":false},"featured_media":9217,"template":"","meta":[],"product_brand":[],"product_cat":[410],"product_tag":[25],"class_list":{"0":"post-9218","1":"product","2":"type-product","3":"status-publish","4":"has-post-thumbnail","6":"product_cat-praesensa","7":"product_tag-bosch","9":"first","10":"instock","11":"taxable","12":"shipping-taxable","13":"purchasable","14":"product-type-simple"},"jetpack_sharing_enabled":true,"_links":{"self":[{"href":"https:\/\/bpont.hu\/shop\/index.php\/wp-json\/wp\/v2\/product\/9218","targetHints":{"allow":["GET"]}}],"collection":[{"href":"https:\/\/bpont.hu\/shop\/index.php\/wp-json\/wp\/v2\/product"}],"about":[{"href":"https:\/\/bpont.hu\/shop\/index.php\/wp-json\/wp\/v2\/types\/product"}],"version-history":[{"count":1,"href":"https:\/\/bpont.hu\/shop\/index.php\/wp-json\/wp\/v2\/product\/9218\/revisions"}],"predecessor-version":[{"id":9319,"href":"https:\/\/bpont.hu\/shop\/index.php\/wp-json\/wp\/v2\/product\/9218\/revisions\/9319"}],"wp:featuredmedia":[{"embeddable":true,"href":"https:\/\/bpont.hu\/shop\/index.php\/wp-json\/wp\/v2\/media\/9217"}],"wp:attachment":[{"href":"https:\/\/bpont.hu\/shop\/index.php\/wp-json\/wp\/v2\/media?parent=9218"}],"wp:term":[{"taxonomy":"product_brand","embeddable":true,"href":"https:\/\/bpont.hu\/shop\/index.php\/wp-json\/wp\/v2\/product_brand?post=9218"},{"taxonomy":"product_cat","embeddable":true,"href":"https:\/\/bpont.hu\/shop\/index.php\/wp-json\/wp\/v2\/product_cat?post=9218"},{"taxonomy":"product_tag","embeddable":true,"href":"https:\/\/bpont.hu\/shop\/index.php\/wp-json\/wp\/v2\/product_tag?post=9218"}],"curies":[{"name":"wp","href":"https:\/\/api.w.org\/{rel}","templated":true}]}}