{"id":9212,"date":"2025-09-25T08:00:55","date_gmt":"2025-09-25T07:00:55","guid":{"rendered":"https:\/\/bpont.hu\/shop\/index.php\/product\/ethernet-switch-8xpoe-2xsfp\/"},"modified":"2026-03-11T16:40:45","modified_gmt":"2026-03-11T14:40:45","slug":"ethernet-switch-8xpoe-2xsfp","status":"publish","type":"product","link":"https:\/\/bpont.hu\/shop\/index.php\/product\/ethernet-switch-8xpoe-2xsfp\/","title":{"rendered":"PRA-ES8P2S<br>Ethernet switch, 8xPoE, 2xSFP"},"content":{"rendered":"<p>PRA-ES8P2S<\/p>\n<p>A PRA-ES8P2S egy kompakt, DIN-s\u00ednre szerelhet\u0151 Ethernet-kapcsol\u00f3 nyolc gigabites r\u00e9zporttal. T\u00e1mogatja a Power over Ethernet (PoE) \u00e9s k\u00e9t gigabites SFP kombin\u00e1lt portot. Ez az Ethernet-kapcsol\u00f3 egy OEM-kapcsol\u00f3, amelyet az Advantech gy\u00e1rtott a Bosch sz\u00e1m\u00e1ra a Bosch hangos\u00edt\u00e1si \u00e9s hangjelz\u0151 rendszereiben val\u00f3 haszn\u00e1latra. Ez az EKI-7710G-2CP-AE kapcsol\u00f3 el\u0151re konfigur\u00e1lt v\u00e1ltozata, amelyet a PRAESENSA rendszerekhez optimaliz\u00e1ltak. A PRAESENSA rendszerekkel kombin\u00e1lva EN 54\u201116 tan\u00fas\u00edtv\u00e1nnyal rendelkezik. A PRAESENSA rendszervez\u00e9rl\u0151 \u00e9s a t\u00f6bbfunkci\u00f3s t\u00e1pegys\u00e9g kapcsol\u00f3portjai mellett is haszn\u00e1lhat\u00f3. Ez k\u00fcl\u00f6n\u00f6sen k\u00e9nyelmes nagy rendszerekben, ahol t\u00f6bb SFP portra van sz\u00fcks\u00e9g az \u00fcvegsz\u00e1lon kereszt\u00fcli nagy t\u00e1vols\u00e1g\u00fa \u00f6sszek\u00f6ttet\u00e9sekhez, vagy t\u00f6bb PoE-k\u00e9pes portra a PRAESENSA bemond\u00f3\u00e1llom\u00e1sok t\u00e1pl\u00e1l\u00e1s\u00e1hoz.<\/p>\n<p>&#8211; 8 db gigabites port PoE-vel<br \/>\n&#8211; 2 db gigabites kombin\u00e1lt port SFP aljzatokkal \u00fcvegsz\u00e1las ad\u00f3-vev\u0151kh\u00f6z<br \/>\n&#8211; H\u00e1l\u00f3zati redundancia STP\/MSTP\/RSTP-n kereszt\u00fcl<br \/>\n&#8211; Kett\u0151s t\u00e1pcsatlakoz\u00f3k<br \/>\n&#8211; Hibarel\u00e9<\/p>\n","protected":false},"excerpt":{"rendered":"<p>Rendel\u00e9si k\u00f3d: F.01U.352.102<\/p>\n","protected":false},"featured_media":9211,"template":"","meta":[],"product_brand":[],"product_cat":[410],"product_tag":[25],"class_list":{"0":"post-9212","1":"product","2":"type-product","3":"status-publish","4":"has-post-thumbnail","6":"product_cat-praesensa","7":"product_tag-bosch","9":"first","10":"instock","11":"taxable","12":"shipping-taxable","13":"purchasable","14":"product-type-simple"},"jetpack_sharing_enabled":true,"_links":{"self":[{"href":"https:\/\/bpont.hu\/shop\/index.php\/wp-json\/wp\/v2\/product\/9212","targetHints":{"allow":["GET"]}}],"collection":[{"href":"https:\/\/bpont.hu\/shop\/index.php\/wp-json\/wp\/v2\/product"}],"about":[{"href":"https:\/\/bpont.hu\/shop\/index.php\/wp-json\/wp\/v2\/types\/product"}],"version-history":[{"count":1,"href":"https:\/\/bpont.hu\/shop\/index.php\/wp-json\/wp\/v2\/product\/9212\/revisions"}],"predecessor-version":[{"id":9316,"href":"https:\/\/bpont.hu\/shop\/index.php\/wp-json\/wp\/v2\/product\/9212\/revisions\/9316"}],"wp:featuredmedia":[{"embeddable":true,"href":"https:\/\/bpont.hu\/shop\/index.php\/wp-json\/wp\/v2\/media\/9211"}],"wp:attachment":[{"href":"https:\/\/bpont.hu\/shop\/index.php\/wp-json\/wp\/v2\/media?parent=9212"}],"wp:term":[{"taxonomy":"product_brand","embeddable":true,"href":"https:\/\/bpont.hu\/shop\/index.php\/wp-json\/wp\/v2\/product_brand?post=9212"},{"taxonomy":"product_cat","embeddable":true,"href":"https:\/\/bpont.hu\/shop\/index.php\/wp-json\/wp\/v2\/product_cat?post=9212"},{"taxonomy":"product_tag","embeddable":true,"href":"https:\/\/bpont.hu\/shop\/index.php\/wp-json\/wp\/v2\/product_tag?post=9212"}],"curies":[{"name":"wp","href":"https:\/\/api.w.org\/{rel}","templated":true}]}}