{"id":9210,"date":"2025-09-25T08:00:54","date_gmt":"2025-09-25T07:00:54","guid":{"rendered":"https:\/\/bpont.hu\/shop\/index.php\/product\/vonalveg-eszkoz-8db-csomag\/"},"modified":"2026-03-11T16:40:44","modified_gmt":"2026-03-11T14:40:44","slug":"vonalveg-eszkoz-8db-csomag","status":"publish","type":"product","link":"https:\/\/bpont.hu\/shop\/index.php\/product\/vonalveg-eszkoz-8db-csomag\/","title":{"rendered":"PRA-EOL<br>Vonalv\u00e9g eszk\u00f6z 8db\/csomag"},"content":{"rendered":"<p>PRA-EOL<\/p>\n<p>A lez\u00e1r\u00f3 eszk\u00f6z megb\u00edzhat\u00f3 megold\u00e1st k\u00edn\u00e1l a hangsz\u00f3r\u00f3vezet\u00e9k integrit\u00e1s\u00e1nak fel\u00fcgyelet\u00e9re, ami elengedhetetlen a v\u00e9szhelyzeti hangrendszerekhez.<br \/>\nA hangsz\u00f3r\u00f3vezet\u00e9k v\u00e9g\u00e9re, a hurkban l\u00e9v\u0151  utols\u00f3 hangsz\u00f3r\u00f3 ut\u00e1n csatlakozik.<br \/>\nKommunik\u00e1l a hangsz\u00f3r\u00f3vezet\u00e9ket meghajt\u00f3 PRAESENSA er\u0151s\u00edt\u0151csatorn\u00e1val a vonal integrit\u00e1s\u00e1nak \u00e9rdek\u00e9ben.<br \/>\nAhol az impedanciam\u00e9r\u00e9sek nem \u00e9rz\u00e9kelik a lev\u00e1lasztott hangsz\u00f3r\u00f3t \u2013 a csatlakoztatott hangsz\u00f3r\u00f3k sz\u00e1m\u00e1t\u00f3l \u00e9s a k\u00e1belt\u00edpust\u00f3l f\u00fcgg\u0151en \u2013, vagy t\u00e9ves hib\u00e1kat jeleznek, a lez\u00e1r\u00f3 eszk\u00f6z kiv\u00e1l\u00f3 megold\u00e1st k\u00edn\u00e1l a hangsz\u00f3r\u00f3vezet\u00e9k helyes \u00e1llapot\u00e1nak jelz\u00e9s\u00e9re.<\/p>\n","protected":false},"excerpt":{"rendered":"<p>Rendel\u00e9si k\u00f3d: F.01U.325.045<br \/>\nRendel\u00e9sn\u00e9l a 8 \u00e9s t\u00f6bbsz\u00f6r\u00f6s\u00e9t k\u00e9rj\u00fck kiv\u00e1lasztani, egy\u00e9bb esetben felfel\u00e9 kerek\u00edtj\u00fck.<\/p>\n","protected":false},"featured_media":9209,"template":"","meta":[],"product_brand":[],"product_cat":[410],"product_tag":[25],"class_list":{"0":"post-9210","1":"product","2":"type-product","3":"status-publish","4":"has-post-thumbnail","6":"product_cat-praesensa","7":"product_tag-bosch","9":"first","10":"instock","11":"taxable","12":"shipping-taxable","13":"purchasable","14":"product-type-simple"},"jetpack_sharing_enabled":true,"_links":{"self":[{"href":"https:\/\/bpont.hu\/shop\/index.php\/wp-json\/wp\/v2\/product\/9210","targetHints":{"allow":["GET"]}}],"collection":[{"href":"https:\/\/bpont.hu\/shop\/index.php\/wp-json\/wp\/v2\/product"}],"about":[{"href":"https:\/\/bpont.hu\/shop\/index.php\/wp-json\/wp\/v2\/types\/product"}],"version-history":[{"count":1,"href":"https:\/\/bpont.hu\/shop\/index.php\/wp-json\/wp\/v2\/product\/9210\/revisions"}],"predecessor-version":[{"id":9315,"href":"https:\/\/bpont.hu\/shop\/index.php\/wp-json\/wp\/v2\/product\/9210\/revisions\/9315"}],"wp:featuredmedia":[{"embeddable":true,"href":"https:\/\/bpont.hu\/shop\/index.php\/wp-json\/wp\/v2\/media\/9209"}],"wp:attachment":[{"href":"https:\/\/bpont.hu\/shop\/index.php\/wp-json\/wp\/v2\/media?parent=9210"}],"wp:term":[{"taxonomy":"product_brand","embeddable":true,"href":"https:\/\/bpont.hu\/shop\/index.php\/wp-json\/wp\/v2\/product_brand?post=9210"},{"taxonomy":"product_cat","embeddable":true,"href":"https:\/\/bpont.hu\/shop\/index.php\/wp-json\/wp\/v2\/product_cat?post=9210"},{"taxonomy":"product_tag","embeddable":true,"href":"https:\/\/bpont.hu\/shop\/index.php\/wp-json\/wp\/v2\/product_tag?post=9210"}],"curies":[{"name":"wp","href":"https:\/\/api.w.org\/{rel}","templated":true}]}}