{"id":9206,"date":"2025-09-25T08:00:53","date_gmt":"2025-09-25T07:00:53","guid":{"rendered":"https:\/\/bpont.hu\/shop\/index.php\/product\/paviro-veszhivo-allomas\/"},"modified":"2026-03-11T16:40:44","modified_gmt":"2026-03-11T14:40:44","slug":"paviro-veszhivo-allomas","status":"publish","type":"product","link":"https:\/\/bpont.hu\/shop\/index.php\/product\/paviro-veszhivo-allomas\/","title":{"rendered":"PVA-15ECS<br>PAVIRO v\u00e9szh\u00edv\u00f3 \u00e1llom\u00e1s"},"content":{"rendered":"<p>PVA-15ECS<\/p>\n<p>&#8211; H\u00edv\u00f3\u00e1llom\u00e1s puha tapint\u00e1s\u00fa gombbal<br \/>\n&#8211; Be\u00e9p\u00edtett riaszt\u00f3gombok \u00e9s kulcsos kapcsol\u00f3 v\u00e9szhelyzeti haszn\u00e1latra<br \/>\n&#8211; 15 szabadon programozhat\u00f3 gomb<br \/>\n&#8211; Testreszab\u00e1s be\u00e9p\u00edtett kijelz\u0151n \u00e9s gombokon kereszt\u00fcl<br \/>\n&#8211; EN 54-16 rendszertan\u00fas\u00edtv\u00e1ny<\/p>\n<p>A PVA-15ECS a PAVIRO rendszer v\u00e9szh\u00edv\u00f3 \u00e1llom\u00e1sa.<br \/>\nA v\u00e9szh\u00edv\u00f3 \u00e1llom\u00e1s egy g\u00e9ge mikrofonnal, hangv\u00e9d\u0151vel \u00e9s \u00e1lland\u00f3 monitoroz\u00e1ssal, \u00f6sszesen 20 gombbal, megvil\u00e1g\u00edtott kijelz\u0151panellel \u00e9s be\u00e9p\u00edtett hangsz\u00f3r\u00f3val rendelkezik, ak\u00e1rcsak a standard PVA-15CST h\u00edv\u00f3\u00e1llom\u00e1s. Ezenk\u00edv\u00fcl gy\u00e1rilag k\u00e9t v\u00e9d\u0151fed\u00e9llel ell\u00e1tott riaszt\u00f3gomb \u00e9s egy kulcsos kapcsol\u00f3 tartozik hozz\u00e1.<\/p>\n","protected":false},"excerpt":{"rendered":"<p>Rendel\u00e9si k\u00f3d: F.01U.322.533<\/p>\n","protected":false},"featured_media":9205,"template":"","meta":[],"product_brand":[],"product_cat":[363],"product_tag":[25],"class_list":{"0":"post-9206","1":"product","2":"type-product","3":"status-publish","4":"has-post-thumbnail","6":"product_cat-paviro","7":"product_tag-bosch","9":"first","10":"instock","11":"taxable","12":"shipping-taxable","13":"purchasable","14":"product-type-simple"},"jetpack_sharing_enabled":true,"_links":{"self":[{"href":"https:\/\/bpont.hu\/shop\/index.php\/wp-json\/wp\/v2\/product\/9206","targetHints":{"allow":["GET"]}}],"collection":[{"href":"https:\/\/bpont.hu\/shop\/index.php\/wp-json\/wp\/v2\/product"}],"about":[{"href":"https:\/\/bpont.hu\/shop\/index.php\/wp-json\/wp\/v2\/types\/product"}],"version-history":[{"count":1,"href":"https:\/\/bpont.hu\/shop\/index.php\/wp-json\/wp\/v2\/product\/9206\/revisions"}],"predecessor-version":[{"id":9313,"href":"https:\/\/bpont.hu\/shop\/index.php\/wp-json\/wp\/v2\/product\/9206\/revisions\/9313"}],"wp:featuredmedia":[{"embeddable":true,"href":"https:\/\/bpont.hu\/shop\/index.php\/wp-json\/wp\/v2\/media\/9205"}],"wp:attachment":[{"href":"https:\/\/bpont.hu\/shop\/index.php\/wp-json\/wp\/v2\/media?parent=9206"}],"wp:term":[{"taxonomy":"product_brand","embeddable":true,"href":"https:\/\/bpont.hu\/shop\/index.php\/wp-json\/wp\/v2\/product_brand?post=9206"},{"taxonomy":"product_cat","embeddable":true,"href":"https:\/\/bpont.hu\/shop\/index.php\/wp-json\/wp\/v2\/product_cat?post=9206"},{"taxonomy":"product_tag","embeddable":true,"href":"https:\/\/bpont.hu\/shop\/index.php\/wp-json\/wp\/v2\/product_tag?post=9206"}],"curies":[{"name":"wp","href":"https:\/\/api.w.org\/{rel}","templated":true}]}}