{"id":9168,"date":"2025-09-25T08:00:39","date_gmt":"2025-09-25T07:00:39","guid":{"rendered":"https:\/\/bpont.hu\/shop\/index.php\/product\/zenei-forras-bluetooth-usb-sd-tuner\/"},"modified":"2026-03-11T16:40:42","modified_gmt":"2026-03-11T14:40:42","slug":"zenei-forras-bluetooth-usb-sd-tuner","status":"publish","type":"product","link":"https:\/\/bpont.hu\/shop\/index.php\/product\/zenei-forras-bluetooth-usb-sd-tuner\/","title":{"rendered":"PRM-USTB<br>Zenei forr\u00e1s Bluetooth,  USB, SD, Tuner"},"content":{"rendered":"<p>PRM-USTB<\/p>\n<p>A PRM-UST egy professzion\u00e1lis, t\u00f6bb forr\u00e1sb\u00f3l m\u0171k\u00f6d\u0151 zenelej\u00e1tsz\u00f3, amelyet h\u00e1tt\u00e9rzeneforr\u00e1sk\u00e9nt val\u00f3 haszn\u00e1latra sz\u00e1ntak hangos\u00edt\u00e1si \u00e9s kereskedelmi audio alkalmaz\u00e1sokhoz. USB interf\u00e9sszel, SD-k\u00e1rtya bemenettel rendelkezik a t\u00e1rolt zenef\u00e1jlok lej\u00e1tsz\u00e1s\u00e1hoz, valamint tunerrel az FM frekvencias\u00e1v\u00fa m\u0171sorsz\u00f3r\u00f3 vev\u0151h\u00f6z. Sz\u00e1llod\u00e1kban, \u00fczletekben, szupermarketekben, \u00e9ttermekben, b\u00e1rokban, menz\u00e1kon, edz\u0151termekben, bemutat\u00f3termekben \u00e9s m\u00e1s olyan helyeken haszn\u00e1lj\u00e1k, ahol a h\u00e1tt\u00e9rzene megfelel\u0151 hangulatot teremt.<\/p>\n","protected":false},"excerpt":{"rendered":"<p>Rendel\u00e9si k\u00f3d: F.01U.398.584<\/p>\n","protected":false},"featured_media":9166,"template":"","meta":[],"product_brand":[],"product_cat":[360],"product_tag":[25],"class_list":{"0":"post-9168","1":"product","2":"type-product","3":"status-publish","4":"has-post-thumbnail","6":"product_cat-plena","7":"product_tag-bosch","9":"first","10":"instock","11":"taxable","12":"shipping-taxable","13":"purchasable","14":"product-type-simple"},"jetpack_sharing_enabled":true,"_links":{"self":[{"href":"https:\/\/bpont.hu\/shop\/index.php\/wp-json\/wp\/v2\/product\/9168","targetHints":{"allow":["GET"]}}],"collection":[{"href":"https:\/\/bpont.hu\/shop\/index.php\/wp-json\/wp\/v2\/product"}],"about":[{"href":"https:\/\/bpont.hu\/shop\/index.php\/wp-json\/wp\/v2\/types\/product"}],"version-history":[{"count":1,"href":"https:\/\/bpont.hu\/shop\/index.php\/wp-json\/wp\/v2\/product\/9168\/revisions"}],"predecessor-version":[{"id":9291,"href":"https:\/\/bpont.hu\/shop\/index.php\/wp-json\/wp\/v2\/product\/9168\/revisions\/9291"}],"wp:featuredmedia":[{"embeddable":true,"href":"https:\/\/bpont.hu\/shop\/index.php\/wp-json\/wp\/v2\/media\/9166"}],"wp:attachment":[{"href":"https:\/\/bpont.hu\/shop\/index.php\/wp-json\/wp\/v2\/media?parent=9168"}],"wp:term":[{"taxonomy":"product_brand","embeddable":true,"href":"https:\/\/bpont.hu\/shop\/index.php\/wp-json\/wp\/v2\/product_brand?post=9168"},{"taxonomy":"product_cat","embeddable":true,"href":"https:\/\/bpont.hu\/shop\/index.php\/wp-json\/wp\/v2\/product_cat?post=9168"},{"taxonomy":"product_tag","embeddable":true,"href":"https:\/\/bpont.hu\/shop\/index.php\/wp-json\/wp\/v2\/product_tag?post=9168"}],"curies":[{"name":"wp","href":"https:\/\/api.w.org\/{rel}","templated":true}]}}