{"id":9161,"date":"2025-09-25T08:00:37","date_gmt":"2025-09-25T07:00:37","guid":{"rendered":"https:\/\/bpont.hu\/shop\/index.php\/product\/idojarasvedo-burkolat-5-8-dupla-tomszelences-2db-fekete\/"},"modified":"2026-05-05T14:46:35","modified_gmt":"2026-05-05T12:46:35","slug":"idojarasvedo-burkolat-5-8-dupla-tomszelences-2db-fekete","status":"publish","type":"product","link":"https:\/\/bpont.hu\/shop\/index.php\/product\/idojarasvedo-burkolat-5-8-dupla-tomszelences-2db-fekete\/","title":{"rendered":"WC-58DB<br>Id\u0151j\u00e1r\u00e1sv\u00e9d\u0151 burkolat 5&#8243;, 8&#8243; dupla t\u00f6mszelenc\u00e9s 2db fekete"},"content":{"rendered":"<p>WC-58DB<\/p>\n","protected":false},"excerpt":{"rendered":"<p>Rendel\u00e9si k\u00f3d: F.01U.395.071<\/p>\n","protected":false},"featured_media":9160,"template":"","meta":[],"product_brand":[],"product_cat":[362],"product_tag":[25],"class_list":{"0":"post-9161","1":"product","2":"type-product","3":"status-publish","4":"has-post-thumbnail","6":"product_cat-tartozekok-hangszorok","7":"product_tag-bosch","9":"first","10":"instock","11":"taxable","12":"shipping-taxable","13":"purchasable","14":"product-type-simple"},"jetpack_sharing_enabled":true,"_links":{"self":[{"href":"https:\/\/bpont.hu\/shop\/index.php\/wp-json\/wp\/v2\/product\/9161","targetHints":{"allow":["GET"]}}],"collection":[{"href":"https:\/\/bpont.hu\/shop\/index.php\/wp-json\/wp\/v2\/product"}],"about":[{"href":"https:\/\/bpont.hu\/shop\/index.php\/wp-json\/wp\/v2\/types\/product"}],"version-history":[{"count":1,"href":"https:\/\/bpont.hu\/shop\/index.php\/wp-json\/wp\/v2\/product\/9161\/revisions"}],"predecessor-version":[{"id":9287,"href":"https:\/\/bpont.hu\/shop\/index.php\/wp-json\/wp\/v2\/product\/9161\/revisions\/9287"}],"wp:featuredmedia":[{"embeddable":true,"href":"https:\/\/bpont.hu\/shop\/index.php\/wp-json\/wp\/v2\/media\/9160"}],"wp:attachment":[{"href":"https:\/\/bpont.hu\/shop\/index.php\/wp-json\/wp\/v2\/media?parent=9161"}],"wp:term":[{"taxonomy":"product_brand","embeddable":true,"href":"https:\/\/bpont.hu\/shop\/index.php\/wp-json\/wp\/v2\/product_brand?post=9161"},{"taxonomy":"product_cat","embeddable":true,"href":"https:\/\/bpont.hu\/shop\/index.php\/wp-json\/wp\/v2\/product_cat?post=9161"},{"taxonomy":"product_tag","embeddable":true,"href":"https:\/\/bpont.hu\/shop\/index.php\/wp-json\/wp\/v2\/product_tag?post=9161"}],"curies":[{"name":"wp","href":"https:\/\/api.w.org\/{rel}","templated":true}]}}