{"id":9155,"date":"2025-09-25T08:00:33","date_gmt":"2025-09-25T07:00:33","guid":{"rendered":"https:\/\/bpont.hu\/shop\/index.php\/product\/u-konzol-10-melynyomohoz-feher\/"},"modified":"2026-05-05T14:46:35","modified_gmt":"2026-05-05T12:46:35","slug":"u-konzol-10-melynyomohoz-feher","status":"publish","type":"product","link":"https:\/\/bpont.hu\/shop\/index.php\/product\/u-konzol-10-melynyomohoz-feher\/","title":{"rendered":"UB-10DW<br>U-konzol 10&#8243; m\u00e9lynyom\u00f3hoz feh\u00e9r"},"content":{"rendered":"<p>UB-10DW<\/p>\n<p>Color: \t                    White<br \/>\nDimensions<br \/>\n(H x W x D): \t170 mm x 505 mm x 760 mm (6.69 in. x 19.88 in. x 29.92 in.)<br \/>\nNet weight: \t4.66 kg (10.24 lb)<\/p>\n","protected":false},"excerpt":{"rendered":"<p>Rendel\u00e9si k\u00f3d: F.01U.344.852<\/p>\n","protected":false},"featured_media":9154,"template":"","meta":[],"product_brand":[],"product_cat":[362],"product_tag":[25],"class_list":{"0":"post-9155","1":"product","2":"type-product","3":"status-publish","4":"has-post-thumbnail","6":"product_cat-tartozekok-hangszorok","7":"product_tag-bosch","9":"first","10":"instock","11":"taxable","12":"shipping-taxable","13":"purchasable","14":"product-type-simple"},"jetpack_sharing_enabled":true,"_links":{"self":[{"href":"https:\/\/bpont.hu\/shop\/index.php\/wp-json\/wp\/v2\/product\/9155","targetHints":{"allow":["GET"]}}],"collection":[{"href":"https:\/\/bpont.hu\/shop\/index.php\/wp-json\/wp\/v2\/product"}],"about":[{"href":"https:\/\/bpont.hu\/shop\/index.php\/wp-json\/wp\/v2\/types\/product"}],"version-history":[{"count":1,"href":"https:\/\/bpont.hu\/shop\/index.php\/wp-json\/wp\/v2\/product\/9155\/revisions"}],"predecessor-version":[{"id":9284,"href":"https:\/\/bpont.hu\/shop\/index.php\/wp-json\/wp\/v2\/product\/9155\/revisions\/9284"}],"wp:featuredmedia":[{"embeddable":true,"href":"https:\/\/bpont.hu\/shop\/index.php\/wp-json\/wp\/v2\/media\/9154"}],"wp:attachment":[{"href":"https:\/\/bpont.hu\/shop\/index.php\/wp-json\/wp\/v2\/media?parent=9155"}],"wp:term":[{"taxonomy":"product_brand","embeddable":true,"href":"https:\/\/bpont.hu\/shop\/index.php\/wp-json\/wp\/v2\/product_brand?post=9155"},{"taxonomy":"product_cat","embeddable":true,"href":"https:\/\/bpont.hu\/shop\/index.php\/wp-json\/wp\/v2\/product_cat?post=9155"},{"taxonomy":"product_tag","embeddable":true,"href":"https:\/\/bpont.hu\/shop\/index.php\/wp-json\/wp\/v2\/product_tag?post=9155"}],"curies":[{"name":"wp","href":"https:\/\/api.w.org\/{rel}","templated":true}]}}