{"id":9143,"date":"2025-09-25T08:00:24","date_gmt":"2025-09-25T07:00:24","guid":{"rendered":"https:\/\/bpont.hu\/shop\/index.php\/product\/praesensa-rendszervezerlo-kicsi\/"},"modified":"2026-03-11T16:40:42","modified_gmt":"2026-03-11T14:40:42","slug":"praesensa-rendszervezerlo-kicsi","status":"publish","type":"product","link":"https:\/\/bpont.hu\/shop\/index.php\/product\/praesensa-rendszervezerlo-kicsi\/","title":{"rendered":"PRA-SCS<br>PRAESENSA Rendszervez\u00e9rl\u0151, kicsi"},"content":{"rendered":"<p>PRA-SCS<br \/>\n&#8211; Teljes k\u00f6r\u0171 vez\u00e9rl\u00e9s a PRAESENSA eszk\u00f6z\u00f6k \u00e9s a hang\u00fatv\u00e1laszt\u00e1s felett<br \/>\n&#8211; Be\u00e9p\u00edtett fel\u00fcgyelt t\u00e1rol\u00f3 az \u00fczenetek \u00e9s hangf\u00e1jlok sz\u00e1m\u00e1ra<br \/>\n&#8211; Dante hangbemeneti \u00e9s -kimeneti adatfolyamok t\u00e1mogat\u00e1sa<br \/>\n&#8211; Ny\u00edlt interf\u00e9sz harmadik f\u00e9lt\u0151l sz\u00e1rmaz\u00f3 alkalmaz\u00e1sokhoz<br \/>\n&#8211; IP-h\u00e1l\u00f3zaton kereszt\u00fcl csatlakoztatva az OMNEO-hoz a hangz\u00e1s \u00e9s a vez\u00e9rl\u00e9s \u00e9rdek\u00e9ben<\/p>\n<p>A PRA-SCS kism\u00e9ret\u0171 rendszervez\u00e9rl\u0151 a PRAESENSA rendszervez\u00e9rl\u0151k \u00e1rkateg\u00f3ri\u00e1sabb v\u00e1ltozata. A kism\u00e9ret\u0171 vez\u00e9rl\u0151 a PRA-SCL nagym\u00e9ret\u0171 rendszervez\u00e9rl\u0151 \u00f6sszes funkci\u00f3j\u00e1val rendelkezik, kiv\u00e9ve a rendszer m\u00e9ret\u00e9vel kapcsolatos n\u00e9h\u00e1ny korl\u00e1toz\u00e1st.<br \/>\nA rendszervez\u00e9rl\u0151 kezeli a PRAESENSA hangos\u00edt\u00e1si \u00e9s v\u00e9szhangos\u00edt\u00e1si rendszer \u00f6sszes rendszerrel kapcsolatos funkci\u00f3j\u00e1t. \u00c1tir\u00e1ny\u00edtja az \u00f6sszes hangkapcsolatot a h\u00e1l\u00f3zatra csatlakoztatott PRAESENSA hangforr\u00e1sok \u00e9s c\u00e9l\u00e1llom\u00e1sok k\u00f6z\u00f6tt. Fel\u00fcgyeli \u00e9s lej\u00e1tssza a flash mem\u00f3ri\u00e1j\u00e1ban t\u00e1rolt \u00fczeneteket \u00e9s hangokat, ak\u00e1r \u00fctemezve, ak\u00e1r manu\u00e1lisan elind\u00edtva egy bemond\u00f3pultr\u00f3l vagy sz\u00e1m\u00edt\u00f3g\u00e9pr\u0151l. Kezeli a h\u00e1tt\u00e9rzene-folyamok, valamint az egy\u00e9ni \u00e9s v\u00e9szhelyzeti h\u00edv\u00e1sok \u00e1tir\u00e1ny\u00edt\u00e1s\u00e1t, mindezt a priorit\u00e1si szint \u00e9s a z\u00f3na foglalts\u00e1ga alapj\u00e1n. \u00d6sszegy\u0171jti a csatlakoztatott rendszereszk\u00f6z\u00f6k \u00f6sszes \u00e1llapotinform\u00e1ci\u00f3j\u00e1t, kezeli az esem\u00e9nynapl\u00f3kat \u00e9s jelenti a hib\u00e1kat.<br \/>\nA rendszervez\u00e9rl\u0151 OMNEO-n kereszt\u00fcl csatlakozik a h\u00e1l\u00f3zathoz, \u00e9s egyen\u00e1ram\u00fa t\u00e1pegys\u00e9gr\u0151l kap \u00e1ramot, integr\u00e1lt akkumul\u00e1toros sz\u00fcnetmentes t\u00e1pegys\u00e9ggel, amely mind a centraliz\u00e1lt, mind a decentraliz\u00e1lt rendszertopol\u00f3gi\u00e1kat k\u00e9pes kezelni. A rendszer t\u00f6bbi eszk\u00f6z\u00e9hez a be\u00e9p\u00edtett 5 portos switch seg\u00edts\u00e9g\u00e9vel lehet csatlakozni, amely t\u00e1mogatja az RSTP-t. A be\u00e9p\u00edtett webszerver lehet\u0151v\u00e9 teszi a rendszer b\u00f6ng\u00e9sz\u0151n kereszt\u00fcli konfigur\u00e1l\u00e1s\u00e1t.<\/p>\n","protected":false},"excerpt":{"rendered":"<p>Rendel\u00e9si k\u00f3d: F.01U.325.040<\/p>\n","protected":false},"featured_media":9142,"template":"","meta":[],"product_brand":[],"product_cat":[410],"product_tag":[25],"class_list":{"0":"post-9143","1":"product","2":"type-product","3":"status-publish","4":"has-post-thumbnail","6":"product_cat-praesensa","7":"product_tag-bosch","9":"first","10":"instock","11":"taxable","12":"shipping-taxable","13":"purchasable","14":"product-type-simple"},"jetpack_sharing_enabled":true,"_links":{"self":[{"href":"https:\/\/bpont.hu\/shop\/index.php\/wp-json\/wp\/v2\/product\/9143","targetHints":{"allow":["GET"]}}],"collection":[{"href":"https:\/\/bpont.hu\/shop\/index.php\/wp-json\/wp\/v2\/product"}],"about":[{"href":"https:\/\/bpont.hu\/shop\/index.php\/wp-json\/wp\/v2\/types\/product"}],"version-history":[{"count":1,"href":"https:\/\/bpont.hu\/shop\/index.php\/wp-json\/wp\/v2\/product\/9143\/revisions"}],"predecessor-version":[{"id":9278,"href":"https:\/\/bpont.hu\/shop\/index.php\/wp-json\/wp\/v2\/product\/9143\/revisions\/9278"}],"wp:featuredmedia":[{"embeddable":true,"href":"https:\/\/bpont.hu\/shop\/index.php\/wp-json\/wp\/v2\/media\/9142"}],"wp:attachment":[{"href":"https:\/\/bpont.hu\/shop\/index.php\/wp-json\/wp\/v2\/media?parent=9143"}],"wp:term":[{"taxonomy":"product_brand","embeddable":true,"href":"https:\/\/bpont.hu\/shop\/index.php\/wp-json\/wp\/v2\/product_brand?post=9143"},{"taxonomy":"product_cat","embeddable":true,"href":"https:\/\/bpont.hu\/shop\/index.php\/wp-json\/wp\/v2\/product_cat?post=9143"},{"taxonomy":"product_tag","embeddable":true,"href":"https:\/\/bpont.hu\/shop\/index.php\/wp-json\/wp\/v2\/product_tag?post=9143"}],"curies":[{"name":"wp","href":"https:\/\/api.w.org\/{rel}","templated":true}]}}