{"id":9095,"date":"2025-09-15T11:46:04","date_gmt":"2025-09-15T10:46:04","guid":{"rendered":"https:\/\/bpont.hu\/shop\/index.php\/product\/flm-430-cableavenar-io-module-4000-kabelkeszlet\/"},"modified":"2026-05-05T14:46:35","modified_gmt":"2026-05-05T12:46:35","slug":"flm-430-cableavenar-io-module-4000-kabelkeszlet","status":"publish","type":"product","link":"https:\/\/bpont.hu\/shop\/index.php\/product\/flm-430-cableavenar-io-module-4000-kabelkeszlet\/","title":{"rendered":"FLM-430-CABLE<br>AVENAR IO module 4000 k\u00e1belk\u00e9szlet"},"content":{"rendered":"<p>FLM-430-CABLE<\/p>\n<p>5 db-os k\u00e1belk\u00e9szlet LSN tov\u00e1bbvezet\u00e9shez DIN s\u00ednre t\u00f6rt\u00e9n\u0151 szerel\u00e9shez<\/p>\n","protected":false},"excerpt":{"rendered":"<p>Rendel\u00e9si k\u00f3d: F.01U.402.684<br \/>5db csomag!<br \/>Rendel\u00e9sn\u00e9l felfel\u00e9 kerek\u00edtj\u00fck!<\/p>\n","protected":false},"featured_media":9094,"template":"","meta":[],"product_brand":[],"product_cat":[393],"product_tag":[25],"class_list":{"0":"post-9095","1":"product","2":"type-product","3":"status-publish","4":"has-post-thumbnail","6":"product_cat-hurok-cimzheto-modulok","7":"product_tag-bosch","9":"first","10":"instock","11":"taxable","12":"shipping-taxable","13":"product-type-simple"},"jetpack_sharing_enabled":true,"_links":{"self":[{"href":"https:\/\/bpont.hu\/shop\/index.php\/wp-json\/wp\/v2\/product\/9095","targetHints":{"allow":["GET"]}}],"collection":[{"href":"https:\/\/bpont.hu\/shop\/index.php\/wp-json\/wp\/v2\/product"}],"about":[{"href":"https:\/\/bpont.hu\/shop\/index.php\/wp-json\/wp\/v2\/types\/product"}],"version-history":[{"count":0,"href":"https:\/\/bpont.hu\/shop\/index.php\/wp-json\/wp\/v2\/product\/9095\/revisions"}],"wp:featuredmedia":[{"embeddable":true,"href":"https:\/\/bpont.hu\/shop\/index.php\/wp-json\/wp\/v2\/media\/9094"}],"wp:attachment":[{"href":"https:\/\/bpont.hu\/shop\/index.php\/wp-json\/wp\/v2\/media?parent=9095"}],"wp:term":[{"taxonomy":"product_brand","embeddable":true,"href":"https:\/\/bpont.hu\/shop\/index.php\/wp-json\/wp\/v2\/product_brand?post=9095"},{"taxonomy":"product_cat","embeddable":true,"href":"https:\/\/bpont.hu\/shop\/index.php\/wp-json\/wp\/v2\/product_cat?post=9095"},{"taxonomy":"product_tag","embeddable":true,"href":"https:\/\/bpont.hu\/shop\/index.php\/wp-json\/wp\/v2\/product_tag?post=9095"}],"curies":[{"name":"wp","href":"https:\/\/api.w.org\/{rel}","templated":true}]}}