{"id":9089,"date":"2025-09-15T11:46:00","date_gmt":"2025-09-15T10:46:00","guid":{"rendered":"https:\/\/bpont.hu\/shop\/index.php\/product\/flm-430-i2m1avenar-io-module-4000-2-bemenet-1-kimenet\/"},"modified":"2026-05-05T14:46:35","modified_gmt":"2026-05-05T12:46:35","slug":"flm-430-i2m1avenar-io-module-4000-2-bemenet-1-kimenet","status":"publish","type":"product","link":"https:\/\/bpont.hu\/shop\/index.php\/product\/flm-430-i2m1avenar-io-module-4000-2-bemenet-1-kimenet\/","title":{"rendered":"FLM-430-I2M1<br>AVENAR IO module 4000 2 bemenet 1 kimenet"},"content":{"rendered":"<p>FLM-430-I2M1<\/p>\n<p>Az FLM-430-I2M1 modulnak k\u00e9t bemenete \u00e9s egy fel\u00fcgyelt kimenete van. A kimenet jelz\u0151berendez\u00e9sek vagy t\u0171zv\u00e9delmi berendez\u00e9sek, p\u00e9ld\u00e1ul t\u0171zv\u00e9delmi csappanty\u00fak, ajt\u00f3tart\u00f3k vez\u00e9rl\u00e9s\u00e9re haszn\u00e1lhat\u00f3. A bemenet potenci\u00e1lmentes \u00e9rintkez\u0151k megfigyel\u00e9s\u00e9re haszn\u00e1lhat\u00f3, p\u00e9ld\u00e1ul t\u00e1pegys\u00e9g vagy 4 vezet\u00e9kes hagyom\u00e1nyos \u00e9rz\u00e9kel\u0151 eset\u00e9ben. Az FLM-430-I2M1 modulonk\u00e9nt k\u00fcl\u00f6nb\u00f6z\u0151 alkalmaz\u00e1sokhoz haszn\u00e1lhat\u00f3 a region\u00e1lis \u00e9s helyi szabv\u00e1nyt\u00f3l f\u00fcgg\u0151en.<\/p>\n","protected":false},"excerpt":{"rendered":"<p>Rendel\u00e9si k\u00f3d: F.01U.402.681<br \/>CSAK 4.5 verzi\u00f3 feletti vez\u00e9rl\u0151vel hazn\u00e1lhat\u00f3!<\/p>\n","protected":false},"featured_media":9088,"template":"","meta":[],"product_brand":[],"product_cat":[393],"product_tag":[25],"class_list":{"0":"post-9089","1":"product","2":"type-product","3":"status-publish","4":"has-post-thumbnail","6":"product_cat-hurok-cimzheto-modulok","7":"product_tag-bosch","9":"first","10":"instock","11":"taxable","12":"shipping-taxable","13":"product-type-simple"},"jetpack_sharing_enabled":true,"_links":{"self":[{"href":"https:\/\/bpont.hu\/shop\/index.php\/wp-json\/wp\/v2\/product\/9089","targetHints":{"allow":["GET"]}}],"collection":[{"href":"https:\/\/bpont.hu\/shop\/index.php\/wp-json\/wp\/v2\/product"}],"about":[{"href":"https:\/\/bpont.hu\/shop\/index.php\/wp-json\/wp\/v2\/types\/product"}],"version-history":[{"count":0,"href":"https:\/\/bpont.hu\/shop\/index.php\/wp-json\/wp\/v2\/product\/9089\/revisions"}],"wp:featuredmedia":[{"embeddable":true,"href":"https:\/\/bpont.hu\/shop\/index.php\/wp-json\/wp\/v2\/media\/9088"}],"wp:attachment":[{"href":"https:\/\/bpont.hu\/shop\/index.php\/wp-json\/wp\/v2\/media?parent=9089"}],"wp:term":[{"taxonomy":"product_brand","embeddable":true,"href":"https:\/\/bpont.hu\/shop\/index.php\/wp-json\/wp\/v2\/product_brand?post=9089"},{"taxonomy":"product_cat","embeddable":true,"href":"https:\/\/bpont.hu\/shop\/index.php\/wp-json\/wp\/v2\/product_cat?post=9089"},{"taxonomy":"product_tag","embeddable":true,"href":"https:\/\/bpont.hu\/shop\/index.php\/wp-json\/wp\/v2\/product_tag?post=9089"}],"curies":[{"name":"wp","href":"https:\/\/api.w.org\/{rel}","templated":true}]}}