{"id":902,"date":"2025-06-27T11:11:50","date_gmt":"2025-06-27T10:11:50","guid":{"rendered":"https:\/\/bpont.shop.hu\/?post_type=product&#038;p=902"},"modified":"2026-05-05T14:45:58","modified_gmt":"2026-05-05T12:45:58","slug":"isc-pmc-f3s-sullyesztett-szerelesu-nyitas-erzekelo-en-g3-1m-kabellel","status":"publish","type":"product","link":"https:\/\/bpont.hu\/shop\/index.php\/product\/isc-pmc-f3s-sullyesztett-szerelesu-nyitas-erzekelo-en-g3-1m-kabellel\/","title":{"rendered":"ISC-PMC-F3S<br>S\u00fcllyesztett szerel\u00e9s\u0171 nyit\u00e1s \u00e9rz\u00e9kel\u0151 EN-G3 1m k\u00e1bellel"},"content":{"rendered":"<p>ISC-PMC-F3S<\/p>\n","protected":false},"excerpt":{"rendered":"<p>Rendel\u00e9si k\u00f3d: F.01U.275.637<\/p>\n","protected":false},"featured_media":903,"template":"","meta":[],"product_brand":[],"product_cat":[335],"product_tag":[25],"class_list":{"0":"post-902","1":"product","2":"type-product","3":"status-publish","4":"has-post-thumbnail","6":"product_cat-nyitaserzekelok","7":"product_tag-bosch","9":"first","10":"instock","11":"taxable","12":"shipping-taxable","13":"purchasable","14":"product-type-simple"},"jetpack_sharing_enabled":true,"_links":{"self":[{"href":"https:\/\/bpont.hu\/shop\/index.php\/wp-json\/wp\/v2\/product\/902","targetHints":{"allow":["GET"]}}],"collection":[{"href":"https:\/\/bpont.hu\/shop\/index.php\/wp-json\/wp\/v2\/product"}],"about":[{"href":"https:\/\/bpont.hu\/shop\/index.php\/wp-json\/wp\/v2\/types\/product"}],"version-history":[{"count":5,"href":"https:\/\/bpont.hu\/shop\/index.php\/wp-json\/wp\/v2\/product\/902\/revisions"}],"predecessor-version":[{"id":7512,"href":"https:\/\/bpont.hu\/shop\/index.php\/wp-json\/wp\/v2\/product\/902\/revisions\/7512"}],"wp:featuredmedia":[{"embeddable":true,"href":"https:\/\/bpont.hu\/shop\/index.php\/wp-json\/wp\/v2\/media\/903"}],"wp:attachment":[{"href":"https:\/\/bpont.hu\/shop\/index.php\/wp-json\/wp\/v2\/media?parent=902"}],"wp:term":[{"taxonomy":"product_brand","embeddable":true,"href":"https:\/\/bpont.hu\/shop\/index.php\/wp-json\/wp\/v2\/product_brand?post=902"},{"taxonomy":"product_cat","embeddable":true,"href":"https:\/\/bpont.hu\/shop\/index.php\/wp-json\/wp\/v2\/product_cat?post=902"},{"taxonomy":"product_tag","embeddable":true,"href":"https:\/\/bpont.hu\/shop\/index.php\/wp-json\/wp\/v2\/product_tag?post=902"}],"curies":[{"name":"wp","href":"https:\/\/api.w.org\/{rel}","templated":true}]}}