{"id":858,"date":"2025-06-27T11:11:44","date_gmt":"2025-06-27T10:11:44","guid":{"rendered":"https:\/\/bpont.shop.hu\/?post_type=product&#038;p=858"},"modified":"2026-05-05T14:45:57","modified_gmt":"2026-05-05T12:45:57","slug":"isn-gmx-b0-erzekelo-szerelo-doboz-bosch-rezgeserzekelohoz","status":"publish","type":"product","link":"https:\/\/bpont.hu\/shop\/index.php\/product\/isn-gmx-b0-erzekelo-szerelo-doboz-bosch-rezgeserzekelohoz\/","title":{"rendered":"ISN-GMX-B0<br>\u00c9rz\u00e9kel\u0151 szerel\u0151 doboz Bosch rezg\u00e9s\u00e9rz\u00e9kel\u0151h\u00f6z"},"content":{"rendered":"<p>ISN-GMX-B0<br \/>\nPadl\u00f3doboz szeizmikus \u00e9rz\u00e9kel\u0151 szerel\u00e9s\u00e9hez<\/p>\n","protected":false},"excerpt":{"rendered":"<p>Rendel\u00e9si k\u00f3d: F.01U.003.365<\/p>\n","protected":false},"featured_media":859,"template":"","meta":[],"product_brand":[],"product_cat":[334],"product_tag":[25],"class_list":{"0":"post-858","1":"product","2":"type-product","3":"status-publish","4":"has-post-thumbnail","6":"product_cat-rezges-erzekelok","7":"product_tag-bosch","9":"first","10":"instock","11":"taxable","12":"shipping-taxable","13":"purchasable","14":"product-type-simple"},"jetpack_sharing_enabled":true,"_links":{"self":[{"href":"https:\/\/bpont.hu\/shop\/index.php\/wp-json\/wp\/v2\/product\/858","targetHints":{"allow":["GET"]}}],"collection":[{"href":"https:\/\/bpont.hu\/shop\/index.php\/wp-json\/wp\/v2\/product"}],"about":[{"href":"https:\/\/bpont.hu\/shop\/index.php\/wp-json\/wp\/v2\/types\/product"}],"version-history":[{"count":5,"href":"https:\/\/bpont.hu\/shop\/index.php\/wp-json\/wp\/v2\/product\/858\/revisions"}],"predecessor-version":[{"id":7497,"href":"https:\/\/bpont.hu\/shop\/index.php\/wp-json\/wp\/v2\/product\/858\/revisions\/7497"}],"wp:featuredmedia":[{"embeddable":true,"href":"https:\/\/bpont.hu\/shop\/index.php\/wp-json\/wp\/v2\/media\/859"}],"wp:attachment":[{"href":"https:\/\/bpont.hu\/shop\/index.php\/wp-json\/wp\/v2\/media?parent=858"}],"wp:term":[{"taxonomy":"product_brand","embeddable":true,"href":"https:\/\/bpont.hu\/shop\/index.php\/wp-json\/wp\/v2\/product_brand?post=858"},{"taxonomy":"product_cat","embeddable":true,"href":"https:\/\/bpont.hu\/shop\/index.php\/wp-json\/wp\/v2\/product_cat?post=858"},{"taxonomy":"product_tag","embeddable":true,"href":"https:\/\/bpont.hu\/shop\/index.php\/wp-json\/wp\/v2\/product_tag?post=858"}],"curies":[{"name":"wp","href":"https:\/\/api.w.org\/{rel}","templated":true}]}}