{"id":851,"date":"2025-06-27T11:11:43","date_gmt":"2025-06-27T10:11:43","guid":{"rendered":"https:\/\/bpont.shop.hu\/?post_type=product&#038;p=851"},"modified":"2026-05-05T14:45:57","modified_gmt":"2026-05-05T12:45:57","slug":"isc-sm-90-rezges-erzekelo-elektronikus-kimenettel","status":"publish","type":"product","link":"https:\/\/bpont.hu\/shop\/index.php\/product\/isc-sm-90-rezges-erzekelo-elektronikus-kimenettel\/","title":{"rendered":"ISC-SM-90<br>Rezg\u00e9s \u00e9rz\u00e9kel\u0151 elektronikus kimenettel"},"content":{"rendered":"<p>ISC-SM-90<br \/>\nAz ISC-SM-90 szerkezeti hang\u00e9rz\u00e9kel\u0151t az trezor-ajt\u00f3k, a sz\u00e9fek \u00e9s a trezor-falainak megfigyel\u00e9s\u00e9re haszn\u00e1lj\u00e1k.<br \/>\nA szerkezeti hang\u00e9rz\u00e9kel\u0151 (rezg\u00e9s\u00e9rz\u00e9kel\u0151), minden ismert bet\u00f6r\u00e9si eszk\u00f6zt felismer, mint p\u00e9ld\u00e1ul gy\u00e9m\u00e1nt magf\u00far\u00f3kkal, hidraulikus pr\u00e9sszersz\u00e1mokkal, oxig\u00e9nl\u00e1ncokkal \u00e9s robban\u00e1svesz\u00e9lyes t\u00e1mad\u00e1sokkal. Az ISC SM-90 dupla burkolattal van ell\u00e1tva. Ez a kialak\u00edt\u00e1s biztos\u00edtja az \u00e9rz\u00e9kel\u0151t az elektrom\u00e1gneses interferencia \u00e9s a v\u00e9letlen vagy sz\u00e1nd\u00e9kos k\u00e1rosod\u00e1s ellen. A behatol\u00e1si k\u00eds\u00e9rletek sor\u00e1n bek\u00f6vetkez\u0151 mechanikus rezg\u00e9seket a v\u00e9dett szerkezet \u00e1ltal gener\u00e1lt hangot az \u00e9rz\u00e9kel\u0151 r\u00f6gz\u00edti, \u00e9rt\u00e9keli \u00e9s riaszt\u00e1shoz vezet, amennyiben sz\u00fcks\u00e9ges.<\/p>\n","protected":false},"excerpt":{"rendered":"<p>Rendel\u00e9si k\u00f3d: F.01U.132.658<\/p>\n","protected":false},"featured_media":852,"template":"","meta":[],"product_brand":[],"product_cat":[334],"product_tag":[25],"class_list":{"0":"post-851","1":"product","2":"type-product","3":"status-publish","4":"has-post-thumbnail","6":"product_cat-rezges-erzekelok","7":"product_tag-bosch","9":"first","10":"instock","11":"taxable","12":"shipping-taxable","13":"purchasable","14":"product-type-simple"},"jetpack_sharing_enabled":true,"_links":{"self":[{"href":"https:\/\/bpont.hu\/shop\/index.php\/wp-json\/wp\/v2\/product\/851","targetHints":{"allow":["GET"]}}],"collection":[{"href":"https:\/\/bpont.hu\/shop\/index.php\/wp-json\/wp\/v2\/product"}],"about":[{"href":"https:\/\/bpont.hu\/shop\/index.php\/wp-json\/wp\/v2\/types\/product"}],"version-history":[{"count":5,"href":"https:\/\/bpont.hu\/shop\/index.php\/wp-json\/wp\/v2\/product\/851\/revisions"}],"predecessor-version":[{"id":7494,"href":"https:\/\/bpont.hu\/shop\/index.php\/wp-json\/wp\/v2\/product\/851\/revisions\/7494"}],"wp:featuredmedia":[{"embeddable":true,"href":"https:\/\/bpont.hu\/shop\/index.php\/wp-json\/wp\/v2\/media\/852"}],"wp:attachment":[{"href":"https:\/\/bpont.hu\/shop\/index.php\/wp-json\/wp\/v2\/media?parent=851"}],"wp:term":[{"taxonomy":"product_brand","embeddable":true,"href":"https:\/\/bpont.hu\/shop\/index.php\/wp-json\/wp\/v2\/product_brand?post=851"},{"taxonomy":"product_cat","embeddable":true,"href":"https:\/\/bpont.hu\/shop\/index.php\/wp-json\/wp\/v2\/product_cat?post=851"},{"taxonomy":"product_tag","embeddable":true,"href":"https:\/\/bpont.hu\/shop\/index.php\/wp-json\/wp\/v2\/product_tag?post=851"}],"curies":[{"name":"wp","href":"https:\/\/api.w.org\/{rel}","templated":true}]}}