{"id":836,"date":"2025-06-27T11:11:41","date_gmt":"2025-06-27T10:11:41","guid":{"rendered":"https:\/\/bpont.shop.hu\/?post_type=product&#038;p=836"},"modified":"2026-05-05T14:45:57","modified_gmt":"2026-05-05T12:45:57","slug":"ds1102i-felulet-szerelesu-ter-mikroprocesszor-vezerelt-uvegtores-erzekelo","status":"publish","type":"product","link":"https:\/\/bpont.hu\/shop\/index.php\/product\/ds1102i-felulet-szerelesu-ter-mikroprocesszor-vezerelt-uvegtores-erzekelo\/","title":{"rendered":"DS1102I<br>Fel\u00fclet szerel\u00e9s\u0171 t\u00e9r mikroprocesszor vez\u00e9relt \u00fcvegt\u00f6r\u00e9s \u00e9rz\u00e9kel\u0151"},"content":{"rendered":"<p>DS1102I<\/p>\n","protected":false},"excerpt":{"rendered":"<p>Rendel\u00e9si k\u00f3d: F.01U.413.581<\/p>\n","protected":false},"featured_media":837,"template":"","meta":[],"product_brand":[],"product_cat":[333],"product_tag":[25],"class_list":{"0":"post-836","1":"product","2":"type-product","3":"status-publish","4":"has-post-thumbnail","6":"product_cat-uvegtores-erzekelok","7":"product_tag-bosch","9":"first","10":"instock","11":"taxable","12":"shipping-taxable","13":"purchasable","14":"product-type-simple"},"jetpack_sharing_enabled":true,"_links":{"self":[{"href":"https:\/\/bpont.hu\/shop\/index.php\/wp-json\/wp\/v2\/product\/836","targetHints":{"allow":["GET"]}}],"collection":[{"href":"https:\/\/bpont.hu\/shop\/index.php\/wp-json\/wp\/v2\/product"}],"about":[{"href":"https:\/\/bpont.hu\/shop\/index.php\/wp-json\/wp\/v2\/types\/product"}],"version-history":[{"count":5,"href":"https:\/\/bpont.hu\/shop\/index.php\/wp-json\/wp\/v2\/product\/836\/revisions"}],"predecessor-version":[{"id":7489,"href":"https:\/\/bpont.hu\/shop\/index.php\/wp-json\/wp\/v2\/product\/836\/revisions\/7489"}],"wp:featuredmedia":[{"embeddable":true,"href":"https:\/\/bpont.hu\/shop\/index.php\/wp-json\/wp\/v2\/media\/837"}],"wp:attachment":[{"href":"https:\/\/bpont.hu\/shop\/index.php\/wp-json\/wp\/v2\/media?parent=836"}],"wp:term":[{"taxonomy":"product_brand","embeddable":true,"href":"https:\/\/bpont.hu\/shop\/index.php\/wp-json\/wp\/v2\/product_brand?post=836"},{"taxonomy":"product_cat","embeddable":true,"href":"https:\/\/bpont.hu\/shop\/index.php\/wp-json\/wp\/v2\/product_cat?post=836"},{"taxonomy":"product_tag","embeddable":true,"href":"https:\/\/bpont.hu\/shop\/index.php\/wp-json\/wp\/v2\/product_tag?post=836"}],"curies":[{"name":"wp","href":"https:\/\/api.w.org\/{rel}","templated":true}]}}