{"id":826,"date":"2025-06-27T11:11:40","date_gmt":"2025-06-27T10:11:40","guid":{"rendered":"https:\/\/bpont.shop.hu\/?post_type=product&#038;p=826"},"modified":"2026-05-05T14:45:57","modified_gmt":"2026-05-05T12:45:57","slug":"ds160-magas-biztonsagu-kilepes-jelzo-mozgas-erzekelo-szurke","status":"publish","type":"product","link":"https:\/\/bpont.hu\/shop\/index.php\/product\/ds160-magas-biztonsagu-kilepes-jelzo-mozgas-erzekelo-szurke\/","title":{"rendered":"DS160<br>Magas biztons\u00e1g\u00fa Kil\u00e9p\u00e9s jelz\u0151 mozg\u00e1s \u00e9rz\u00e9kel\u0151 sz\u00fcrke"},"content":{"rendered":"<p>DS160<br \/>\nBe- \u00e9s kil\u00e9p\u00e9st enged\u00e9lyez\u0151 (REX) alkalmaz\u00e1sokhoz lett tervezve.<br \/>\nA DS160 sorozat tagjai a DS160 \u00e9rz\u00e9kel\u0151 (vil\u00e1gossz\u00fcrke) \u00e9s a DS161 \u00e9rz\u00e9kel\u0151 (fekete), amelyek speci\u00e1lisan be- \u00e9s kil\u00e9p\u00e9st enged\u00e9lyez\u0151 (REX) alkalmaz\u00e1sokhoz lettek tervezve. A DS160 \u00e9s a DS161 \u00e9rz\u00e9kel\u0151k id\u0151z\u00edt\u0151ikkel, akusztikus ajt\u00f3figyel\u0151 k\u00e9pess\u00e9g\u00fckkel \u00e9s a lefedend\u0151 ter\u00fclet be\u00e1ll\u00edthat\u00f3s\u00e1g\u00e1val el\u00e9g rugalmasak, hogy megfeleljenek a legszigor\u00fabb \u201eREX\u201d-k\u00f6vetelm\u00e9nyeknek is. Az exkluz\u00edv szekvenci\u00e1lis logikai bemenet (SLI) a \u201eREX\u201d-eszk\u00f6z\u00f6k k\u00f6r\u00e9ben p\u00e1ratlan biztons\u00e1got ny\u00fajt.<br \/>\nAz SLI-csatlakoz\u00f3 lehet\u0151v\u00e9 teszi egy m\u00e1sodik eszk\u00f6z csatlakoztat\u00e1s\u00e1t, amennyiben szekvenci\u00e1lis \u00e9rz\u00e9kel\u00e9sre van sz\u00fcks\u00e9g.<br \/>\nAz \u00e9rz\u00e9kel\u0151 fel\u00fcgyeli a nyit\u00e1s\u00e9rz\u00e9kel\u0151t, a be\u00e9p\u00edtett 85db-es hangjelz\u0151 beprogramozhat\u00f3, a kulcsk\u00e1rty\u00e1s bemenet lehet\u0151v\u00e9 teszi, hogy az \u00e9rz\u00e9kel\u0151 rel\u00e9j\u00e9t k\u00fcls\u0151 helyr\u0151l lehessen vez\u00e9relni.<br \/>\nTulajdons\u00e1gok:<br \/>\n&#8211; Be- \u00e9s kil\u00e9p\u00e9st enged\u00e9lyez\u0151 \u00e9rz\u00e9kel\u0151 be\u00e9p\u00edtett 85db-es hangjelz\u0151vel<br \/>\n&#8211; Szekvenci\u00e1lis logikai bemenet (SLI)<br \/>\n&#8211; Bels\u0151 f\u00fcgg\u0151leges c\u00e9lozhat\u00f3s\u00e1g:<br \/>\n&#8211; \u00d6nmag\u00e1ban z\u00e1rt lefedetts\u00e9gi ter\u00fclet, a ter\u00fclet pontos ellen\u0151rz\u00e9s\u00e9vel<br \/>\n&#8211; Max. 64 m\u00e1sodperces id\u0151z\u00edt\u00e9s \u00e1ll\u00edthat\u00f3 a bekimeneti rel\u00e9nek<\/p>\n","protected":false},"excerpt":{"rendered":"<p>Rendel\u00e9si k\u00f3d: F.01U.364.868<\/p>\n","protected":false},"featured_media":821,"template":"","meta":[],"product_brand":[],"product_cat":[331],"product_tag":[25],"class_list":{"0":"post-826","1":"product","2":"type-product","3":"status-publish","4":"has-post-thumbnail","6":"product_cat-mozgaserzekelok","7":"product_tag-bosch","9":"first","10":"instock","11":"taxable","12":"shipping-taxable","13":"purchasable","14":"product-type-simple"},"jetpack_sharing_enabled":true,"_links":{"self":[{"href":"https:\/\/bpont.hu\/shop\/index.php\/wp-json\/wp\/v2\/product\/826","targetHints":{"allow":["GET"]}}],"collection":[{"href":"https:\/\/bpont.hu\/shop\/index.php\/wp-json\/wp\/v2\/product"}],"about":[{"href":"https:\/\/bpont.hu\/shop\/index.php\/wp-json\/wp\/v2\/types\/product"}],"version-history":[{"count":5,"href":"https:\/\/bpont.hu\/shop\/index.php\/wp-json\/wp\/v2\/product\/826\/revisions"}],"predecessor-version":[{"id":7485,"href":"https:\/\/bpont.hu\/shop\/index.php\/wp-json\/wp\/v2\/product\/826\/revisions\/7485"}],"wp:featuredmedia":[{"embeddable":true,"href":"https:\/\/bpont.hu\/shop\/index.php\/wp-json\/wp\/v2\/media\/821"}],"wp:attachment":[{"href":"https:\/\/bpont.hu\/shop\/index.php\/wp-json\/wp\/v2\/media?parent=826"}],"wp:term":[{"taxonomy":"product_brand","embeddable":true,"href":"https:\/\/bpont.hu\/shop\/index.php\/wp-json\/wp\/v2\/product_brand?post=826"},{"taxonomy":"product_cat","embeddable":true,"href":"https:\/\/bpont.hu\/shop\/index.php\/wp-json\/wp\/v2\/product_cat?post=826"},{"taxonomy":"product_tag","embeddable":true,"href":"https:\/\/bpont.hu\/shop\/index.php\/wp-json\/wp\/v2\/product_tag?post=826"}],"curies":[{"name":"wp","href":"https:\/\/api.w.org\/{rel}","templated":true}]}}