{"id":814,"date":"2025-06-27T11:11:38","date_gmt":"2025-06-27T10:11:38","guid":{"rendered":"https:\/\/bpont.shop.hu\/?post_type=product&#038;p=814"},"modified":"2026-03-11T16:39:20","modified_gmt":"2026-03-11T14:39:20","slug":"b335-3-alacsony-profilu-fali-tarto-mozgaserzekelokhoz-3db-csomag","status":"publish","type":"product","link":"https:\/\/bpont.hu\/shop\/index.php\/product\/b335-3-alacsony-profilu-fali-tarto-mozgaserzekelokhoz-3db-csomag\/","title":{"rendered":"B335-3<br>Alacsony profil\u00fa fali tart\u00f3 mozg\u00e1s\u00e9rz\u00e9kel\u0151kh\u00f6z (3db\/csomag)"},"content":{"rendered":"<p>B335-3<\/p>\n<p>Az \u00e1r 3db-os egys\u00e9gcsomagra vonatkozik.<\/p>\n<p>Oldalfali Infratart\u00f3 konzol, aj\u00e1nlott a Bosch \u00e9s m\u00e1s gy\u00e1rt\u00f3k mozg\u00e1s\u00e9rz\u00e9kel\u0151inek telep\u00edt\u00e9s\u00e9hez.<\/p>\n<p>A Bosch mozg\u00e1s\u00e9rz\u00e9kel\u0151kh\u00f6z kieg\u00e9sz\u00edt?k tal\u00e1lhat\u00f3k a csomagban, a k\u00f6nnyebb telep\u00edt\u00e9s \u00e9rdek\u00e9ben.<\/p>\n","protected":false},"excerpt":{"rendered":"<p>Rendel\u00e9si k\u00f3d: 4.998.800.014<\/p>\n","protected":false},"featured_media":815,"template":"","meta":[],"product_brand":[],"product_cat":[332],"product_tag":[25],"class_list":{"0":"post-814","1":"product","2":"type-product","3":"status-publish","4":"has-post-thumbnail","6":"product_cat-erzekelo-kiegeszitok","7":"product_tag-bosch","9":"first","10":"instock","11":"taxable","12":"shipping-taxable","13":"purchasable","14":"product-type-simple"},"jetpack_sharing_enabled":true,"_links":{"self":[{"href":"https:\/\/bpont.hu\/shop\/index.php\/wp-json\/wp\/v2\/product\/814","targetHints":{"allow":["GET"]}}],"collection":[{"href":"https:\/\/bpont.hu\/shop\/index.php\/wp-json\/wp\/v2\/product"}],"about":[{"href":"https:\/\/bpont.hu\/shop\/index.php\/wp-json\/wp\/v2\/types\/product"}],"version-history":[{"count":4,"href":"https:\/\/bpont.hu\/shop\/index.php\/wp-json\/wp\/v2\/product\/814\/revisions"}],"predecessor-version":[{"id":7481,"href":"https:\/\/bpont.hu\/shop\/index.php\/wp-json\/wp\/v2\/product\/814\/revisions\/7481"}],"wp:featuredmedia":[{"embeddable":true,"href":"https:\/\/bpont.hu\/shop\/index.php\/wp-json\/wp\/v2\/media\/815"}],"wp:attachment":[{"href":"https:\/\/bpont.hu\/shop\/index.php\/wp-json\/wp\/v2\/media?parent=814"}],"wp:term":[{"taxonomy":"product_brand","embeddable":true,"href":"https:\/\/bpont.hu\/shop\/index.php\/wp-json\/wp\/v2\/product_brand?post=814"},{"taxonomy":"product_cat","embeddable":true,"href":"https:\/\/bpont.hu\/shop\/index.php\/wp-json\/wp\/v2\/product_cat?post=814"},{"taxonomy":"product_tag","embeddable":true,"href":"https:\/\/bpont.hu\/shop\/index.php\/wp-json\/wp\/v2\/product_tag?post=814"}],"curies":[{"name":"wp","href":"https:\/\/api.w.org\/{rel}","templated":true}]}}