{"id":811,"date":"2025-06-27T11:11:37","date_gmt":"2025-06-27T10:11:37","guid":{"rendered":"https:\/\/bpont.shop.hu\/?post_type=product&#038;p=811"},"modified":"2026-05-05T14:45:57","modified_gmt":"2026-05-05T12:45:57","slug":"ds939-mennyezeti-passziv-mozgaserzekelo-360-x-21m","status":"publish","type":"product","link":"https:\/\/bpont.hu\/shop\/index.php\/product\/ds939-mennyezeti-passziv-mozgaserzekelo-360-x-21m\/","title":{"rendered":"DS939<br>Mennyezeti passz\u00edv mozg\u00e1s\u00e9rz\u00e9kel\u0151 360\u00b0 x 21m"},"content":{"rendered":"<p>DS939<br \/>\nA mennyezetre szerelhet\u0151 DS939 PIR detektor 21 m\u00e9teres panor\u00e1maszer\u0171 lefedetts\u00e9get biztos\u00edt, \u00e9s ak\u00e1r 7,6 m\u00e9teres belmagass\u00e1g mellett is haszn\u00e1lhat\u00f3. A DS939 \u00e9rz\u00e9kel\u0151 a h\u00e1rom, k\u00fcl\u00f6n \u00e1ll\u00edthat\u00f3 PIR-egys\u00e9g\u00e9vel minden szerel\u00e9si magass\u00e1gban teljes lefedetts\u00e9get biztos\u00edt, \u00e9s speci\u00e1lis ter\u00fcletek lefed\u00e9s\u00e9re is be\u00e1ll\u00edthat\u00f3. A DS939 \u00e9rz\u00e9kel\u0151 k\u00fcl\u00f6nb\u00f6z\u0151 szabadalmaztatott jelfeldolgoz\u00f3 elj\u00e1r\u00e1sainak k\u00f6sz\u00f6nhet\u0151en, kiv\u00e1l\u00f3 \u00e9rz\u00e9kel\u00e9si hat\u00e9konys\u00e1got ny\u00fajt a t\u00e9ves riaszt\u00e1sok kik\u00fcsz\u00f6b\u00f6l\u00e9se mellett.<br \/>\nAz &#8216;Els\u0151 Bel\u00e9p\u00e9s \u00c9rz\u00e9kel\u00e9s'(First Step Processing, FSP) elj\u00e1r\u00e1s szinte azonnal reag\u00e1l emberi l\u00e9nyekre an\u00e9lk\u00fcl, hogy m\u00e1s infratartalommal rendelkez\u0151 forr\u00e1sok miatt t\u00e9ves riaszt\u00e1sokat v\u00e1ltana ki. Az FSP az\u00e1ltal, hogy az \u00e9rz\u00e9kel\u0151 \u00e9rz\u00e9kenys\u00e9g\u00e9t a jel amplit\u00fad\u00f3ja, polarit\u00e1sa, cs\u00f6kken\u00e9se \u00e9s id\u0151beli alakul\u00e1sa alapj\u00e1n m\u00f3dos\u00edtja, feleslegess\u00e9 teszi, hogy a felhaszn\u00e1l\u00f3 adja meg az adott alkalmaz\u00e1s \u00e9rz\u00e9kenys\u00e9gi szintj\u00e9t. Mindegyik szenzor a m\u00e1sikt\u00f3l f\u00fcggetlen\u00fcl dolgozza fel a jeleket, \u00e9s mindk\u00e9t szenzornak riaszt\u00e1si esem\u00e9nyt kell jeleznie a riaszt\u00e1si rel\u00e9 bekapcsol\u00e1s\u00e1hoz.<br \/>\nTulajdons\u00e1gok:<br \/>\n&#8211; Max. 7,6 m szerel\u00e9si magass\u00e1g<br \/>\n&#8211; Teljes m\u00e9rt\u00e9kben \u00e1ll\u00edthat\u00f3 optika a h\u00e9zagmentes lefedetts\u00e9ghez \u00e9s a testre szab\u00e1shoz<br \/>\n&#8211; Az aljzat \u00e9s az \u00e9rz\u00e9kel\u0151 forg\u00f3p\u00e1ntos r\u00f6gz\u00edt\u00e9ssel k\u00e9sz\u00fcl, a telep\u00edt\u00e9s megk\u00f6nny\u00edt\u00e9se c\u00e9lj\u00e1b\u00f3l<br \/>\n&#8211; Nagy hat\u00e9konys\u00e1g\u00fa LED \u00e9s f\u00e9nycs\u00f6ves rendszer a s\u00e9tateszt megk\u00f6nny\u00edt\u00e9s\u00e9re<br \/>\n&#8211; Els\u0151 Bel\u00e9p\u00e9s \u00c9rz\u00e9kel\u00e9s<\/p>\n","protected":false},"excerpt":{"rendered":"<p>Rendel\u00e9si k\u00f3d: F.01U.414.144<\/p>\n","protected":false},"featured_media":812,"template":"","meta":[],"product_brand":[],"product_cat":[331],"product_tag":[25],"class_list":{"0":"post-811","1":"product","2":"type-product","3":"status-publish","4":"has-post-thumbnail","6":"product_cat-mozgaserzekelok","7":"product_tag-bosch","9":"first","10":"instock","11":"taxable","12":"shipping-taxable","13":"purchasable","14":"product-type-simple"},"jetpack_sharing_enabled":true,"_links":{"self":[{"href":"https:\/\/bpont.hu\/shop\/index.php\/wp-json\/wp\/v2\/product\/811","targetHints":{"allow":["GET"]}}],"collection":[{"href":"https:\/\/bpont.hu\/shop\/index.php\/wp-json\/wp\/v2\/product"}],"about":[{"href":"https:\/\/bpont.hu\/shop\/index.php\/wp-json\/wp\/v2\/types\/product"}],"version-history":[{"count":5,"href":"https:\/\/bpont.hu\/shop\/index.php\/wp-json\/wp\/v2\/product\/811\/revisions"}],"predecessor-version":[{"id":7480,"href":"https:\/\/bpont.hu\/shop\/index.php\/wp-json\/wp\/v2\/product\/811\/revisions\/7480"}],"wp:featuredmedia":[{"embeddable":true,"href":"https:\/\/bpont.hu\/shop\/index.php\/wp-json\/wp\/v2\/media\/812"}],"wp:attachment":[{"href":"https:\/\/bpont.hu\/shop\/index.php\/wp-json\/wp\/v2\/media?parent=811"}],"wp:term":[{"taxonomy":"product_brand","embeddable":true,"href":"https:\/\/bpont.hu\/shop\/index.php\/wp-json\/wp\/v2\/product_brand?post=811"},{"taxonomy":"product_cat","embeddable":true,"href":"https:\/\/bpont.hu\/shop\/index.php\/wp-json\/wp\/v2\/product_cat?post=811"},{"taxonomy":"product_tag","embeddable":true,"href":"https:\/\/bpont.hu\/shop\/index.php\/wp-json\/wp\/v2\/product_tag?post=811"}],"curies":[{"name":"wp","href":"https:\/\/api.w.org\/{rel}","templated":true}]}}