{"id":789,"date":"2025-06-27T11:11:34","date_gmt":"2025-06-27T10:11:34","guid":{"rendered":"https:\/\/bpont.shop.hu\/?post_type=product&#038;p=789"},"modified":"2026-05-05T14:45:57","modified_gmt":"2026-05-05T12:45:57","slug":"4998019339c20-smartkey-blokkolo-szerelo-keszlet-uveg-ajtora","status":"publish","type":"product","link":"https:\/\/bpont.hu\/shop\/index.php\/product\/4998019339c20-smartkey-blokkolo-szerelo-keszlet-uveg-ajtora\/","title":{"rendered":"4998019339C20<br>SmartKey Blokkol\u00f3 Szerel\u0151 K\u00e9szlet \u00fcveg ajt\u00f3ra"},"content":{"rendered":"<p>4998019339C20<\/p>\n","protected":false},"excerpt":{"rendered":"<p>Rendel\u00e9si k\u00f3d: 4.998.019.339.C20<\/p>\n","protected":false},"featured_media":790,"template":"","meta":[],"product_brand":[],"product_cat":[329],"product_tag":[25],"class_list":{"0":"post-789","1":"product","2":"type-product","3":"status-publish","4":"has-post-thumbnail","6":"product_cat-map5000","7":"product_tag-bosch","9":"first","10":"instock","11":"taxable","12":"shipping-taxable","13":"purchasable","14":"product-type-simple"},"jetpack_sharing_enabled":true,"_links":{"self":[{"href":"https:\/\/bpont.hu\/shop\/index.php\/wp-json\/wp\/v2\/product\/789","targetHints":{"allow":["GET"]}}],"collection":[{"href":"https:\/\/bpont.hu\/shop\/index.php\/wp-json\/wp\/v2\/product"}],"about":[{"href":"https:\/\/bpont.hu\/shop\/index.php\/wp-json\/wp\/v2\/types\/product"}],"version-history":[{"count":5,"href":"https:\/\/bpont.hu\/shop\/index.php\/wp-json\/wp\/v2\/product\/789\/revisions"}],"predecessor-version":[{"id":7472,"href":"https:\/\/bpont.hu\/shop\/index.php\/wp-json\/wp\/v2\/product\/789\/revisions\/7472"}],"wp:featuredmedia":[{"embeddable":true,"href":"https:\/\/bpont.hu\/shop\/index.php\/wp-json\/wp\/v2\/media\/790"}],"wp:attachment":[{"href":"https:\/\/bpont.hu\/shop\/index.php\/wp-json\/wp\/v2\/media?parent=789"}],"wp:term":[{"taxonomy":"product_brand","embeddable":true,"href":"https:\/\/bpont.hu\/shop\/index.php\/wp-json\/wp\/v2\/product_brand?post=789"},{"taxonomy":"product_cat","embeddable":true,"href":"https:\/\/bpont.hu\/shop\/index.php\/wp-json\/wp\/v2\/product_cat?post=789"},{"taxonomy":"product_tag","embeddable":true,"href":"https:\/\/bpont.hu\/shop\/index.php\/wp-json\/wp\/v2\/product_tag?post=789"}],"curies":[{"name":"wp","href":"https:\/\/api.w.org\/{rel}","templated":true}]}}