{"id":777,"date":"2025-06-27T11:11:33","date_gmt":"2025-06-27T10:11:33","guid":{"rendered":"https:\/\/bpont.shop.hu\/?post_type=product&#038;p=777"},"modified":"2026-05-05T14:45:56","modified_gmt":"2026-05-05T12:45:56","slug":"icp-com-if2-map-kommunikacios-relemodul","status":"publish","type":"product","link":"https:\/\/bpont.hu\/shop\/index.php\/product\/icp-com-if2-map-kommunikacios-relemodul\/","title":{"rendered":"ICP-COM-IF2<br>MAP kommunik\u00e1ci\u00f3s rel\u00e9modul"},"content":{"rendered":"<p>ICP-COM-IF2<\/p>\n<p>A MAP5000 modul\u00e1ris behatol\u00e1sjelz\u0151 k\u00f6zpont kommunik\u00e1ci\u00f3s rel\u00e9k. \u00d6sszesen 7db programozhat\u00f3 rel\u00e9t tartalmaz. A MAP5000 DE kommunik\u00e1ci\u00f3s modulra csatlakozik.<\/p>\n","protected":false},"excerpt":{"rendered":"<p>Rendel\u00e9si k\u00f3d: F.01U.389.310<\/p>\n","protected":false},"featured_media":778,"template":"","meta":[],"product_brand":[],"product_cat":[329],"product_tag":[25],"class_list":{"0":"post-777","1":"product","2":"type-product","3":"status-publish","4":"has-post-thumbnail","6":"product_cat-map5000","7":"product_tag-bosch","9":"first","10":"instock","11":"taxable","12":"shipping-taxable","13":"purchasable","14":"product-type-simple"},"jetpack_sharing_enabled":true,"_links":{"self":[{"href":"https:\/\/bpont.hu\/shop\/index.php\/wp-json\/wp\/v2\/product\/777","targetHints":{"allow":["GET"]}}],"collection":[{"href":"https:\/\/bpont.hu\/shop\/index.php\/wp-json\/wp\/v2\/product"}],"about":[{"href":"https:\/\/bpont.hu\/shop\/index.php\/wp-json\/wp\/v2\/types\/product"}],"version-history":[{"count":5,"href":"https:\/\/bpont.hu\/shop\/index.php\/wp-json\/wp\/v2\/product\/777\/revisions"}],"predecessor-version":[{"id":7468,"href":"https:\/\/bpont.hu\/shop\/index.php\/wp-json\/wp\/v2\/product\/777\/revisions\/7468"}],"wp:featuredmedia":[{"embeddable":true,"href":"https:\/\/bpont.hu\/shop\/index.php\/wp-json\/wp\/v2\/media\/778"}],"wp:attachment":[{"href":"https:\/\/bpont.hu\/shop\/index.php\/wp-json\/wp\/v2\/media?parent=777"}],"wp:term":[{"taxonomy":"product_brand","embeddable":true,"href":"https:\/\/bpont.hu\/shop\/index.php\/wp-json\/wp\/v2\/product_brand?post=777"},{"taxonomy":"product_cat","embeddable":true,"href":"https:\/\/bpont.hu\/shop\/index.php\/wp-json\/wp\/v2\/product_cat?post=777"},{"taxonomy":"product_tag","embeddable":true,"href":"https:\/\/bpont.hu\/shop\/index.php\/wp-json\/wp\/v2\/product_tag?post=777"}],"curies":[{"name":"wp","href":"https:\/\/api.w.org\/{rel}","templated":true}]}}