{"id":774,"date":"2025-06-27T11:11:33","date_gmt":"2025-06-27T10:11:33","guid":{"rendered":"https:\/\/bpont.shop.hu\/?post_type=product&#038;p=774"},"modified":"2026-05-05T14:45:56","modified_gmt":"2026-05-05T12:45:56","slug":"icp-map0050-map-kozpontdoboz-szabotazskapcsolo","status":"publish","type":"product","link":"https:\/\/bpont.hu\/shop\/index.php\/product\/icp-map0050-map-kozpontdoboz-szabotazskapcsolo\/","title":{"rendered":"ICP-MAP0050<br>MAP k\u00f6zpontdoboz szabot\u00e1zskapcsol\u00f3"},"content":{"rendered":"<p>ICP-MAP0050<br \/>\nA MAP szabot\u00e1zs kapcsol\u00f3ja az ajt\u00f3 szabot\u00e1zst (illet\u00e9ktelen nyit\u00e1s) \u00e9s az opcion\u00e1lis fali szabot\u00e1zst (falt\u00f3l val\u00f3 elt\u00e1vol\u00edt\u00e1s) biztos\u00edtja a MAP burkolat \u00e9s a MAP t\u00e1pegys\u00e9g r\u00e9sz\u00e9ren.<\/p>\n","protected":false},"excerpt":{"rendered":"<p>Rendel\u00e9si k\u00f3d: F.01U.217.039<\/p>\n","protected":false},"featured_media":775,"template":"","meta":[],"product_brand":[],"product_cat":[329],"product_tag":[25],"class_list":{"0":"post-774","1":"product","2":"type-product","3":"status-publish","4":"has-post-thumbnail","6":"product_cat-map5000","7":"product_tag-bosch","9":"first","10":"instock","11":"taxable","12":"shipping-taxable","13":"purchasable","14":"product-type-simple"},"jetpack_sharing_enabled":true,"_links":{"self":[{"href":"https:\/\/bpont.hu\/shop\/index.php\/wp-json\/wp\/v2\/product\/774","targetHints":{"allow":["GET"]}}],"collection":[{"href":"https:\/\/bpont.hu\/shop\/index.php\/wp-json\/wp\/v2\/product"}],"about":[{"href":"https:\/\/bpont.hu\/shop\/index.php\/wp-json\/wp\/v2\/types\/product"}],"version-history":[{"count":5,"href":"https:\/\/bpont.hu\/shop\/index.php\/wp-json\/wp\/v2\/product\/774\/revisions"}],"predecessor-version":[{"id":7467,"href":"https:\/\/bpont.hu\/shop\/index.php\/wp-json\/wp\/v2\/product\/774\/revisions\/7467"}],"wp:featuredmedia":[{"embeddable":true,"href":"https:\/\/bpont.hu\/shop\/index.php\/wp-json\/wp\/v2\/media\/775"}],"wp:attachment":[{"href":"https:\/\/bpont.hu\/shop\/index.php\/wp-json\/wp\/v2\/media?parent=774"}],"wp:term":[{"taxonomy":"product_brand","embeddable":true,"href":"https:\/\/bpont.hu\/shop\/index.php\/wp-json\/wp\/v2\/product_brand?post=774"},{"taxonomy":"product_cat","embeddable":true,"href":"https:\/\/bpont.hu\/shop\/index.php\/wp-json\/wp\/v2\/product_cat?post=774"},{"taxonomy":"product_tag","embeddable":true,"href":"https:\/\/bpont.hu\/shop\/index.php\/wp-json\/wp\/v2\/product_tag?post=774"}],"curies":[{"name":"wp","href":"https:\/\/api.w.org\/{rel}","templated":true}]}}