{"id":759,"date":"2025-06-27T11:11:30","date_gmt":"2025-06-27T10:11:30","guid":{"rendered":"https:\/\/bpont.shop.hu\/?post_type=product&#038;p=759"},"modified":"2026-03-11T16:39:20","modified_gmt":"2026-03-11T14:39:20","slug":"icp-map0090-map-tartalek-kabelkeszlet","status":"publish","type":"product","link":"https:\/\/bpont.hu\/shop\/index.php\/product\/icp-map0090-map-tartalek-kabelkeszlet\/","title":{"rendered":"ICP-MAP0090<br>MAP tartal\u00e9k k\u00e1belk\u00e9szlet"},"content":{"rendered":"<p>ICP-MAP0090<br \/>\nA MAP p\u00f3tk\u00e1bel k\u00e9szlet, olyan k\u00e1beleket tartalmaz, melyek elektromos kapcsolatot hoznak l\u00e9tre a MAP eszk\u00f6z\u00f6kh\u00f6z.<\/p>\n","protected":false},"excerpt":{"rendered":"<p>Rendel\u00e9si k\u00f3d: F.01U.100.266<\/p>\n","protected":false},"featured_media":760,"template":"","meta":[],"product_brand":[],"product_cat":[329],"product_tag":[25],"class_list":{"0":"post-759","1":"product","2":"type-product","3":"status-publish","4":"has-post-thumbnail","6":"product_cat-map5000","7":"product_tag-bosch","9":"first","10":"instock","11":"taxable","12":"shipping-taxable","13":"purchasable","14":"product-type-simple"},"jetpack_sharing_enabled":true,"_links":{"self":[{"href":"https:\/\/bpont.hu\/shop\/index.php\/wp-json\/wp\/v2\/product\/759","targetHints":{"allow":["GET"]}}],"collection":[{"href":"https:\/\/bpont.hu\/shop\/index.php\/wp-json\/wp\/v2\/product"}],"about":[{"href":"https:\/\/bpont.hu\/shop\/index.php\/wp-json\/wp\/v2\/types\/product"}],"version-history":[{"count":5,"href":"https:\/\/bpont.hu\/shop\/index.php\/wp-json\/wp\/v2\/product\/759\/revisions"}],"predecessor-version":[{"id":7462,"href":"https:\/\/bpont.hu\/shop\/index.php\/wp-json\/wp\/v2\/product\/759\/revisions\/7462"}],"wp:featuredmedia":[{"embeddable":true,"href":"https:\/\/bpont.hu\/shop\/index.php\/wp-json\/wp\/v2\/media\/760"}],"wp:attachment":[{"href":"https:\/\/bpont.hu\/shop\/index.php\/wp-json\/wp\/v2\/media?parent=759"}],"wp:term":[{"taxonomy":"product_brand","embeddable":true,"href":"https:\/\/bpont.hu\/shop\/index.php\/wp-json\/wp\/v2\/product_brand?post=759"},{"taxonomy":"product_cat","embeddable":true,"href":"https:\/\/bpont.hu\/shop\/index.php\/wp-json\/wp\/v2\/product_cat?post=759"},{"taxonomy":"product_tag","embeddable":true,"href":"https:\/\/bpont.hu\/shop\/index.php\/wp-json\/wp\/v2\/product_tag?post=759"}],"curies":[{"name":"wp","href":"https:\/\/api.w.org\/{rel}","templated":true}]}}