{"id":747,"date":"2025-06-27T11:11:29","date_gmt":"2025-06-27T10:11:29","guid":{"rendered":"https:\/\/bpont.shop.hu\/?post_type=product&#038;p=747"},"modified":"2026-03-11T16:39:19","modified_gmt":"2026-03-11T14:39:19","slug":"icp-map0120-map-bovito-doboz-2x18ah-es-lsn-modulhoz","status":"publish","type":"product","link":"https:\/\/bpont.hu\/shop\/index.php\/product\/icp-map0120-map-bovito-doboz-2x18ah-es-lsn-modulhoz\/","title":{"rendered":"ICP-MAP0120<br>MAP b\u0151v\u00edt\u0151 doboz 2x18AH \u00e9s lsn modulhoz"},"content":{"rendered":"<p>ICP-MAP0120<br \/>\nA MAP Expansion Enclosure Kit egy MAP b\u0151v\u00edt\u0151h\u00e1zat, egy MAP  szabot\u00e1zs kapcsol\u00f3t, egy MAP-z\u00e1rszerkezetet \u00e9s egy MAP AC termin\u00e1lblokkot tartalmaz. A burkolatban elf\u00e9r a MAP 150W-os t\u00e1pegys\u00e9ge \u00e9s legfeljebb 2db 18 Ah-\u00e1s akkumul\u00e1tor, vagy 4 MAP LSN modul.<\/p>\n","protected":false},"excerpt":{"rendered":"<p>Rendel\u00e9si k\u00f3d: F.01U.126.316<\/p>\n","protected":false},"featured_media":748,"template":"","meta":[],"product_brand":[],"product_cat":[329],"product_tag":[25],"class_list":{"0":"post-747","1":"product","2":"type-product","3":"status-publish","4":"has-post-thumbnail","6":"product_cat-map5000","7":"product_tag-bosch","9":"first","10":"instock","11":"taxable","12":"shipping-taxable","13":"purchasable","14":"product-type-simple"},"jetpack_sharing_enabled":true,"_links":{"self":[{"href":"https:\/\/bpont.hu\/shop\/index.php\/wp-json\/wp\/v2\/product\/747","targetHints":{"allow":["GET"]}}],"collection":[{"href":"https:\/\/bpont.hu\/shop\/index.php\/wp-json\/wp\/v2\/product"}],"about":[{"href":"https:\/\/bpont.hu\/shop\/index.php\/wp-json\/wp\/v2\/types\/product"}],"version-history":[{"count":5,"href":"https:\/\/bpont.hu\/shop\/index.php\/wp-json\/wp\/v2\/product\/747\/revisions"}],"predecessor-version":[{"id":7458,"href":"https:\/\/bpont.hu\/shop\/index.php\/wp-json\/wp\/v2\/product\/747\/revisions\/7458"}],"wp:featuredmedia":[{"embeddable":true,"href":"https:\/\/bpont.hu\/shop\/index.php\/wp-json\/wp\/v2\/media\/748"}],"wp:attachment":[{"href":"https:\/\/bpont.hu\/shop\/index.php\/wp-json\/wp\/v2\/media?parent=747"}],"wp:term":[{"taxonomy":"product_brand","embeddable":true,"href":"https:\/\/bpont.hu\/shop\/index.php\/wp-json\/wp\/v2\/product_brand?post=747"},{"taxonomy":"product_cat","embeddable":true,"href":"https:\/\/bpont.hu\/shop\/index.php\/wp-json\/wp\/v2\/product_cat?post=747"},{"taxonomy":"product_tag","embeddable":true,"href":"https:\/\/bpont.hu\/shop\/index.php\/wp-json\/wp\/v2\/product_tag?post=747"}],"curies":[{"name":"wp","href":"https:\/\/api.w.org\/{rel}","templated":true}]}}