{"id":738,"date":"2025-06-27T11:11:29","date_gmt":"2025-06-27T10:11:29","guid":{"rendered":"https:\/\/bpont.shop.hu\/?post_type=product&#038;p=738"},"modified":"2026-03-11T16:39:19","modified_gmt":"2026-03-11T14:39:19","slug":"ipp-map0005-2-map-150w-tapegyseg","status":"publish","type":"product","link":"https:\/\/bpont.hu\/shop\/index.php\/product\/ipp-map0005-2-map-150w-tapegyseg\/","title":{"rendered":"IPP-MAP0005-2<br>MAP 150W t\u00e1pegys\u00e9g"},"content":{"rendered":"<p>IPP-MAP0005-2<br \/>\nA MAP5000 modul\u00e1ris behatol\u00e1sjelz\u0151 k\u00f6zpont t\u00e1pegys\u00e9ge. 2db akkumul\u00e1tor kiement, melyre \u00f6sszesen 4db 12V 40Ah zsel\u00e9s akkumul\u00e1tor k\u00f6thet\u0151. \u00d6sszesen 150W terhelhet\u0151s\u00e9g. Direkt kimenet a MAP5000 k\u00f6zpontnak. Szabot\u00e1zs bement.<\/p>\n","protected":false},"excerpt":{"rendered":"<p>Rendel\u00e9si k\u00f3d: F.01U.245.558<\/p>\n","protected":false},"featured_media":739,"template":"","meta":[],"product_brand":[],"product_cat":[329],"product_tag":[25],"class_list":{"0":"post-738","1":"product","2":"type-product","3":"status-publish","4":"has-post-thumbnail","6":"product_cat-map5000","7":"product_tag-bosch","9":"first","10":"instock","11":"taxable","12":"shipping-taxable","13":"purchasable","14":"product-type-simple"},"jetpack_sharing_enabled":true,"_links":{"self":[{"href":"https:\/\/bpont.hu\/shop\/index.php\/wp-json\/wp\/v2\/product\/738","targetHints":{"allow":["GET"]}}],"collection":[{"href":"https:\/\/bpont.hu\/shop\/index.php\/wp-json\/wp\/v2\/product"}],"about":[{"href":"https:\/\/bpont.hu\/shop\/index.php\/wp-json\/wp\/v2\/types\/product"}],"version-history":[{"count":5,"href":"https:\/\/bpont.hu\/shop\/index.php\/wp-json\/wp\/v2\/product\/738\/revisions"}],"predecessor-version":[{"id":7455,"href":"https:\/\/bpont.hu\/shop\/index.php\/wp-json\/wp\/v2\/product\/738\/revisions\/7455"}],"wp:featuredmedia":[{"embeddable":true,"href":"https:\/\/bpont.hu\/shop\/index.php\/wp-json\/wp\/v2\/media\/739"}],"wp:attachment":[{"href":"https:\/\/bpont.hu\/shop\/index.php\/wp-json\/wp\/v2\/media?parent=738"}],"wp:term":[{"taxonomy":"product_brand","embeddable":true,"href":"https:\/\/bpont.hu\/shop\/index.php\/wp-json\/wp\/v2\/product_brand?post=738"},{"taxonomy":"product_cat","embeddable":true,"href":"https:\/\/bpont.hu\/shop\/index.php\/wp-json\/wp\/v2\/product_cat?post=738"},{"taxonomy":"product_tag","embeddable":true,"href":"https:\/\/bpont.hu\/shop\/index.php\/wp-json\/wp\/v2\/product_tag?post=738"}],"curies":[{"name":"wp","href":"https:\/\/api.w.org\/{rel}","templated":true}]}}