{"id":735,"date":"2025-06-27T11:11:28","date_gmt":"2025-06-27T10:11:28","guid":{"rendered":"https:\/\/bpont.shop.hu\/?post_type=product&#038;p=735"},"modified":"2026-05-05T14:45:56","modified_gmt":"2026-05-05T12:45:56","slug":"icp-map0010-map-lsn-modul","status":"publish","type":"product","link":"https:\/\/bpont.hu\/shop\/index.php\/product\/icp-map0010-map-lsn-modul\/","title":{"rendered":"ICP-MAP0010<br>MAP LSN modul"},"content":{"rendered":"<p>ICP-MAP0010<br \/>\nA MAP5000 modul\u00e1ris behatol\u00e1sjelz\u0151 k\u00f6zpont LSN hurok modulja, mely 1 hurkot (LSN) vagy 2 \u00e1gat fogad, 300 mA maxim\u00e1lis kimeneti \u00e1rammal. A modul k\u00e9t kieg\u00e9sz\u00edt\u0151 t\u00e1pell\u00e1t\u00e1st biztos\u00edt (mindegyik 500 mA). Egy k\u00f6zpontba \u00f6sszesen 8 LSN hurok modul rakhat\u00f3. Egy hurok 300mA terhelhet\u0151s\u00e9ggel \u00e9s 127db eszk\u00f6zzel terhelhet\u0151. Egy hurok maxim\u00e1lisan 1000m hossz\u00fa lehet. <\/p>\n","protected":false},"excerpt":{"rendered":"<p>Rendel\u00e9si k\u00f3d: F.01U.064.521<\/p>\n","protected":false},"featured_media":736,"template":"","meta":[],"product_brand":[],"product_cat":[329],"product_tag":[25],"class_list":{"0":"post-735","1":"product","2":"type-product","3":"status-publish","4":"has-post-thumbnail","6":"product_cat-map5000","7":"product_tag-bosch","9":"first","10":"instock","11":"taxable","12":"shipping-taxable","13":"purchasable","14":"product-type-simple"},"jetpack_sharing_enabled":true,"_links":{"self":[{"href":"https:\/\/bpont.hu\/shop\/index.php\/wp-json\/wp\/v2\/product\/735","targetHints":{"allow":["GET"]}}],"collection":[{"href":"https:\/\/bpont.hu\/shop\/index.php\/wp-json\/wp\/v2\/product"}],"about":[{"href":"https:\/\/bpont.hu\/shop\/index.php\/wp-json\/wp\/v2\/types\/product"}],"version-history":[{"count":5,"href":"https:\/\/bpont.hu\/shop\/index.php\/wp-json\/wp\/v2\/product\/735\/revisions"}],"predecessor-version":[{"id":7454,"href":"https:\/\/bpont.hu\/shop\/index.php\/wp-json\/wp\/v2\/product\/735\/revisions\/7454"}],"wp:featuredmedia":[{"embeddable":true,"href":"https:\/\/bpont.hu\/shop\/index.php\/wp-json\/wp\/v2\/media\/736"}],"wp:attachment":[{"href":"https:\/\/bpont.hu\/shop\/index.php\/wp-json\/wp\/v2\/media?parent=735"}],"wp:term":[{"taxonomy":"product_brand","embeddable":true,"href":"https:\/\/bpont.hu\/shop\/index.php\/wp-json\/wp\/v2\/product_brand?post=735"},{"taxonomy":"product_cat","embeddable":true,"href":"https:\/\/bpont.hu\/shop\/index.php\/wp-json\/wp\/v2\/product_cat?post=735"},{"taxonomy":"product_tag","embeddable":true,"href":"https:\/\/bpont.hu\/shop\/index.php\/wp-json\/wp\/v2\/product_tag?post=735"}],"curies":[{"name":"wp","href":"https:\/\/api.w.org\/{rel}","templated":true}]}}