{"id":680,"date":"2025-06-27T11:11:20","date_gmt":"2025-06-27T10:11:20","guid":{"rendered":"https:\/\/bpont.shop.hu\/?post_type=product&#038;p=680"},"modified":"2026-03-11T16:39:18","modified_gmt":"2026-03-11T14:39:18","slug":"mic-alm-was-24-mic7000-hez-riasztasi-es-ablakmoso-interfesz","status":"publish","type":"product","link":"https:\/\/bpont.hu\/shop\/index.php\/product\/mic-alm-was-24-mic7000-hez-riasztasi-es-ablakmoso-interfesz\/","title":{"rendered":"MIC-ALM-WAS-24<br>MIC7000-hez Riaszt\u00e1si \u00e9s Ablakmos\u00f3 Interf\u00e9sz"},"content":{"rendered":"<p>MIC-ALM-WAS-24<br \/>\nA MIC Alarm \/ Washer Interface  egy id\u0151j\u00e1r\u00e1s\u00e1ll\u00f3 burkalattal van ell\u00e1tva, amely t\u00falfesz\u00fclts\u00e9g-v\u00e9dett interf\u00e9sz csatlakoz\u00e1sokat tartalmaz, riaszt\u00e1si Be- \u00e9s Kimenetekhez.<br \/>\nEzen fel\u00fcl tartalmat m\u00e9g mos\u00e1shoz rel\u00e9t, t\u00e1pcsatlakoz\u00e1st \u00e9s soros adatcsatlakoz\u00e1st a MIC7000 kamer\u00e1khoz. Az egys\u00e9g elt\u00e1vol\u00edthat\u00f3 csavaros sorkapcsokkal van ell\u00e1tva a k\u00fcls\u0151 k\u00e1belez\u00e9shez t\u00f6rt\u00e9n\u0151 r\u00f6gz\u00edt\u00e9s\u00e9re. Az el\u0151lapra szerelt LED-kijelz\u0151k diagnosztiz\u00e1l\u00e1sra haszn\u00e1lhat\u00f3k.<\/p>\n","protected":false},"excerpt":{"rendered":"<p>Rendel\u00e9si k\u00f3d: F.01U.286.248<\/p>\n","protected":false},"featured_media":681,"template":"","meta":[],"product_brand":[],"product_cat":[325],"product_tag":[25],"class_list":{"0":"post-680","1":"product","2":"type-product","3":"status-publish","4":"has-post-thumbnail","6":"product_cat-terfigyelo-kamerak-ptz-speed-dome","7":"product_tag-bosch","9":"first","10":"instock","11":"taxable","12":"shipping-taxable","13":"purchasable","14":"product-type-simple"},"jetpack_sharing_enabled":true,"_links":{"self":[{"href":"https:\/\/bpont.hu\/shop\/index.php\/wp-json\/wp\/v2\/product\/680","targetHints":{"allow":["GET"]}}],"collection":[{"href":"https:\/\/bpont.hu\/shop\/index.php\/wp-json\/wp\/v2\/product"}],"about":[{"href":"https:\/\/bpont.hu\/shop\/index.php\/wp-json\/wp\/v2\/types\/product"}],"version-history":[{"count":5,"href":"https:\/\/bpont.hu\/shop\/index.php\/wp-json\/wp\/v2\/product\/680\/revisions"}],"predecessor-version":[{"id":7435,"href":"https:\/\/bpont.hu\/shop\/index.php\/wp-json\/wp\/v2\/product\/680\/revisions\/7435"}],"wp:featuredmedia":[{"embeddable":true,"href":"https:\/\/bpont.hu\/shop\/index.php\/wp-json\/wp\/v2\/media\/681"}],"wp:attachment":[{"href":"https:\/\/bpont.hu\/shop\/index.php\/wp-json\/wp\/v2\/media?parent=680"}],"wp:term":[{"taxonomy":"product_brand","embeddable":true,"href":"https:\/\/bpont.hu\/shop\/index.php\/wp-json\/wp\/v2\/product_brand?post=680"},{"taxonomy":"product_cat","embeddable":true,"href":"https:\/\/bpont.hu\/shop\/index.php\/wp-json\/wp\/v2\/product_cat?post=680"},{"taxonomy":"product_tag","embeddable":true,"href":"https:\/\/bpont.hu\/shop\/index.php\/wp-json\/wp\/v2\/product_tag?post=680"}],"curies":[{"name":"wp","href":"https:\/\/api.w.org\/{rel}","templated":true}]}}