{"id":672,"date":"2025-06-27T11:11:18","date_gmt":"2025-06-27T10:11:18","guid":{"rendered":"https:\/\/bpont.shop.hu\/?post_type=product&#038;p=672"},"modified":"2026-03-11T16:39:18","modified_gmt":"2026-03-11T14:39:18","slug":"lvf-5005c-s1803-lvf-1-2-5-inch-cs-mount-1-8-3mm-ir-5mp-sr-iris","status":"publish","type":"product","link":"https:\/\/bpont.hu\/shop\/index.php\/product\/lvf-5005c-s1803-lvf-1-2-5-inch-cs-mount-1-8-3mm-ir-5mp-sr-iris\/","title":{"rendered":"LVF-5005C-S1803<br>LVF 1\/2.5-INCH CS-mount 1.8-3mm IR 5MP SR-IRIS"},"content":{"rendered":"<p>LVF-5005C-S1803<br \/>\nMivel a kamer\u00e1k a megapixeles \u00e9rz\u00e9kel\u0151technol\u00f3gi\u00e1nak \u00e9s a fejlett feldolgoz\u00e1snak k\u00f6sz\u00f6nhet\u0151en m\u00e9g jobb felbont\u00e1ssal k\u00e9pesek r\u00f6gz\u00edteni a k\u00e9pet, az objekt\u00edveknek is sz\u00fcks\u00e9g\u00fck van a kamera optim\u00e1lis m\u0171k\u00f6d\u00e9s\u00e9t lehet\u0151v\u00e9 tev\u0151 optikai felbont\u00e1sra.<br \/>\nEzek az objekt\u00edvek hossz\u00fa, megb\u00edzhat\u00f3 \u00e9s karbantart\u00e1smentes m\u0171k\u00f6d\u00e9st garant\u00e1lnak. R\u00e9szletes lefedetts\u00e9get ny\u00fajtanak olyan nagy t\u00e1vols\u00e1g\u00fa felhaszn\u00e1l\u00e1sn\u00e1l, mint a stadionok vagy a k\u00fclt\u00e9ri megfigyel\u00e9s.<br \/>\nEzek az objekt\u00edvek szabv\u00e1nyos C- vagy CS-foglalattal<br \/>\nrendelkeznek, \u00e9s t\u00f6bbfajta kamer\u00e1ban haszn\u00e1lhat\u00f3k. A<br \/>\nDC-f\u00e9nyrekeszes vez\u00e9rl\u00e9s csatlakoz\u00e1sa n\u00e9gyt\u0171s<br \/>\nstandard csatlakoz\u00f3, amely k\u00f6zvetlen\u00fcl illeszkedik a<br \/>\nkamerablende kimenet\u00e9be. Az objekt\u00edvek megapixeles<br \/>\nfelbont\u00e1suknak, kontrasztos k\u00e9pvisszaad\u00e1suknak \u00e9s<br \/>\nbevonatuknak k\u00f6sz\u00f6nhet\u0151en pedig kiv\u00e1l\u00f3 optikai<br \/>\nmin\u0151s\u00e9get biztos\u00edtanak.<br \/>\nA mechanikai kivitel megtervez\u00e9s\u00e9n\u00e9l szempont volt a blendevez\u00e9rl\u00e9s gyakori m\u0171k\u00f6dtet\u00e9s\u00e9nek \u00e9s a biztons\u00e1gtechnikai alkalmaz\u00e1sok okozta k\u00f6rnyezeti ig\u00e9nybev\u00e9telnek val\u00f3 ellen\u00e1ll\u00e1s. Hossz\u00fa, megb\u00edzhat\u00f3 \u00e9s karbantart\u00e1smentes m\u0171k\u00f6d\u00e9st garant\u00e1lnak.<br \/>\nAmennyiben a HD kamer\u00e1k teljes\u00edtm\u00e9ny\u00e9hez illeszked\u0151, rugalmas, kiv\u00e1l\u00f3 min\u0151s\u00e9g\u0171 \u00e9s megb\u00edzhat\u00f3 objekt\u00edveket keres, ez a sorozat az ide\u00e1lis megold\u00e1s.<br \/>\nTulajdons\u00e1gok:<br \/>\n&#8211; Ultra megapixeles optikai felbont\u00e1s<br \/>\n&#8211; Teleobjekt\u00edv hat\u00f3t\u00e1vols\u00e1g a t\u00e1voli objektumok r\u00e9szletes megjelen\u00edt\u00e9s\u00e9hez<br \/>\n&#8211; Kiemelked\u0151 min\u0151s\u00e9g\u0171 optika<br \/>\n&#8211; Megb\u00edzhat\u00f3, robusztus kialak\u00edt\u00e1s<\/p>\n","protected":false},"excerpt":{"rendered":"<p>Rendel\u00e9si k\u00f3d: F.01U.274.354<\/p>\n","protected":false},"featured_media":670,"template":"","meta":[],"product_brand":[],"product_cat":[324],"product_tag":[25],"class_list":{"0":"post-672","1":"product","2":"type-product","3":"status-publish","4":"has-post-thumbnail","6":"product_cat-objektivek","7":"product_tag-bosch","9":"first","10":"instock","11":"taxable","12":"shipping-taxable","13":"purchasable","14":"product-type-simple"},"jetpack_sharing_enabled":true,"_links":{"self":[{"href":"https:\/\/bpont.hu\/shop\/index.php\/wp-json\/wp\/v2\/product\/672","targetHints":{"allow":["GET"]}}],"collection":[{"href":"https:\/\/bpont.hu\/shop\/index.php\/wp-json\/wp\/v2\/product"}],"about":[{"href":"https:\/\/bpont.hu\/shop\/index.php\/wp-json\/wp\/v2\/types\/product"}],"version-history":[{"count":5,"href":"https:\/\/bpont.hu\/shop\/index.php\/wp-json\/wp\/v2\/product\/672\/revisions"}],"predecessor-version":[{"id":7432,"href":"https:\/\/bpont.hu\/shop\/index.php\/wp-json\/wp\/v2\/product\/672\/revisions\/7432"}],"wp:featuredmedia":[{"embeddable":true,"href":"https:\/\/bpont.hu\/shop\/index.php\/wp-json\/wp\/v2\/media\/670"}],"wp:attachment":[{"href":"https:\/\/bpont.hu\/shop\/index.php\/wp-json\/wp\/v2\/media?parent=672"}],"wp:term":[{"taxonomy":"product_brand","embeddable":true,"href":"https:\/\/bpont.hu\/shop\/index.php\/wp-json\/wp\/v2\/product_brand?post=672"},{"taxonomy":"product_cat","embeddable":true,"href":"https:\/\/bpont.hu\/shop\/index.php\/wp-json\/wp\/v2\/product_cat?post=672"},{"taxonomy":"product_tag","embeddable":true,"href":"https:\/\/bpont.hu\/shop\/index.php\/wp-json\/wp\/v2\/product_tag?post=672"}],"curies":[{"name":"wp","href":"https:\/\/api.w.org\/{rel}","templated":true}]}}