{"id":650,"date":"2025-06-27T11:11:16","date_gmt":"2025-06-27T10:11:16","guid":{"rendered":"https:\/\/bpont.shop.hu\/?post_type=product&#038;p=650"},"modified":"2026-05-05T14:45:55","modified_gmt":"2026-05-05T12:45:55","slug":"nbn-80052-ba-dinion-ip-starlight-8000-5mp-box-kamera-iva-funkcio","status":"publish","type":"product","link":"https:\/\/bpont.hu\/shop\/index.php\/product\/nbn-80052-ba-dinion-ip-starlight-8000-5mp-box-kamera-iva-funkcio\/","title":{"rendered":"NBN-80052-BA<br>DINION IP starlight 8000 5MP Box kamera IVA funkci\u00f3"},"content":{"rendered":"<p>NBN-80052-BA<br \/>\nA DINION IP starlight 8000 MP kamera f\u00e9nyviszonyokt\u00f3l, napszakt\u00f3l \u00e9s a t\u00e1rgyak mozg\u00e1s\u00e1t\u00f3l f\u00fcggetlen\u00fcl, a nap 24 \u00f3r\u00e1j\u00e1ban megfelel\u0151 min\u0151s\u00e9g\u0171, IP protokollon tov\u00e1bb\u00edtott videofelv\u00e9telt k\u00e9sz\u00edt. Az 5 MPes felbont\u00e1s sz\u00e9ls\u0151s\u00e9gesen rossz f\u00e9nyviszonyok mellett is leny\u0171g\u00f6z\u0151, r\u00e9szletgazdag k\u00e9peket eredm\u00e9nyez. A kamera szinte teljes s\u00f6t\u00e9tben is t\u00f6bb megapixeles sz\u00ednes k\u00e9peket k\u00e9sz\u00edt, \u00e9s m\u00e9g olyan helyzetekben is k\u00e9pes r\u00e9szletgazdag monokr\u00f3m felv\u00e9telek k\u00e9sz\u00edt\u00e9s\u00e9re, amelyekben m\u00e1s kamer\u00e1k k\u00e9pe m\u00e1r egy\u00e1ltal\u00e1n nem \u00e9rt\u00e9kelhet\u0151.F\u0151bb funkci\u00f3k:<br \/>\n&#8211; K\u00e9ptartalom-alap\u00fa k\u00e9palkot\u00e1si technol\u00f3gia ( A CBIT r\u00e9v\u00e9n a k\u00e9pmin\u0151s\u00e9g b\u00e1rmilyen f\u00e9nyviszony mellett jelent\u0151s m\u00e9rt\u00e9kben jav\u00edthat\u00f3.)<br \/>\n&#8211; iAE inteligens Aut\u00f3matikus Expoz\u00edci\u00f3 a f\u00e9nyes \u00e9s s\u00f6t\u00e9t k\u00e9pr\u00e9szletek val\u00f3s ki\u00e9rt\u00e9kelhet\u0151s\u00e9g\u00e9t teszi lehet\u0151v\u00e9<br \/>\n&#8211; kiemelked\u0151en magas HDR funkci\u00f3<br \/>\n&#8211; Az iDNR cs\u00f6kkenti a s\u00e1vsz\u00e9less\u00e9g- \u00e9s t\u00e1rhelyig\u00e9nyt az intelligens dinamikus zajsz\u0171r\u00e9ssel<br \/>\n   (akt\u00edvan elemzi a k\u00e9pek tartalm\u00e1t, \u00e9s ennek megfelel\u0151en cs\u00f6kkenti a zajszintet)<br \/>\n&#8211; Ter\u00fcletalap\u00fa k\u00f3dol\u00e1s  funkci\u00f3 is hozz\u00e1j\u00e1rul a s\u00e1vsz\u00e9less\u00e9g cs\u00f6kkent\u00e9s\u00e9hez.<br \/>\n  (Ez lehet\u0151v\u00e9 teszi az \u00e9rdektelen ter\u00fcletek nagym\u00e9rt\u00e9k\u0171 t\u00f6m\u00f6r\u00edt\u00e9s\u00e9t, ami nagyobb s\u00e1vsz\u00e9less\u00e9get biztos\u00edt a helysz\u00edn fontosabb r\u00e9szleteinek.)<br \/>\n&#8211; Innovat\u00edv multi-streaming<br \/>\n&#8211; iSCSI t\u00e1mogat\u00e1s (Nincs sz\u00fcks\u00e9g dedik\u00e1lt szervere)<br \/>\n&#8211; Dropbox (felh\u0151 alap\u00fa szolg\u00e1ltat\u00e1s)<br \/>\n&#8211; E-PTZ<br \/>\n&#8211; ROI<br \/>\n&#8211; K\u00e9tir\u00e1ny\u00fa hangkapcsolat \u00e9s -riaszt\u00e1s<br \/>\n&#8211; Szabot\u00e1zs- \u00e9s mozg\u00e1s\u00e9rz\u00e9kel\u00e9s<br \/>\n&#8211; 802.1x hiteles\u00edt\u00e9s<br \/>\n&#8211; Video Security App<br \/>\n&#8211; IVA  Be\u00e9p\u00edtett inteligens vide\u00f3k\u00e9p elemz\u0151 funkci\u00f3k tal\u00e1lhat\u00f3k<\/p>\n","protected":false},"excerpt":{"rendered":"<p>Rendel\u00e9si k\u00f3d: F.01U.363.614<\/p>\n","protected":false},"featured_media":651,"template":"","meta":[],"product_brand":[],"product_cat":[323],"product_tag":[25],"class_list":{"0":"post-650","1":"product","2":"type-product","3":"status-publish","4":"has-post-thumbnail","6":"product_cat-box-kamerak","7":"product_tag-bosch","9":"first","10":"instock","11":"taxable","12":"shipping-taxable","13":"purchasable","14":"product-type-simple"},"jetpack_sharing_enabled":true,"_links":{"self":[{"href":"https:\/\/bpont.hu\/shop\/index.php\/wp-json\/wp\/v2\/product\/650","targetHints":{"allow":["GET"]}}],"collection":[{"href":"https:\/\/bpont.hu\/shop\/index.php\/wp-json\/wp\/v2\/product"}],"about":[{"href":"https:\/\/bpont.hu\/shop\/index.php\/wp-json\/wp\/v2\/types\/product"}],"version-history":[{"count":5,"href":"https:\/\/bpont.hu\/shop\/index.php\/wp-json\/wp\/v2\/product\/650\/revisions"}],"predecessor-version":[{"id":7424,"href":"https:\/\/bpont.hu\/shop\/index.php\/wp-json\/wp\/v2\/product\/650\/revisions\/7424"}],"wp:featuredmedia":[{"embeddable":true,"href":"https:\/\/bpont.hu\/shop\/index.php\/wp-json\/wp\/v2\/media\/651"}],"wp:attachment":[{"href":"https:\/\/bpont.hu\/shop\/index.php\/wp-json\/wp\/v2\/media?parent=650"}],"wp:term":[{"taxonomy":"product_brand","embeddable":true,"href":"https:\/\/bpont.hu\/shop\/index.php\/wp-json\/wp\/v2\/product_brand?post=650"},{"taxonomy":"product_cat","embeddable":true,"href":"https:\/\/bpont.hu\/shop\/index.php\/wp-json\/wp\/v2\/product_cat?post=650"},{"taxonomy":"product_tag","embeddable":true,"href":"https:\/\/bpont.hu\/shop\/index.php\/wp-json\/wp\/v2\/product_tag?post=650"}],"curies":[{"name":"wp","href":"https:\/\/api.w.org\/{rel}","templated":true}]}}