{"id":612,"date":"2025-06-27T11:11:10","date_gmt":"2025-06-27T10:11:10","guid":{"rendered":"https:\/\/bpont.shop.hu\/?post_type=product&#038;p=612"},"modified":"2026-05-05T14:45:54","modified_gmt":"2026-05-05T12:45:54","slug":"npd-5004-poe-poe-tapfelado-4-port-15-4w-ac-in","status":"publish","type":"product","link":"https:\/\/bpont.hu\/shop\/index.php\/product\/npd-5004-poe-poe-tapfelado-4-port-15-4w-ac-in\/","title":{"rendered":"NPD-5004-POE<br>PoE t\u00e1pfelad\u00f3 4 port 15.4W AC IN"},"content":{"rendered":"<p>NPD-5004-POE<br \/>\nEz a t\u00e1p-felad\u00f3 lehet\u0151v\u00e9 teszi a megl\u00e9v\u0151 Ethernet-infrastrukt\u00fara fejleszt\u00e9s\u00e9t a PoE kamer\u00e1kkal val\u00f3 haszn\u00e1latra.<br \/>\nAz NPD-5001-POE egy 4 portos modul, amely 4 PoE kamer\u00e1t\/eszk\u00f6zt k\u00e9pes megt\u00e1pl\u00e1lni.<br \/>\nAz injektor \u00e1talak\u00edtja a v\u00e1lt\u00f3\u00e1ram\u00fa t\u00e1pfesz\u00fclts\u00e9get egy 48 VDC fesz\u00fclts\u00e9gre alak\u00edtja, amelyet azut\u00e1n kimenetenk\u00e9nt Ethernet-k\u00e1belen kereszt\u00fcl biztos\u00edthatunk a kamer\u00e1knak.<br \/>\nA kimenetek legfeljebb 10\/100\/1000 Mbps \u00e1tviteli sebess\u00e9get t\u00e1mogatnak.<br \/>\nPortonk\u00e9nt ak\u00e1r 15,4 W-ot k\u00e9pes biztos\u00edtani.<\/p>\n","protected":false},"excerpt":{"rendered":"<p>Rendel\u00e9si k\u00f3d: F.01U.305.289<\/p>\n","protected":false},"featured_media":613,"template":"","meta":[],"product_brand":[],"product_cat":[321],"product_tag":[25],"class_list":{"0":"post-612","1":"product","2":"type-product","3":"status-publish","4":"has-post-thumbnail","6":"product_cat-tapegysegek-kabelek-csatlakozok","7":"product_tag-bosch","9":"first","10":"instock","11":"taxable","12":"shipping-taxable","13":"purchasable","14":"product-type-simple"},"jetpack_sharing_enabled":true,"_links":{"self":[{"href":"https:\/\/bpont.hu\/shop\/index.php\/wp-json\/wp\/v2\/product\/612","targetHints":{"allow":["GET"]}}],"collection":[{"href":"https:\/\/bpont.hu\/shop\/index.php\/wp-json\/wp\/v2\/product"}],"about":[{"href":"https:\/\/bpont.hu\/shop\/index.php\/wp-json\/wp\/v2\/types\/product"}],"version-history":[{"count":5,"href":"https:\/\/bpont.hu\/shop\/index.php\/wp-json\/wp\/v2\/product\/612\/revisions"}],"predecessor-version":[{"id":7408,"href":"https:\/\/bpont.hu\/shop\/index.php\/wp-json\/wp\/v2\/product\/612\/revisions\/7408"}],"wp:featuredmedia":[{"embeddable":true,"href":"https:\/\/bpont.hu\/shop\/index.php\/wp-json\/wp\/v2\/media\/613"}],"wp:attachment":[{"href":"https:\/\/bpont.hu\/shop\/index.php\/wp-json\/wp\/v2\/media?parent=612"}],"wp:term":[{"taxonomy":"product_brand","embeddable":true,"href":"https:\/\/bpont.hu\/shop\/index.php\/wp-json\/wp\/v2\/product_brand?post=612"},{"taxonomy":"product_cat","embeddable":true,"href":"https:\/\/bpont.hu\/shop\/index.php\/wp-json\/wp\/v2\/product_cat?post=612"},{"taxonomy":"product_tag","embeddable":true,"href":"https:\/\/bpont.hu\/shop\/index.php\/wp-json\/wp\/v2\/product_tag?post=612"}],"curies":[{"name":"wp","href":"https:\/\/api.w.org\/{rel}","templated":true}]}}