{"id":595,"date":"2025-06-27T11:11:06","date_gmt":"2025-06-27T10:11:06","guid":{"rendered":"https:\/\/bpont.shop.hu\/?post_type=product&#038;p=595"},"modified":"2026-05-05T14:45:54","modified_gmt":"2026-05-05T12:45:54","slug":"vg4-sfpsckt-eth-sfp-interfesz-kitt","status":"publish","type":"product","link":"https:\/\/bpont.hu\/shop\/index.php\/product\/vg4-sfpsckt-eth-sfp-interfesz-kitt\/","title":{"rendered":"VG4-SFPSCKT<br>ETH-SFP interf\u00e9sz kitt"},"content":{"rendered":"<p>VG4-SFPSCKT<br \/>\nA VG4-SFPSCKT egy m\u00e9dia\u00e1talak\u00edt\u00f3 modul, amely integr\u00e1lt sz\u00e1loptikai megold\u00e1st k\u00edn\u00e1l.<br \/>\nA modul \u00fagy lett kialak\u00edtva, hogy elfogadja az 10\/100 Mbps-os Multimode optikai sz\u00e1las (MMF) vagy egym\u00f3d\u00fa (SMF) optikai sz\u00e1lakhoz LC vagy SC csatlakoz\u00f3kkal val\u00f3 haszn\u00e1lattal.<\/p>\n","protected":false},"excerpt":{"rendered":"<p>Rendel\u00e9si k\u00f3d: F.01U.142.529<\/p>\n","protected":false},"featured_media":596,"template":"","meta":[],"product_brand":[],"product_cat":[315],"product_tag":[25],"class_list":{"0":"post-595","1":"product","2":"type-product","3":"status-publish","4":"has-post-thumbnail","6":"product_cat-jelatalakitok-es-tartozekok","7":"product_tag-bosch","9":"first","10":"instock","11":"taxable","12":"shipping-taxable","13":"purchasable","14":"product-type-simple"},"jetpack_sharing_enabled":true,"_links":{"self":[{"href":"https:\/\/bpont.hu\/shop\/index.php\/wp-json\/wp\/v2\/product\/595","targetHints":{"allow":["GET"]}}],"collection":[{"href":"https:\/\/bpont.hu\/shop\/index.php\/wp-json\/wp\/v2\/product"}],"about":[{"href":"https:\/\/bpont.hu\/shop\/index.php\/wp-json\/wp\/v2\/types\/product"}],"version-history":[{"count":5,"href":"https:\/\/bpont.hu\/shop\/index.php\/wp-json\/wp\/v2\/product\/595\/revisions"}],"predecessor-version":[{"id":7402,"href":"https:\/\/bpont.hu\/shop\/index.php\/wp-json\/wp\/v2\/product\/595\/revisions\/7402"}],"wp:featuredmedia":[{"embeddable":true,"href":"https:\/\/bpont.hu\/shop\/index.php\/wp-json\/wp\/v2\/media\/596"}],"wp:attachment":[{"href":"https:\/\/bpont.hu\/shop\/index.php\/wp-json\/wp\/v2\/media?parent=595"}],"wp:term":[{"taxonomy":"product_brand","embeddable":true,"href":"https:\/\/bpont.hu\/shop\/index.php\/wp-json\/wp\/v2\/product_brand?post=595"},{"taxonomy":"product_cat","embeddable":true,"href":"https:\/\/bpont.hu\/shop\/index.php\/wp-json\/wp\/v2\/product_cat?post=595"},{"taxonomy":"product_tag","embeddable":true,"href":"https:\/\/bpont.hu\/shop\/index.php\/wp-json\/wp\/v2\/product_tag?post=595"}],"curies":[{"name":"wp","href":"https:\/\/api.w.org\/{rel}","templated":true}]}}