{"id":589,"date":"2025-06-27T11:11:05","date_gmt":"2025-06-27T10:11:05","guid":{"rendered":"https:\/\/bpont.shop.hu\/?post_type=product&#038;p=589"},"modified":"2026-05-05T14:45:54","modified_gmt":"2026-05-05T12:45:54","slug":"cnfe2mc-in-kozponti-media-konverter-rac-rogzitessel","status":"publish","type":"product","link":"https:\/\/bpont.hu\/shop\/index.php\/product\/cnfe2mc-in-kozponti-media-konverter-rac-rogzitessel\/","title":{"rendered":"CNFE2MC\/IN<br>K\u00f6zponti M\u00e9dia konverter RAC r\u00f6gz\u00edt\u00e9ssel"},"content":{"rendered":"<p>CNFE2MC\/IN<\/p>\n<p>A m\u00e9dia\u00e1talak\u00edt\u00f3 eszk\u00f6zt (CNFE2MC \/ IN) 10\/100 Mbps Ethernet adat\u00e1tvitelre tervezt\u00e9k optikai sz\u00e1lak haszn\u00e1lat\u00e1val SFP modulokkal.<\/p>\n<p>Az eszk\u00f6zt olyan burkolatban sz\u00e1ll\u00edtjuk, amely fel van szerelve, vagy felszerelhet\u0151 az opcion\u00e1lis C1-IN rack-r\u00f6gz\u00edt\u0151 keret seg\u00edts\u00e9g\u00e9vel.<\/p>\n<p>Az egys\u00e9g nem ig\u00e9nyel k\u00fcl\u00f6nleges be\u00e1ll\u00edt\u00e1sokat, \u00e9s automatikus MDI \/ MDI-X crossovert biztos\u00edt.<\/p>\n","protected":false},"excerpt":{"rendered":"<p>Rendel\u00e9si k\u00f3d: F.01U.136.545<\/p>\n","protected":false},"featured_media":590,"template":"","meta":[],"product_brand":[],"product_cat":[315],"product_tag":[25],"class_list":{"0":"post-589","1":"product","2":"type-product","3":"status-publish","4":"has-post-thumbnail","6":"product_cat-jelatalakitok-es-tartozekok","7":"product_tag-bosch","9":"first","10":"instock","11":"taxable","12":"shipping-taxable","13":"purchasable","14":"product-type-simple"},"jetpack_sharing_enabled":true,"_links":{"self":[{"href":"https:\/\/bpont.hu\/shop\/index.php\/wp-json\/wp\/v2\/product\/589","targetHints":{"allow":["GET"]}}],"collection":[{"href":"https:\/\/bpont.hu\/shop\/index.php\/wp-json\/wp\/v2\/product"}],"about":[{"href":"https:\/\/bpont.hu\/shop\/index.php\/wp-json\/wp\/v2\/types\/product"}],"version-history":[{"count":5,"href":"https:\/\/bpont.hu\/shop\/index.php\/wp-json\/wp\/v2\/product\/589\/revisions"}],"predecessor-version":[{"id":7400,"href":"https:\/\/bpont.hu\/shop\/index.php\/wp-json\/wp\/v2\/product\/589\/revisions\/7400"}],"wp:featuredmedia":[{"embeddable":true,"href":"https:\/\/bpont.hu\/shop\/index.php\/wp-json\/wp\/v2\/media\/590"}],"wp:attachment":[{"href":"https:\/\/bpont.hu\/shop\/index.php\/wp-json\/wp\/v2\/media?parent=589"}],"wp:term":[{"taxonomy":"product_brand","embeddable":true,"href":"https:\/\/bpont.hu\/shop\/index.php\/wp-json\/wp\/v2\/product_brand?post=589"},{"taxonomy":"product_cat","embeddable":true,"href":"https:\/\/bpont.hu\/shop\/index.php\/wp-json\/wp\/v2\/product_cat?post=589"},{"taxonomy":"product_tag","embeddable":true,"href":"https:\/\/bpont.hu\/shop\/index.php\/wp-json\/wp\/v2\/product_tag?post=589"}],"curies":[{"name":"wp","href":"https:\/\/api.w.org\/{rel}","templated":true}]}}