{"id":584,"date":"2025-06-27T11:11:04","date_gmt":"2025-06-27T10:11:04","guid":{"rendered":"https:\/\/bpont.shop.hu\/?post_type=product&#038;p=584"},"modified":"2026-05-05T14:45:54","modified_gmt":"2026-05-05T12:45:54","slug":"sfp-25-uvegszal-modul-mm-1310-1550nm-2km-1sc","status":"publish","type":"product","link":"https:\/\/bpont.hu\/shop\/index.php\/product\/sfp-25-uvegszal-modul-mm-1310-1550nm-2km-1sc\/","title":{"rendered":"SFP-25<br>\u00dcvegsz\u00e1l modul MM 1310\/1550NM 2KM 1SC"},"content":{"rendered":"<p>SFP-25<br \/>\nA Small Form-factor Pluggable (SFP) modulok kiv\u00e1laszt\u00e1sa biztos\u00edtja a gyors Ethernet optikai interf\u00e9szt a VG4-SFPSCKT vagy a CNFE2MC \/ INmedia konverterek haszn\u00e1lat\u00e1val. Ezek az egym\u00e1ssal felcser\u00e9lhet\u0151 SFP modulok, az MMF vagy SMF optikai sz\u00e1lakhoz haszn\u00e1lhat\u00f3k. Az optikai sz\u00e1l SFP modulok egy \u00e9s k\u00e9t sz\u00e1las v\u00e1ltozatban kaphat\u00f3k.<br \/>\nEzek LC vagy SC optikai csatlakoz\u00f3kkal is kaphat\u00f3k.<br \/>\nAz SFP-25-\u00f6s MMF modul  Single SC kialak\u00edt\u00e1s\u00fa (1310 nm \/1550 nm), 2Km-es t\u00e1vols\u00e1gra haszn\u00e1lhat\u00f3, m\u00e9retei: 55.5 x 13.5 x 8.5 mm (2.2 x 0.5 x 0.3 in.)<br \/>\nTulajdons\u00e1gok:<br \/>\n&#8211; Kism\u00e9ret\u0171 , csatlakoztathat\u00f3 (SFP) modulok<br \/>\n&#8211; T\u00f6bb- \u00e9s egym\u00f3d\u00fa modulok \u00e1llnak rendelkez\u00e9sre<br \/>\n&#8211; Legfeljebb 20 km t\u00e1vols\u00e1got t\u00e1mogat<br \/>\n&#8211; Fel\u00fcletre szerelhet\u0151 vagy rac-be szerelhet\u0151<\/p>\n","protected":false},"excerpt":{"rendered":"<p>Rendel\u00e9si k\u00f3d: F.01U.136.541<\/p>\n","protected":false},"featured_media":585,"template":"","meta":[],"product_brand":[],"product_cat":[315],"product_tag":[25],"class_list":{"0":"post-584","1":"product","2":"type-product","3":"status-publish","4":"has-post-thumbnail","6":"product_cat-jelatalakitok-es-tartozekok","7":"product_tag-bosch","9":"first","10":"instock","11":"taxable","12":"shipping-taxable","13":"purchasable","14":"product-type-simple"},"jetpack_sharing_enabled":true,"_links":{"self":[{"href":"https:\/\/bpont.hu\/shop\/index.php\/wp-json\/wp\/v2\/product\/584","targetHints":{"allow":["GET"]}}],"collection":[{"href":"https:\/\/bpont.hu\/shop\/index.php\/wp-json\/wp\/v2\/product"}],"about":[{"href":"https:\/\/bpont.hu\/shop\/index.php\/wp-json\/wp\/v2\/types\/product"}],"version-history":[{"count":5,"href":"https:\/\/bpont.hu\/shop\/index.php\/wp-json\/wp\/v2\/product\/584\/revisions"}],"predecessor-version":[{"id":7398,"href":"https:\/\/bpont.hu\/shop\/index.php\/wp-json\/wp\/v2\/product\/584\/revisions\/7398"}],"wp:featuredmedia":[{"embeddable":true,"href":"https:\/\/bpont.hu\/shop\/index.php\/wp-json\/wp\/v2\/media\/585"}],"wp:attachment":[{"href":"https:\/\/bpont.hu\/shop\/index.php\/wp-json\/wp\/v2\/media?parent=584"}],"wp:term":[{"taxonomy":"product_brand","embeddable":true,"href":"https:\/\/bpont.hu\/shop\/index.php\/wp-json\/wp\/v2\/product_brand?post=584"},{"taxonomy":"product_cat","embeddable":true,"href":"https:\/\/bpont.hu\/shop\/index.php\/wp-json\/wp\/v2\/product_cat?post=584"},{"taxonomy":"product_tag","embeddable":true,"href":"https:\/\/bpont.hu\/shop\/index.php\/wp-json\/wp\/v2\/product_tag?post=584"}],"curies":[{"name":"wp","href":"https:\/\/api.w.org\/{rel}","templated":true}]}}